{"id":9981,"date":"2023-03-07T15:34:46","date_gmt":"2023-03-07T20:34:46","guid":{"rendered":"https:\/\/dbv-technologies.com\/investor-overview\/evenements\/annual-general-meetings\/"},"modified":"2023-09-12T12:35:52","modified_gmt":"2023-09-12T16:35:52","slug":"assemblees-generales-annuelles","status":"publish","type":"page","link":"https:\/\/dbv-technologies.com\/fr\/investor-overview\/evenements\/assemblees-generales-annuelles\/","title":{"rendered":"Assembl\u00e9es g\u00e9n\u00e9rales annuelles"},"content":{"rendered":"\t\t<div data-elementor-type=\"wp-page\" data-elementor-id=\"9981\" class=\"elementor elementor-9981 elementor-2534\" data-elementor-post-type=\"page\">\n\t\t\t\t<div class=\"elementor-element elementor-element-93ba4cc page-hero e-flex e-con-boxed e-con e-parent\" data-id=\"93ba4cc\" data-element_type=\"container\" data-e-type=\"container\" data-settings=\"{&quot;background_background&quot;:&quot;classic&quot;}\">\n\t\t\t\t\t<div class=\"e-con-inner\">\n\t\t\t\t<div class=\"elementor-element elementor-element-60e56f1 page-title elementor-widget elementor-widget-heading\" data-id=\"60e56f1\" data-element_type=\"widget\" data-e-type=\"widget\" data-widget_type=\"heading.default\">\n\t\t\t\t<div class=\"elementor-widget-container\">\n\t\t\t\t\t<h1 class=\"elementor-heading-title elementor-size-default\">Assembl\u00e9es g\u00e9n\u00e9rales annuelles<\/h1>\t\t\t\t<\/div>\n\t\t\t\t<\/div>\n\t\t\t\t\t<\/div>\n\t\t\t\t<\/div>\n\t\t<div class=\"elementor-element elementor-element-5b7d910 e-flex e-con-boxed e-con e-parent\" data-id=\"5b7d910\" data-element_type=\"container\" data-e-type=\"container\">\n\t\t\t\t\t<div class=\"e-con-inner\">\n\t\t\t\t<div class=\"elementor-element elementor-element-15106ce elementor-widget__width-inherit elementor-widget elementor-widget-loop-carousel\" data-id=\"15106ce\" data-element_type=\"widget\" data-e-type=\"widget\" data-settings=\"{&quot;template_id&quot;:11373,&quot;image_spacing_custom&quot;:{&quot;unit&quot;:&quot;px&quot;,&quot;size&quot;:0,&quot;sizes&quot;:[]},&quot;_skin&quot;:&quot;post&quot;,&quot;edit_handle_selector&quot;:&quot;.elementor-loop-container&quot;,&quot;speed&quot;:500,&quot;image_spacing_custom_tablet&quot;:{&quot;unit&quot;:&quot;px&quot;,&quot;size&quot;:&quot;&quot;,&quot;sizes&quot;:[]},&quot;image_spacing_custom_mobile&quot;:{&quot;unit&quot;:&quot;px&quot;,&quot;size&quot;:&quot;&quot;,&quot;sizes&quot;:[]}}\" data-widget_type=\"loop-carousel.post\">\n\t\t\t\t<div class=\"elementor-widget-container\">\n\t\t\t\t\t\t\t<div class=\"swiper elementor-loop-container elementor-grid\" role=\"list\" dir=\"ltr\">\n\t\t\t\t<div class=\"swiper-wrapper\" aria-live=\"polite\">\n\t\t<style id=\"loop-11373\">.elementor-11373 .elementor-element.elementor-element-e20bf3c{--display:flex;--gap:0px 0px;--row-gap:0px;--column-gap:0px;border-style:solid;--border-style:solid;border-width:1px 1px 1px 1px;--border-top-width:1px;--border-right-width:1px;--border-bottom-width:1px;--border-left-width:1px;border-color:var( --e-global-color-76440d4 );--border-color:var( --e-global-color-76440d4 );}.elementor-11373 .elementor-element.elementor-element-2dcef51{text-align:center;}.elementor-11373 .elementor-element.elementor-element-2dcef51 .elementor-heading-title{color:var( --e-global-color-astglobalcolor3 );}.elementor-11373 .elementor-element.elementor-element-2dcef51 > .elementor-widget-container{margin:0px 0px 16px 0px;}.elementor-11373 .elementor-element.elementor-element-ca4ea85{text-align:center;}.elementor-11373 .elementor-element.elementor-element-ca4ea85 > .elementor-widget-container{margin:0px 0px 0px 0px;}.elementor-11373 .elementor-element.elementor-element-02d3071{--display:flex;--flex-direction:row;--container-widget-width:calc( ( 1 - var( --container-widget-flex-grow ) ) * 100% );--container-widget-height:100%;--container-widget-flex-grow:1;--container-widget-align-self:stretch;--flex-wrap-mobile:wrap;--justify-content:center;--align-items:center;--gap:0.4rem 0.4rem;--row-gap:0.4rem;--column-gap:0.4rem;--flex-wrap:nowrap;--padding-top:0px;--padding-bottom:0px;--padding-left:0px;--padding-right:0px;}.elementor-11373 .elementor-element.elementor-element-8162d15{text-align:center;width:auto;max-width:auto;}.elementor-11373 .elementor-element.elementor-element-8162d15.elementor-element{--align-self:center;}.elementor-11373 .elementor-element.elementor-element-053041b{text-align:center;width:auto;max-width:auto;}.elementor-11373 .elementor-element.elementor-element-053041b.elementor-element{--align-self:center;}.elementor-11373 .elementor-element.elementor-element-da39c39{text-align:center;}@media(min-width:768px){.elementor-11373 .elementor-element.elementor-element-e20bf3c{--width:100%;}}<\/style>\t\t<div data-elementor-type=\"loop-item\" data-elementor-id=\"11373\" class=\"elementor elementor-11373 swiper-slide e-loop-item e-loop-item-23206 post-23206 events type-events status-publish hentry event_type-agm event_status-upcoming\" data-elementor-post-type=\"elementor_library\" role=\"group\" aria-roledescription=\"slide\" data-custom-edit-handle=\"1\">\n\t\t\t<div class=\"elementor-element elementor-element-e20bf3c e-con-full lsc-sf-item e-flex e-con e-parent\" data-id=\"e20bf3c\" data-element_type=\"container\" data-e-type=\"container\">\n\t\t\t\t<div class=\"elementor-element elementor-element-2dcef51 lsc-sf-title elementor-widget elementor-widget-theme-post-title elementor-page-title elementor-widget-heading\" data-id=\"2dcef51\" data-element_type=\"widget\" data-e-type=\"widget\" data-widget_type=\"theme-post-title.default\">\n\t\t\t\t<div class=\"elementor-widget-container\">\n\t\t\t\t\t<div class=\"elementor-heading-title elementor-size-default\"><a href=\"https:\/\/dbv-technologies.com\/fr\/events\/assemblee-generale-mixte-2026\/\">Assembl\u00e9e G\u00e9n\u00e9rale Mixte 2026<\/a><\/div>\t\t\t\t<\/div>\n\t\t\t\t<\/div>\n\t\t\t\t<div class=\"elementor-element elementor-element-ca4ea85 no-bot-margin elementor-widget elementor-widget-text-editor\" data-id=\"ca4ea85\" data-element_type=\"widget\" data-e-type=\"widget\" data-widget_type=\"text-editor.default\">\n\t\t\t\t<div class=\"elementor-widget-container\">\n\t\t\t\t\t\t\t\t\t06\/03\/2026\t\t\t\t\t\t\t\t<\/div>\n\t\t\t\t<\/div>\n\t\t<div class=\"elementor-element elementor-element-02d3071 e-flex e-con-boxed e-con e-child\" data-id=\"02d3071\" data-element_type=\"container\" data-e-type=\"container\">\n\t\t\t\t\t<div class=\"e-con-inner\">\n\t\t\t\t<div class=\"elementor-element elementor-element-8162d15 elementor-widget__width-auto elementor-widget elementor-widget-text-editor\" data-id=\"8162d15\" data-element_type=\"widget\" data-e-type=\"widget\" data-widget_type=\"text-editor.default\">\n\t\t\t\t<div class=\"elementor-widget-container\">\n\t\t\t\t\t\t\t\t\t10:00 am\t\t\t\t\t\t\t\t<\/div>\n\t\t\t\t<\/div>\n\t\t\t\t<div class=\"elementor-element elementor-element-053041b elementor-widget__width-auto elementor-widget elementor-widget-text-editor\" data-id=\"053041b\" data-element_type=\"widget\" data-e-type=\"widget\" data-widget_type=\"text-editor.default\">\n\t\t\t\t<div class=\"elementor-widget-container\">\n\t\t\t\t\t\t\t\t\tCEST\t\t\t\t\t\t\t\t<\/div>\n\t\t\t\t<\/div>\n\t\t\t\t\t<\/div>\n\t\t\t\t<\/div>\n\t\t\t\t<\/div>\n\t\t\t\t<\/div>\n\t\t\t\t<\/div>\n\t\t<\/div>\n\t\t\t\t\t\t<\/div>\n\t\t\t\t<\/div>\n\t\t\t\t<div class=\"elementor-element elementor-element-7c7f7c8 elementor-widget__width-initial elementor-widget elementor-widget-heading\" data-id=\"7c7f7c8\" data-element_type=\"widget\" data-e-type=\"widget\" data-widget_type=\"heading.default\">\n\t\t\t\t<div class=\"elementor-widget-container\">\n\t\t\t\t\t<h2 class=\"elementor-heading-title elementor-size-default\">Assembl\u00e9es pass\u00e9es<\/h2>\t\t\t\t<\/div>\n\t\t\t\t<\/div>\n\t\t\t\t<div class=\"elementor-element elementor-element-ee373f2 elementor-widget__width-inherit elementor-widget elementor-widget-shortcode\" data-id=\"ee373f2\" data-element_type=\"widget\" data-e-type=\"widget\" data-widget_type=\"shortcode.default\">\n\t\t\t\t<div class=\"elementor-widget-container\">\n\t\t\t\t\t\t\t<div class=\"elementor-shortcode\"> <div class=\"search-filter-results\" id=\"search-filter-results-10066\"> <!-- <div class=\"pagination\">\n\t   <div class=\"num-posts\">\n\t\t \tFound 12 Results<br \/>\n\t   <\/div> \n\t\t<br \/><div class='wp-pagenavi' role='navigation'>\n<span class='pages'>Page 1 sur 2<\/span><span aria-current='page' class='current'>1<\/span><a class=\"page larger\" title=\"Page 2\" href=\"https:\/\/dbv-technologies.com\/investor-overview\/events\/annual-general-meeting\/?sf_paged=2\">2<\/a><a class=\"nextpostslink\" rel=\"next\" aria-label=\"Page suivante\" href=\"https:\/\/dbv-technologies.com\/investor-overview\/events\/annual-general-meeting\/?sf_paged=2\">\u00bb<\/a>\n<\/div>\t<\/div> < !-- pagination close -->\n\n\t<div class='lsc-sf-container'>\n\t\t\t\t<div class='lsc-sf-item'>\n\t\t\t\t<div class=\"lsc-sf-date\">06\/11\/2025<\/div>\n\t\t\t\t<div class=\"lsc-sf-title\"><a href=\"https:\/\/dbv-technologies.com\/fr\/events\/assemblee-generale-mixte-2025\/\" target=\"_self\" class=\"lsc-sf-link\">Assembl\u00e9e G\u00e9n\u00e9rale Mixte 2025<\/a><\/div>\n\t\t\t\t\t\t\t\t\t<div class=\"lsc-sf-excerpt\"><p>La r\u00e9union sera diffus\u00e9e en direct.<\/p><\/div>\n\t\t\t\t\t\t\t<\/div>\t\t\t\n\t\t\t\t\t<div class='lsc-sf-item'>\n\t\t\t\t<div class=\"lsc-sf-date\">05\/16\/2024<\/div>\n\t\t\t\t<div class=\"lsc-sf-title\"><a href=\"https:\/\/dbv-technologies.com\/fr\/events\/assemblee-generale-mixte-2024\/\" target=\"_self\" class=\"lsc-sf-link\">Assembl\u00e9e G\u00e9n\u00e9rale Mixte 2024<\/a><\/div>\n\t\t\t\t\t\t\t\t\t<div class=\"lsc-sf-excerpt\"><p>La r\u00e9union a \u00e9t\u00e9 diffus\u00e9e en direct sur le web.<\/p><\/div>\n\t\t\t\t\t\t\t<\/div>\t\t\t\n\t\t\t\t\t<div class='lsc-sf-item'>\n\t\t\t\t<div class=\"lsc-sf-date\">04\/12\/2023<\/div>\n\t\t\t\t<div class=\"lsc-sf-title\"><a href=\"https:\/\/dbv-technologies.com\/fr\/events\/2023-annual-general-meeting\/\" target=\"_self\" class=\"lsc-sf-link\">Assembl\u00e9e G\u00e9n\u00e9rale Mixte 2023<\/a><\/div>\n\t\t\t\t\t\t\t\t\t<div class=\"lsc-sf-excerpt\"><p>La r\u00e9union a \u00e9t\u00e9 diffus\u00e9e en direct sur le web.<\/p><\/div>\n\t\t\t\t\t\t\t<\/div>\t\t\t\n\t\t\t\t\t<div class='lsc-sf-item'>\n\t\t\t\t<div class=\"lsc-sf-date\">05\/12\/2022<\/div>\n\t\t\t\t<div class=\"lsc-sf-title\"><a href=\"https:\/\/dbv-technologies.com\/fr\/events\/2022-annual-general-meeting\/\" target=\"_self\" class=\"lsc-sf-link\">Assembl\u00e9e G\u00e9n\u00e9rale Mixte 2022<\/a><\/div>\n\t\t\t\t\t\t\t\t\t<div class=\"lsc-sf-excerpt\"><p>La r\u00e9union a \u00e9t\u00e9 diffus\u00e9e en direct sur le web.<\/p><\/div>\n\t\t\t\t\t\t\t<\/div>\t\t\t\n\t\t\t\t\t<div class='lsc-sf-item'>\n\t\t\t\t<div class=\"lsc-sf-date\">05\/19\/2021<\/div>\n\t\t\t\t<div class=\"lsc-sf-title\"><a href=\"https:\/\/dbv-technologies.com\/fr\/events\/2021-annual-general-meeting\/\" target=\"_self\" class=\"lsc-sf-link\">Assembl\u00e9e G\u00e9n\u00e9rale Mixte 2021<\/a><\/div>\n\t\t\t\t\t\t\t<\/div>\t\t\t\n\t\t\t\t\t<div class='lsc-sf-item'>\n\t\t\t\t<div class=\"lsc-sf-date\">04\/20\/2020<\/div>\n\t\t\t\t<div class=\"lsc-sf-title\"><a href=\"https:\/\/dbv-technologies.com\/fr\/events\/assemblee-generale-mixte-2020\/\" target=\"_self\" class=\"lsc-sf-link\">Assembl\u00e9e G\u00e9n\u00e9rale Mixte 2020<\/a><\/div>\n\t\t\t\t\t\t\t\t\t<div class=\"lsc-sf-excerpt\"><p>La r\u00e9union a \u00e9t\u00e9 diffus\u00e9e en direct sur le web.<\/p><\/div>\n\t\t\t\t\t\t\t<\/div>\t\t\t\n\t\t\t\t\t<div class='lsc-sf-item'>\n\t\t\t\t<div class=\"lsc-sf-date\">05\/24\/2019<\/div>\n\t\t\t\t<div class=\"lsc-sf-title\"><a href=\"https:\/\/dbv-technologies.com\/fr\/events\/2019-annual-general-meeting\/\" target=\"_self\" class=\"lsc-sf-link\">Assembl\u00e9e G\u00e9n\u00e9rale Mixte 2019<\/a><\/div>\n\t\t\t\t\t\t\t\t\t<div class=\"lsc-sf-excerpt\"><p>La r\u00e9union a \u00e9t\u00e9 diffus\u00e9e en direct sur le web.<\/p><\/div>\n\t\t\t\t\t\t\t<\/div>\t\t\t\n\t\t\t\t\t<div class='lsc-sf-item'>\n\t\t\t\t<div class=\"lsc-sf-date\">06\/22\/2018<\/div>\n\t\t\t\t<div class=\"lsc-sf-title\"><a href=\"https:\/\/dbv-technologies.com\/fr\/events\/2018-annual-general-meeting\/\" target=\"_self\" class=\"lsc-sf-link\">Assembl\u00e9e G\u00e9n\u00e9rale Mixte 2018<\/a><\/div>\n\t\t\t\t\t\t\t<\/div>\t\t\t\n\t\t\t\t\t<div class='lsc-sf-item'>\n\t\t\t\t<div class=\"lsc-sf-date\">06\/15\/2017<\/div>\n\t\t\t\t<div class=\"lsc-sf-title\"><a href=\"https:\/\/dbv-technologies.com\/fr\/events\/shareholders-annual-general-meeting\/\" target=\"_self\" class=\"lsc-sf-link\">Assembl\u00e9e G\u00e9n\u00e9rale Mixte 2017<\/a><\/div>\n\t\t\t\t\t\t\t<\/div>\t\t\t\n\t\t\t\t\t<div class='lsc-sf-item'>\n\t\t\t\t<div class=\"lsc-sf-date\">06\/21\/2016<\/div>\n\t\t\t\t<div class=\"lsc-sf-title\"><a href=\"https:\/\/dbv-technologies.com\/fr\/events\/2016-annual-general-meeting\/\" target=\"_self\" class=\"lsc-sf-link\">Assembl\u00e9e G\u00e9n\u00e9rale Mixte 2016<\/a><\/div>\n\t\t\t\t\t\t\t<\/div>\t\t\t\n\t\t        <\/div><!-- lsc sf container close -->\n       <!-- \n\t   <div class=\"pagination\">\n\t\t<br \/><div class='wp-pagenavi' role='navigation'>\n<span class='pages'>Page 1 sur 2<\/span><span aria-current='page' class='current'>1<\/span><a class=\"page larger\" title=\"Page 2\" href=\"https:\/\/dbv-technologies.com\/investor-overview\/events\/annual-general-meeting\/?sf_paged=2\">2<\/a><a class=\"nextpostslink\" rel=\"next\" aria-label=\"Page suivante\" href=\"https:\/\/dbv-technologies.com\/investor-overview\/events\/annual-general-meeting\/?sf_paged=2\">\u00bb<\/a>\n<\/div>\t    <\/div>< !-- pagination close -->\n        <\/div><\/div>\n\t\t\t\t\t\t<\/div>\n\t\t\t\t<\/div>\n\t\t\t\t\t<\/div>\n\t\t\t\t<\/div>\n\t\t<div class=\"elementor-element elementor-element-02be0af e-con-full e-flex e-con e-parent\" data-id=\"02be0af\" data-element_type=\"container\" data-e-type=\"container\">\n\t\t\t\t<div class=\"elementor-element elementor-element-73e6eec elementor-widget elementor-widget-shortcode\" data-id=\"73e6eec\" data-element_type=\"widget\" data-e-type=\"widget\" data-widget_type=\"shortcode.default\">\n\t\t\t\t<div class=\"elementor-widget-container\">\n\t\t\t\t\t\t\t<div class=\"elementor-shortcode\">\t\t\t\t\t<div class=\"astra-advanced-hook-8569 \">\n\t\t\t\t\t\t<div data-elementor-type=\"wp-post\" data-elementor-id=\"8569\" class=\"elementor elementor-8569 elementor-8506 elementor-8506\" data-elementor-post-type=\"astra-advanced-hook\">\n\t\t\t\t<div class=\"elementor-element elementor-element-ad84e2f lsc-ir-footer e-flex e-con-boxed e-con e-parent\" data-id=\"ad84e2f\" data-element_type=\"container\" data-e-type=\"container\">\n\t\t\t\t\t<div class=\"e-con-inner\">\n\t\t<div class=\"elementor-element elementor-element-40f79bf e-con-full e-flex e-con e-child\" data-id=\"40f79bf\" data-element_type=\"container\" data-e-type=\"container\">\n\t\t\t\t<div class=\"elementor-element elementor-element-7a29bd2 elementor-widget elementor-widget-heading\" data-id=\"7a29bd2\" data-element_type=\"widget\" data-e-type=\"widget\" data-widget_type=\"heading.default\">\n\t\t\t\t<div class=\"elementor-widget-container\">\n\t\t\t\t\t<div class=\"elementor-heading-title elementor-size-default\">Contact Relations Investisseurs<\/div>\t\t\t\t<\/div>\n\t\t\t\t<\/div>\n\t\t\t\t<div class=\"elementor-element elementor-element-1d06384 elementor-widget elementor-widget-text-editor\" data-id=\"1d06384\" data-element_type=\"widget\" data-e-type=\"widget\" data-widget_type=\"text-editor.default\">\n\t\t\t\t<div class=\"elementor-widget-container\">\n\t\t\t\t\t\t\t\t\t<div><span style=\"text-align: var(--text-align); background-color: var(--ast-global-color-7); color: var(--ast-global-color-1); font-size: 1rem; font-weight: inherit;\">Jonathan Neely<\/span><\/div><div><a style=\"text-align: var(--text-align); font-size: 1rem; font-weight: inherit;\" href=\"tel:+188483884584\">+1 848-388-4584<\/a><\/div><p><a class=\"ql-link\" href=\"mailto:jonathan.neely@dbv-technologies.com\" target=\"_blank\" rel=\"noopener noreferrer\">jonathan.neely@dbv-technologies.com<\/a><\/p>\t\t\t\t\t\t\t\t<\/div>\n\t\t\t\t<\/div>\n\t\t\t\t<\/div>\n\t\t<div class=\"elementor-element elementor-element-19b0bcf e-con-full e-flex e-con e-child\" data-id=\"19b0bcf\" data-element_type=\"container\" data-e-type=\"container\">\n\t\t\t\t<div class=\"elementor-element elementor-element-bdd3e37 elementor-widget elementor-widget-heading\" data-id=\"bdd3e37\" data-element_type=\"widget\" data-e-type=\"widget\" data-widget_type=\"heading.default\">\n\t\t\t\t<div class=\"elementor-widget-container\">\n\t\t\t\t\t<div class=\"elementor-heading-title elementor-size-default\">Contact M\u00e9dia<\/div>\t\t\t\t<\/div>\n\t\t\t\t<\/div>\n\t\t\t\t<div class=\"elementor-element elementor-element-b3f43a2 elementor-widget elementor-widget-text-editor\" data-id=\"b3f43a2\" data-element_type=\"widget\" data-e-type=\"widget\" data-widget_type=\"text-editor.default\">\n\t\t\t\t<div class=\"elementor-widget-container\">\n\t\t\t\t\t\t\t\t\t<div>Brett Whelan<\/div>\n<div><a href=\"tel:+18483507622\">+1 848-350-7622<\/a><\/div>\n<a href=\"mailto:brett.whelan@dbv-technologies.com\"> brett.whelan@dbv-technologies.com<\/a>\t\t\t\t\t\t\t\t<\/div>\n\t\t\t\t<\/div>\n\t\t\t\t<\/div>\n\t\t<div class=\"elementor-element elementor-element-375b7ca e-con-full e-flex e-con e-child\" data-id=\"375b7ca\" data-element_type=\"container\" data-e-type=\"container\">\n\t\t\t\t<div class=\"elementor-element elementor-element-83036cc elementor-widget elementor-widget-heading\" data-id=\"83036cc\" data-element_type=\"widget\" data-e-type=\"widget\" data-widget_type=\"heading.default\">\n\t\t\t\t<div class=\"elementor-widget-container\">\n\t\t\t\t\t<div class=\"elementor-heading-title elementor-size-default\">Abonnez-vous \u00e0 nos communiqu\u00e9s de presse<\/div>\t\t\t\t<\/div>\n\t\t\t\t<\/div>\n\t\t\t\t<div class=\"elementor-element elementor-element-a917a83 elementor-widget elementor-widget-button\" data-id=\"a917a83\" data-element_type=\"widget\" data-e-type=\"widget\" data-widget_type=\"button.default\">\n\t\t\t\t<div class=\"elementor-widget-container\">\n\t\t\t\t\t\t\t\t\t<div class=\"elementor-button-wrapper\">\n\t\t\t\t\t<a class=\"elementor-button elementor-button-link elementor-size-sm\" href=\"https:\/\/urldefense.proofpoint.com\/v2\/url?u=https-3A__cs.globenewswire.com_NewsArchive_View_xaxAuqIUMV8muu8Ty2HdrQ-3D-3D-3FiFrame-3Dtrue&#038;d=DwIGaQ&#038;c=Ftw_YSVcGmqQBvrGwAZugGylNRkk-uER0-5bY94tjsc&#038;r=_9cSzB2TBf9qt-S-8PrG-mgLrO6gVdpV0WpHoyyVp4U&#038;m=pjl8HpOvZ8cy4Zwgm6TEUlIflf0p7Mie5_ufyxQWWso&#038;s=98JUhMqAJpgaEh3l3-Hu-VGS01DmA43eFQQf5AaEHHo&#038;e=\">\n\t\t\t\t\t\t<span class=\"elementor-button-content-wrapper\">\n\t\t\t\t\t\t\t\t\t<span class=\"elementor-button-text\">S\u2019inscrire<\/span>\n\t\t\t\t\t<\/span>\n\t\t\t\t\t<\/a>\n\t\t\t\t<\/div>\n\t\t\t\t\t\t\t\t<\/div>\n\t\t\t\t<\/div>\n\t\t\t\t<\/div>\n\t\t\t\t\t<\/div>\n\t\t\t\t<\/div>\n\t\t\t\t<\/div>\n\t\t\t\t\t\t\t<\/div>\n\t\t\t\t<\/div>\n\t\t\t\t\t\t<\/div>\n\t\t\t\t<\/div>\n\t\t\t\t<\/div>\n\t\t\t\t<\/div>\n\t\t","protected":false},"excerpt":{"rendered":"<p>Assembl\u00e9es pass\u00e9es<\/p>\n","protected":false},"author":2,"featured_media":0,"parent":9278,"menu_order":0,"comment_status":"closed","ping_status":"closed","template":"","meta":{"_acf_changed":false,"site-sidebar-layout":"no-sidebar","site-content-layout":"page-builder","ast-site-content-layout":"default","site-content-style":"default","site-sidebar-style":"default","ast-global-header-display":"","ast-banner-title-visibility":"","ast-main-header-display":"","ast-hfb-above-header-display":"","ast-hfb-below-header-display":"","ast-hfb-mobile-header-display":"","site-post-title":"disabled","ast-breadcrumbs-content":"","ast-featured-img":"disabled","footer-sml-layout":"","ast-disable-related-posts":"","theme-transparent-header-meta":"","adv-header-id-meta":"","stick-header-meta":"","header-above-stick-meta":"","header-main-stick-meta":"","header-below-stick-meta":"","astra-migrate-meta-layouts":"default","ast-page-background-enabled":"default","ast-page-background-meta":{"desktop":{"background-color":"var(--ast-global-color-4)","background-image":"","background-repeat":"repeat","background-position":"center center","background-size":"auto","background-attachment":"scroll","background-type":"","background-media":"","overlay-type":"","overlay-color":"","overlay-opacity":"","overlay-gradient":""},"tablet":{"background-color":"","background-image":"","background-repeat":"repeat","background-position":"center center","background-size":"auto","background-attachment":"scroll","background-type":"","background-media":"","overlay-type":"","overlay-color":"","overlay-opacity":"","overlay-gradient":""},"mobile":{"background-color":"","background-image":"","background-repeat":"repeat","background-position":"center center","background-size":"auto","background-attachment":"scroll","background-type":"","background-media":"","overlay-type":"","overlay-color":"","overlay-opacity":"","overlay-gradient":""}},"ast-content-background-meta":{"desktop":{"background-color":"var(--ast-global-color-5)","background-image":"","background-repeat":"repeat","background-position":"center center","background-size":"auto","background-attachment":"scroll","background-type":"","background-media":"","overlay-type":"","overlay-color":"","overlay-opacity":"","overlay-gradient":""},"tablet":{"background-color":"var(--ast-global-color-5)","background-image":"","background-repeat":"repeat","background-position":"center center","background-size":"auto","background-attachment":"scroll","background-type":"","background-media":"","overlay-type":"","overlay-color":"","overlay-opacity":"","overlay-gradient":""},"mobile":{"background-color":"var(--ast-global-color-5)","background-image":"","background-repeat":"repeat","background-position":"center center","background-size":"auto","background-attachment":"scroll","background-type":"","background-media":"","overlay-type":"","overlay-color":"","overlay-opacity":"","overlay-gradient":""}},"footnotes":""},"class_list":["post-9981","page","type-page","status-publish","hentry"],"acf":[],"_links":{"self":[{"href":"https:\/\/dbv-technologies.com\/fr\/wp-json\/wp\/v2\/pages\/9981","targetHints":{"allow":["GET"]}}],"collection":[{"href":"https:\/\/dbv-technologies.com\/fr\/wp-json\/wp\/v2\/pages"}],"about":[{"href":"https:\/\/dbv-technologies.com\/fr\/wp-json\/wp\/v2\/types\/page"}],"author":[{"embeddable":true,"href":"https:\/\/dbv-technologies.com\/fr\/wp-json\/wp\/v2\/users\/2"}],"replies":[{"embeddable":true,"href":"https:\/\/dbv-technologies.com\/fr\/wp-json\/wp\/v2\/comments?post=9981"}],"version-history":[{"count":0,"href":"https:\/\/dbv-technologies.com\/fr\/wp-json\/wp\/v2\/pages\/9981\/revisions"}],"up":[{"embeddable":true,"href":"https:\/\/dbv-technologies.com\/fr\/wp-json\/wp\/v2\/pages\/9278"}],"wp:attachment":[{"href":"https:\/\/dbv-technologies.com\/fr\/wp-json\/wp\/v2\/media?parent=9981"}],"curies":[{"name":"wp","href":"https:\/\/api.w.org\/{rel}","templated":true}]}}