{"id":9370,"date":"2023-03-17T07:03:14","date_gmt":"2023-03-17T11:03:14","guid":{"rendered":"https:\/\/dbv-technologies.com\/conditions-generales-dutilisation\/"},"modified":"2023-03-20T22:28:10","modified_gmt":"2023-03-21T02:28:10","slug":"conditions-generales-dutilisation","status":"publish","type":"page","link":"https:\/\/dbv-technologies.com\/fr\/conditions-generales-dutilisation\/","title":{"rendered":"Conditions G\u00e9n\u00e9rales D\u2019utilisation"},"content":{"rendered":"\t\t<div data-elementor-type=\"wp-page\" data-elementor-id=\"9370\" class=\"elementor elementor-9370 elementor-8710\" data-elementor-post-type=\"page\">\n\t\t\t\t<div class=\"elementor-element elementor-element-58419bd page-hero e-flex e-con-boxed e-con e-parent\" data-id=\"58419bd\" data-element_type=\"container\" data-e-type=\"container\" data-settings=\"{&quot;background_background&quot;:&quot;classic&quot;}\">\n\t\t\t\t\t<div class=\"e-con-inner\">\n\t\t\t\t<div class=\"elementor-element elementor-element-7314c25 page-title elementor-widget elementor-widget-heading\" data-id=\"7314c25\" data-element_type=\"widget\" data-e-type=\"widget\" data-widget_type=\"heading.default\">\n\t\t\t\t<div class=\"elementor-widget-container\">\n\t\t\t\t\t<h1 class=\"elementor-heading-title elementor-size-default\">Conditions G\u00e9n\u00e9rales D\u2019utilisation<\/h1>\t\t\t\t<\/div>\n\t\t\t\t<\/div>\n\t\t\t\t<div class=\"elementor-element elementor-element-543cbad elementor-widget elementor-widget-heading\" data-id=\"543cbad\" data-element_type=\"widget\" data-e-type=\"widget\" data-widget_type=\"heading.default\">\n\t\t\t\t<div class=\"elementor-widget-container\">\n\t\t\t\t\t<h2 class=\"elementor-heading-title elementor-size-default\">Derni\u00e8re mise \u00e0 jour : novembre 2021<\/h2>\t\t\t\t<\/div>\n\t\t\t\t<\/div>\n\t\t\t\t\t<\/div>\n\t\t\t\t<\/div>\n\t\t<div class=\"elementor-element elementor-element-00d6a39 e-flex e-con-boxed e-con e-parent\" data-id=\"00d6a39\" data-element_type=\"container\" data-e-type=\"container\">\n\t\t\t\t\t<div class=\"e-con-inner\">\n\t\t\t\t<div class=\"elementor-element elementor-element-569ad4d elementor-widget elementor-widget-text-editor\" data-id=\"569ad4d\" data-element_type=\"widget\" data-e-type=\"widget\" data-widget_type=\"text-editor.default\">\n\t\t\t\t<div class=\"elementor-widget-container\">\n\t\t\t\t\t\t\t\t\t<h3>1.\u00a0<b>OBJET<\/b><\/h3><div id=\"text-block-6\" class=\"mk-text-block   \"><p>Le site internet\u00a0<a href=\"https:\/\/www.dbv-technologies.com\/\">www.dbv-technologies.com<\/a>\u00a0(ci-apr\u00e8s le \u00ab\u00a0<b>Site<\/b>\u00a0\u00bb), \u00e9dit\u00e9 par la soci\u00e9t\u00e9 DBV Technologies (ci-apr\u00e8s \u00ab\u00a0<b>DBV Technologies<\/b>\u00a0\u00bb) est le site institutionnel de DBV Technologies pr\u00e9sentant notamment ses produits<\/p><p>L\u2019acc\u00e8s, la consultation, la navigation et l\u2019utilisation du Site vaut acceptation pleine et enti\u00e8re des pr\u00e9sentes conditions g\u00e9n\u00e9rales d\u2019utilisation (ci-apr\u00e8s \u00ab\u00a0<b>CGU<\/b>\u00a0\u00bb) qui ont pour objet de d\u00e9finir les modalit\u00e9s d\u2019utilisation du Site par toute personne acc\u00e9dant, consultant, naviguant et utilisant tout ou partie du Site (ci-apr\u00e8s \u00ab\u00a0<b>Utilisateur<\/b>\u00a0\u00bb).\u00a0<\/p><p>En cons\u00e9quence, avant toute utilisation du Site, l\u2019Utilisateur est invit\u00e9 \u00e0 prendre connaissance des pr\u00e9sentes CGU. Si l\u2019Utilisateur refuse tout ou partie de l\u2019une quelconque des stipulations des pr\u00e9sentes CGU, il est pri\u00e9 de ne pas utiliser le Site, ni les services qui y sont propos\u00e9s.<\/p><p>Les pr\u00e9sentes CGU sont accessibles \u00e0 tout moment sur le Site et pr\u00e9vaudront, le cas \u00e9ch\u00e9ant, sur toute autre version ou tout autre document contradictoire.<\/p><p>Au besoin,\u00a0<b>vous pouvez poser toutes vos questions directement \u00e0 DBV Technologies\u00a0<\/b>en envoyant un email \u00e0 l\u2019adresse suivante\u00a0:\u00a0<a href=\"mailto:info@dbv-technologies.com\">info@dbv-technologies.com<\/a>.<\/p><div class=\"clearboth\">\u00a0<\/div><\/div><h3><b>2.\u00a0DROITS DE PROPRI\u00c9T\u00c9 INTELLECTUELLE<\/b><\/h3><div class=\"clearboth\">\u00a0<\/div><div id=\"text-block-8\" class=\"mk-text-block   \"><p>Le Site et tous les \u00e9l\u00e9ments qui les composent ou qui sont mis \u00e0 disposition des Utilisateurs, notamment les marques, logos, photographies, programmes, codes sources, donn\u00e9es, base de donn\u00e9es, images anim\u00e9es ou non, sons, dessins, graphismes, vid\u00e9os ou textes, ressources t\u00e9l\u00e9chargeables sur le Site, agencement, apparence, structure, ainsi que tout autre \u00e9l\u00e9ment non li\u00e9 \u00e0 des liens vers des sites tiers, sont la propri\u00e9t\u00e9 de DBV Technologies ou font l\u2019objet d\u2019une licence accord\u00e9e \u00e0 son profit par tout titulaire des droits de propri\u00e9t\u00e9 intellectuelle.\u00a0<\/p><p>Tous ces \u00e9l\u00e9ments sont soumis aux dispositions de la r\u00e9glementation fran\u00e7aise et internationale applicable en mati\u00e8re de propri\u00e9t\u00e9 intellectuelle et, par cons\u00e9quent, sont prot\u00e9g\u00e9s contre toute utilisation non autoris\u00e9e par la loi ou les pr\u00e9sentes CGU sous peine \u2013 en cas de manquement \u2013 de poursuites judiciaires.\u00a0<\/p><p>DBV Technologies accorde \u00e0 l\u2019Utilisateur \u00e0 titre personnel, non-exclusif et gratuit un droit de consultation et d\u2019utilisation du Site pour son usage propre et dans le strict cadre des op\u00e9rations autoris\u00e9es aux termes des pr\u00e9sentes CGU.\u00a0<\/p><p>Sous r\u00e9serve de ces droits d\u2019utilisation consentis \u00e0 l\u2019Utilisateur par DBV Technologies, l\u2019utilisation du Site n\u2019emporte aucune licence, ni aucune cession des droits aff\u00e9rents aux \u00e9l\u00e9ments du Site au profit de l\u2019Utilisateur. En particulier, toute copie, reproduction, repr\u00e9sentation, adaptation, modification, diffusion int\u00e9grale ou partielle du Site ainsi que tout ou partie de son contenu, par quelque proc\u00e9d\u00e9 que ce soit et sur quelque support que ce soit est illicite, sauf autorisation pr\u00e9alable, expresse et \u00e9crite de DBV Technologies ou du titulaire des droits de propri\u00e9t\u00e9 intellectuelle.<\/p><p>Le non-respect de ces stipulations, notamment \u00e0 des fins d\u2019exploitation commerciale, pourra faire l\u2019objet de poursuites sur la base d\u2019une action en contrefa\u00e7on et\/ou d\u2019une action en concurrence d\u00e9loyale et\/ou parasitisme de la part des titulaires des droits en cause. Ceci est sans pr\u00e9judice des autres droits de DBV Technologies, notamment celui d\u2019obtenir r\u00e9paration des pr\u00e9judices subis.<\/p><div class=\"clearboth\">\u00a0<\/div><\/div><h3><b>3.\u00a0ACC\u00c8S AU SITE ET AUX SERVICES<\/b><\/h3><div class=\"clearboth\">\u00a0<\/div><div id=\"text-block-10\" class=\"mk-text-block   \"><p>L\u2019acc\u00e8s au Site est techniquement possible vingt-quatre (24) heures sur vingt-quatre (24) et sept (7) jours sur sept (7), sous r\u00e9serve de la survenance d\u2019un cas de force majeure, des pannes \u00e9ventuelles ou de toute op\u00e9ration de maintenance n\u00e9cessaire au bon fonctionnement du Site.<\/p><p>En tout \u00e9tat de cause, l\u2019Utilisateur reconna\u00eet disposer de la comp\u00e9tence et des moyens n\u00e9cessaires pour acc\u00e9der et utiliser le Site et ses services. A ce titre, l\u2019Utilisateur doit disposer d\u2019un ordinateur ou de tout autre appareil b\u00e9n\u00e9ficiant d\u2019une connexion internet, dont les param\u00e9trages permettent un bon fonctionnement du Site et de ses services.<\/p><p>D\u2019une mani\u00e8re g\u00e9n\u00e9rale, l\u2019Utilisateur d\u00e9clare conna\u00eetre les risques li\u00e9s \u00e0 la navigation sur des sites internet et \u00e0 l\u2019utilisation des services en ligne et les accepter. L\u2019Utilisateur reconna\u00eet notamment que les informations qui y transitent ou y sont stock\u00e9es peuvent \u00eatre intercept\u00e9es ou alt\u00e9r\u00e9es ind\u00e9pendamment de la volont\u00e9 de DBV Technologies.<\/p><p>A ce titre, il est fortement recommand\u00e9 \u00e0 l\u2019Utilisateur de prendre toutes les pr\u00e9cautions n\u00e9cessaires afin de se pr\u00e9munir contre les effets d\u2019\u00e9ventuels piratages informatiques, notamment en adoptant une configuration informatique s\u00e9curis\u00e9e et adapt\u00e9e de son ordinateur, t\u00e9l\u00e9phone mobile ou de tout autre appareil (par exemple par la mise en place d\u2019un logiciel de d\u00e9tection de virus r\u00e9guli\u00e8rement mis \u00e0 jour).\u00a0<\/p><p>Par ailleurs, l\u2019acc\u00e8s aux services propos\u00e9s sur le Site implique de remplir les champs obligatoires du formulaire associ\u00e9 au service souhait\u00e9. L\u2019Utilisateur garantit la v\u00e9racit\u00e9 et l\u2019exactitude des informations communiqu\u00e9es dans ce cadre.\u00a0<b>Pour en savoir plus sur l\u2019utilisation de ses donn\u00e9es personnelles par DBV Technologies, l\u2019Utilisateur est invit\u00e9 \u00e0 consulter la\u00a0<\/b><a href=\"http:\/\/stagingweb.dbv-technologies.com\/fr\/privacy-policy\/\"><b>politique de protection des donn\u00e9es personnelles<\/b><\/a>.<\/p><div class=\"clearboth\">\u00a0<\/div><\/div><div id=\"text-block-11\" class=\"mk-text-block   \"><p>Vos donn\u00e9es personnelles ne sont susceptibles d\u2019\u00eatre trait\u00e9es par DBV Technologies qu\u2019avec votre accord, notamment dans le cadre d\u2019une demande adress\u00e9e par vos soins \u00e0 DBV Technologies et en fonction des informations que vous aurez renseign\u00e9es ou transmises \u00e0 DBV Technologies.<\/p><p>Conform\u00e9ment \u00e0 la Loi n\u00b078-17 du 6 janvier 1978 relative \u00e0 l\u2019informatique, aux fichiers et aux libert\u00e9s, vous avez le droit d\u2019acc\u00e9der et de modifier ou supprimer des donn\u00e9es personnelles vous concernant. Merci d\u2019envoyer votre demande \u00e0 DBV Technologies,\u00a0<a href=\"mailto:info@dbvstaging.westeurope.cloudapp.azure.com\">info@dbvstaging.westeurope.cloudapp.azure.com<\/a>.<\/p><div class=\"clearboth\">\u00a0<\/div><\/div><h3>4.\u00a0<b>OBLIGATIONS G\u00c9N\u00c9RALES DE L\u2019UTILISATEUR<\/b><\/h3><div class=\"clearboth\">\u00a0<\/div><div id=\"text-block-13\" class=\"mk-text-block   \"><p>L\u2019Utilisateur s\u2019engage \u00e0 utiliser le Site et les services qu\u2019il propose de fa\u00e7on conforme aux pr\u00e9sentes CGU et notamment \u00e0 ne pas les utiliser \u00e0 des fins commerciales, de prospection, de sollicitation ou de publicit\u00e9.\u00a0<\/p><p>L\u2019Utilisateur s\u2019interdit \u00e9galement\u00a0:<\/p><ul><li aria-level=\"1\">tout comportement de nature \u00e0 porter atteinte \u00e0 l\u2019int\u00e9grit\u00e9, au fonctionnement ou \u00e0 la s\u00e9curit\u00e9 du syst\u00e8me d\u2019information \u00e0 la base du fonctionnement du Site et des services qui y sont propos\u00e9s ;\u00a0<\/li><li aria-level=\"1\">toute intrusion ou tentative d\u2019intrusion dans les syst\u00e8mes d\u2019information de DBV Technologies\u00a0;\u00a0<\/li><li aria-level=\"1\">toute atteinte ou tentative d\u2019atteinte aux mesures d\u2019authentification et autres mesures de s\u00e9curit\u00e9 du Site ;<\/li><li aria-level=\"1\">toute collecte, extraction ou utilisation, de quelque fa\u00e7on que ce soit, des informations pr\u00e9sentes sur le Site ;\u00a0<\/li><li aria-level=\"1\">et plus g\u00e9n\u00e9ralement, tout acte de nature \u00e0 porter atteinte aux droits et int\u00e9r\u00eats de DBV Technologies.<\/li><\/ul><p>En cas de manquement ou d\u2019une utilisation frauduleuse du Site constat\u00e9 par DBV Technologies, cette derni\u00e8re se r\u00e9serve le droit de mettre fin \u00e0 la pr\u00e9sente relation contractuelle, de plein droit, sans pr\u00e9avis ni indemnit\u00e9, ainsi que de bloquer tout acc\u00e8s futur de l\u2019Utilisateur \u00e0 tout ou partie du Site et des services qu\u2019il propose.<\/p><div class=\"clearboth\">\u00a0<\/div><\/div><h3>5.\u00a0<b>RESPONSABILIT\u00c9S<\/b><\/h3><div class=\"clearboth\">\u00a0<\/div><div id=\"text-block-15\" class=\"mk-text-block   \"><p>Le Site et les services qu\u2019il propose sont fournis \u00e0 l\u2019Utilisateur \u00e0 titre gratuit. Malgr\u00e9 le soin apport\u00e9 \u00e0 sa conception et \u00e0 l\u2019analyse de son contenu, le Site ne peut \u00eatre exempt d\u2019erreur, de p\u00e9riodes d\u2019indisponibilit\u00e9, de failles ou de d\u00e9fauts et DBV Technologies ne garantit pas l\u2019exactitude, la qualit\u00e9, la lic\u00e9it\u00e9 ou l\u2019ad\u00e9quation \u00e0 un usage particulier du Site, des services propos\u00e9s et des contenus qui y sont publi\u00e9s.<\/p><p>L\u2019Utilisateur est seul responsable de l\u2019usage qu\u2019il entend faire du Site et des services qui y sont propos\u00e9s, ainsi que de la pr\u00e9servation de la s\u00e9curit\u00e9 et de l\u2019int\u00e9grit\u00e9 de ses donn\u00e9es, de son mat\u00e9riel et de ses logiciels lorsqu\u2019il utilise de quelque fa\u00e7on que ce soit le Site ou ses services.<\/p><p>Ainsi, DBV Technologies ne peut notamment \u00eatre tenue pour responsable\u00a0:<\/p><ul><li aria-level=\"1\">d\u2019un quelconque dysfonctionnement ou contamination de l\u2019\u00e9quipement informatique de l\u2019Utilisateur au cours ou apr\u00e8s la navigation sur le Site, impossibilit\u00e9 d\u2019acc\u00e8s ou mauvaise condition d\u2019utilisation imputable \u00e0 ces \u00e9quipements, au fournisseur d\u2019acc\u00e8s internet, \u00e0 l\u2019encombrement du r\u00e9seau internet, ou \u00e0 toute autre raison ext\u00e9rieure \u00e0 DBV Technologies\u00a0;<\/li><li aria-level=\"1\">des frais de communications \u00e9lectroniques ou t\u00e9l\u00e9phoniques qu\u2019induit l\u2019utilisation de ces \u00e9quipements et qui sont \u00e0 la charge exclusive de l\u2019Utilisateur et ne seront pas support\u00e9s par DBV Technologies\u00a0;<\/li><li aria-level=\"1\">de toute interruption, temporaire ou permanente, de tout ou partie des fonctionnalit\u00e9s du Site ou de ses services notamment en cas de maintenance, modification ou mise \u00e0 jour du Site ou des services, en cas d\u2019incident technique et, plus g\u00e9n\u00e9ralement, en cas d\u2019\u00e9v\u00e8nement ext\u00e9rieur au contr\u00f4le de DBV Technologies ;<\/li><li aria-level=\"1\">de toute cons\u00e9quence qui pourrait survenir du fait des contenus des sites internet tiers vers lesquels renvoient les liens hypertextes pouvant \u00eatre pr\u00e9sents sur le Site ;<\/li><li aria-level=\"1\">des \u00e9ventuels pr\u00e9judices indirects qui seraient subis par l\u2019Utilisateur\u00a0;\u00a0<\/li><li aria-level=\"1\">de tout pr\u00e9judice subi par l\u2019Utilisateur ou un tiers qui r\u00e9sulterait d\u2019une utilisation du Site ou des services qui y sont propos\u00e9s non conforme aux pr\u00e9sentes CGU ;\u00a0<\/li><li aria-level=\"1\">de tout manquement aux obligations pr\u00e9vues aux pr\u00e9sentes CGU qui serait d\u00fb ou trouverait son origine dans un cas fortuit ou un cas de force majeure tel que d\u00e9fini par l\u2019article 1218 du code civil.<\/li><\/ul><p>Dans l\u2019hypoth\u00e8se o\u00f9 DBV Technologies serait tenue pour responsable d\u2019un dommage non pr\u00e9vu au pr\u00e9sent article, sa responsabilit\u00e9 sera limit\u00e9e aux dommages certains, r\u00e9els et directs.<\/p><p>Par suite, en aucun cas DBV Technologies, ses dirigeants, ses employ\u00e9s et de mani\u00e8re g\u00e9n\u00e9rale, ses repr\u00e9sentants et partenaires, ne sauraient \u00eatre tenus responsables des dommages indirects r\u00e9sultant de l\u2019utilisation du Site et de ses services, ainsi que des contenus qui y sont publi\u00e9s, et notamment du manque \u00e0 gagner, de la perte de profit, de la perte de chance ou des dommages d\u00e9coulant de la perte de donn\u00e9es caus\u00e9e par l\u2019impossibilit\u00e9 d\u2019utiliser le Site et ses services.<\/p><div class=\"clearboth\">\u00a0<\/div><\/div><h3>6.\u00a0<b>MODIFICATION<\/b><\/h3><div class=\"clearboth\">\u00a0<\/div><div id=\"text-block-17\" class=\"mk-text-block   \"><p>Les CGU sont dat\u00e9es de mani\u00e8re pr\u00e9cise et pourront \u00eatre modifi\u00e9es et mises \u00e0 jour par DBV Technologies \u00e0 tout moment, notamment en cas d\u2019\u00e9volution des services propos\u00e9s sur le Site ou de la r\u00e9glementation applicable. Par cons\u00e9quent, l\u2019Utilisateur est invit\u00e9 \u00e0 consulter les CGU \u00e0 chaque nouvel acc\u00e8s au Site.<\/p><div class=\"clearboth\">\u00a0<\/div><\/div><h3><b>7. CESSATION DU SITE OU DES SERVICES<\/b><\/h3><div class=\"clearboth\">\u00a0<\/div><div id=\"text-block-19\" class=\"mk-text-block   \"><p>DBV Technologies se r\u00e9serve le droit d\u2019interrompre temporairement ou d\u00e9finitivement l\u2019acc\u00e8s \u00e0 tout ou partie du Site ou des services qui y sont propos\u00e9s, notamment en cas de cessation de l\u2019activit\u00e9 li\u00e9e \u00e0 la mise \u00e0 disposition du Site ou en cas de proc\u00e9dure collective.<\/p><div class=\"clearboth\">\u00a0<\/div><\/div><h3>8.\u00a0<b>CESSION<\/b><\/h3><div class=\"clearboth\">\u00a0<\/div><div id=\"text-block-21\" class=\"mk-text-block   \"><p>Sous r\u00e9serve de la loi applicable, l\u2019Utilisateur consent \u00e0 ce que les pr\u00e9sentes CGU le liant \u00e0 DBV Technologies puissent \u00eatre c\u00e9d\u00e9es, transf\u00e9r\u00e9es ou apport\u00e9es, de quelque fa\u00e7on que ce soit. Dans le cadre du transfert de la soci\u00e9t\u00e9 \u00e0 un tiers, les pr\u00e9sentes CGU liant l\u2019Utilisateur \u00e0 DBV Technologies seront automatiquement transf\u00e9r\u00e9es au cessionnaire.<\/p><div class=\"clearboth\">\u00a0<\/div><\/div><h3>9.\u00a0<b>LIENS HYPERTEXTES<\/b><\/h3><div class=\"clearboth\">\u00a0<\/div><div id=\"text-block-23\" class=\"mk-text-block   \"><p>Le Site peut inclure des liens hypertextes vers des sites ou des sources internet, autres que ceux \u00e9dit\u00e9s par DBV Technologies. Dans la mesure o\u00f9\u00a0DBV Technologies ne peut contr\u00f4ler ces sites et ces sources internet externes, DBV Technologies ne peut \u00eatre tenue pour responsable de la mise \u00e0 disposition de ces sites et sources internet externes, et d\u00e9cline ainsi toute responsabilit\u00e9 quant aux contenus, produits, services, publicit\u00e9s ou tout autre mat\u00e9riel disponible sur ou \u00e0 partir de ces sites ou sources internet externes. Aussi, la d\u00e9cision d\u2019activer les liens hypertextes appartient exclusivement \u00e0 l\u2019Utilisateur.<\/p><p>DBV Technologies rappelle \u00e0 l\u2019Utilisateur que les sites ou sources internet externes non-affili\u00e9s sont soumis \u00e0 leurs propres conditions g\u00e9n\u00e9rales d\u2019utilisation.<\/p><p>Si l\u2019Utilisateur souhaite cr\u00e9er un lien hypertexte renvoyant vers le Site, il doit obtenir l\u2019autorisation \u00e9crite et pr\u00e9alable de DBV Technologies en envoyant sa demande par email \u00e0\u00a0<a href=\"mailto:info@dbv-technologies.com\">info@dbv-technologies.com<\/a>. DBV Technologies peut, \u00e0 son enti\u00e8re discr\u00e9tion, accepter ou rejeter toute demande qui lui ait adress\u00e9e \u00e0 cette fin. DBV Technologies n\u2019a aucune obligation d\u2019accepter une telle demande, ni de fournir toute raison pour rejeter une telle demande le cas \u00e9ch\u00e9ant.<\/p><div class=\"clearboth\">\u00a0<\/div><\/div><h3>10.\u00a0<b>LANGUE<\/b><\/h3><div class=\"clearboth\">\u00a0<\/div><div id=\"text-block-25\" class=\"mk-text-block   \"><p>Les pr\u00e9sentes CGU sont r\u00e9dig\u00e9es en langue fran\u00e7aise. Dans le cas o\u00f9 elles seraient traduites en une ou plusieurs langues, seul le texte fran\u00e7ais ferait foi en cas de litige.<\/p><div class=\"clearboth\">\u00a0<\/div><\/div><h3>11.\u00a0<b>LOI APPLICABLE \/ ATTRIBUTION DE JURIDICTION<\/b><\/h3><div class=\"clearboth\">\u00a0<\/div><div id=\"text-block-27\" class=\"mk-text-block   \"><p>Les pr\u00e9sentes CGU et les op\u00e9rations qui en d\u00e9coulent sont r\u00e9gies, interpr\u00e9t\u00e9es et appliqu\u00e9es conform\u00e9ment au droit fran\u00e7ais.<\/p><p>En cas de diff\u00e9rend relatif \u00e0 leur interpr\u00e9tation ou leur ex\u00e9cution, DBV Technologies et l\u2019Utilisateur rechercheront, avant toute action contentieuse, un accord amiable et se communiqueront \u00e0 cet effet tous les \u00e9l\u00e9ments d\u2019information n\u00e9cessaires.\u00a0<\/p><p>A d\u00e9faut d\u2019accord amiable entre DBV Technologies et l\u2019Utilisateur dans un d\u00e9lai de deux (2) mois \u00e0 compter de la notification du litige \u00e0 l\u2019autre partie, comp\u00e9tence expresse est donn\u00e9e aux tribunaux de Nanterre.<\/p><\/div>\t\t\t\t\t\t\t\t<\/div>\n\t\t\t\t<\/div>\n\t\t\t\t\t<\/div>\n\t\t\t\t<\/div>\n\t\t\t\t<\/div>\n\t\t","protected":false},"excerpt":{"rendered":"<p>Derni\u00e8re mise \u00e0 jour : novembre 2021 1.\u00a0OBJET Le site internet\u00a0www.dbv-technologies.com\u00a0(ci-apr\u00e8s le \u00ab\u00a0Site\u00a0\u00bb), \u00e9dit\u00e9 par la soci\u00e9t\u00e9 DBV Technologies (ci-apr\u00e8s \u00ab\u00a0DBV Technologies\u00a0\u00bb) est le site institutionnel de DBV Technologies pr\u00e9sentant notamment ses produits L\u2019acc\u00e8s, la consultation, la navigation et l\u2019utilisation du Site vaut acceptation pleine et enti\u00e8re des pr\u00e9sentes conditions g\u00e9n\u00e9rales d\u2019utilisation (ci-apr\u00e8s \u00ab\u00a0CGU\u00a0\u00bb) qui [&hellip;]<\/p>\n","protected":false},"author":1,"featured_media":0,"parent":0,"menu_order":0,"comment_status":"closed","ping_status":"closed","template":"","meta":{"_acf_changed":false,"site-sidebar-layout":"no-sidebar","site-content-layout":"page-builder","ast-site-content-layout":"default","site-content-style":"default","site-sidebar-style":"default","ast-global-header-display":"","ast-banner-title-visibility":"","ast-main-header-display":"","ast-hfb-above-header-display":"","ast-hfb-below-header-display":"","ast-hfb-mobile-header-display":"","site-post-title":"disabled","ast-breadcrumbs-content":"","ast-featured-img":"disabled","footer-sml-layout":"","ast-disable-related-posts":"","theme-transparent-header-meta":"","adv-header-id-meta":"","stick-header-meta":"","header-above-stick-meta":"","header-main-stick-meta":"","header-below-stick-meta":"","astra-migrate-meta-layouts":"default","ast-page-background-enabled":"default","ast-page-background-meta":{"desktop":{"background-color":"var(--ast-global-color-4)","background-image":"","background-repeat":"repeat","background-position":"center center","background-size":"auto","background-attachment":"scroll","background-type":"","background-media":"","overlay-type":"","overlay-color":"","overlay-opacity":"","overlay-gradient":""},"tablet":{"background-color":"","background-image":"","background-repeat":"repeat","background-position":"center center","background-size":"auto","background-attachment":"scroll","background-type":"","background-media":"","overlay-type":"","overlay-color":"","overlay-opacity":"","overlay-gradient":""},"mobile":{"background-color":"","background-image":"","background-repeat":"repeat","background-position":"center center","background-size":"auto","background-attachment":"scroll","background-type":"","background-media":"","overlay-type":"","overlay-color":"","overlay-opacity":"","overlay-gradient":""}},"ast-content-background-meta":{"desktop":{"background-color":"var(--ast-global-color-5)","background-image":"","background-repeat":"repeat","background-position":"center center","background-size":"auto","background-attachment":"scroll","background-type":"","background-media":"","overlay-type":"","overlay-color":"","overlay-opacity":"","overlay-gradient":""},"tablet":{"background-color":"var(--ast-global-color-5)","background-image":"","background-repeat":"repeat","background-position":"center center","background-size":"auto","background-attachment":"scroll","background-type":"","background-media":"","overlay-type":"","overlay-color":"","overlay-opacity":"","overlay-gradient":""},"mobile":{"background-color":"var(--ast-global-color-5)","background-image":"","background-repeat":"repeat","background-position":"center center","background-size":"auto","background-attachment":"scroll","background-type":"","background-media":"","overlay-type":"","overlay-color":"","overlay-opacity":"","overlay-gradient":""}},"footnotes":""},"class_list":["post-9370","page","type-page","status-publish","hentry"],"acf":[],"_links":{"self":[{"href":"https:\/\/dbv-technologies.com\/fr\/wp-json\/wp\/v2\/pages\/9370","targetHints":{"allow":["GET"]}}],"collection":[{"href":"https:\/\/dbv-technologies.com\/fr\/wp-json\/wp\/v2\/pages"}],"about":[{"href":"https:\/\/dbv-technologies.com\/fr\/wp-json\/wp\/v2\/types\/page"}],"author":[{"embeddable":true,"href":"https:\/\/dbv-technologies.com\/fr\/wp-json\/wp\/v2\/users\/1"}],"replies":[{"embeddable":true,"href":"https:\/\/dbv-technologies.com\/fr\/wp-json\/wp\/v2\/comments?post=9370"}],"version-history":[{"count":0,"href":"https:\/\/dbv-technologies.com\/fr\/wp-json\/wp\/v2\/pages\/9370\/revisions"}],"wp:attachment":[{"href":"https:\/\/dbv-technologies.com\/fr\/wp-json\/wp\/v2\/media?parent=9370"}],"curies":[{"name":"wp","href":"https:\/\/api.w.org\/{rel}","templated":true}]}}