{"id":9366,"date":"2023-03-17T07:04:04","date_gmt":"2023-03-17T11:04:04","guid":{"rendered":"https:\/\/dbv-technologies.com\/mentions-legales\/"},"modified":"2024-08-16T08:44:03","modified_gmt":"2024-08-16T12:44:03","slug":"mentions-legales","status":"publish","type":"page","link":"https:\/\/dbv-technologies.com\/fr\/mentions-legales\/","title":{"rendered":"Mentions L\u00e9gales"},"content":{"rendered":"\t\t<div data-elementor-type=\"wp-page\" data-elementor-id=\"9366\" class=\"elementor elementor-9366 elementor-8714\" data-elementor-post-type=\"page\">\n\t\t\t\t<div class=\"elementor-element elementor-element-36ab892 page-hero e-flex e-con-boxed e-con e-parent\" data-id=\"36ab892\" data-element_type=\"container\" data-e-type=\"container\" data-settings=\"{&quot;background_background&quot;:&quot;classic&quot;}\">\n\t\t\t\t\t<div class=\"e-con-inner\">\n\t\t\t\t<div class=\"elementor-element elementor-element-688a3e7 page-title elementor-widget elementor-widget-heading\" data-id=\"688a3e7\" data-element_type=\"widget\" data-e-type=\"widget\" data-widget_type=\"heading.default\">\n\t\t\t\t<div class=\"elementor-widget-container\">\n\t\t\t\t\t<h1 class=\"elementor-heading-title elementor-size-default\">Mentions L\u00e9gales<\/h1>\t\t\t\t<\/div>\n\t\t\t\t<\/div>\n\t\t\t\t\t<\/div>\n\t\t\t\t<\/div>\n\t\t<div class=\"elementor-element elementor-element-a194159 e-flex e-con-boxed e-con e-parent\" data-id=\"a194159\" data-element_type=\"container\" data-e-type=\"container\">\n\t\t\t\t\t<div class=\"e-con-inner\">\n\t\t\t\t<div class=\"elementor-element elementor-element-1603fb3 elementor-widget elementor-widget-text-editor\" data-id=\"1603fb3\" data-element_type=\"widget\" data-e-type=\"widget\" data-widget_type=\"text-editor.default\">\n\t\t\t\t<div class=\"elementor-widget-container\">\n\t\t\t\t\t\t\t\t\t<p><b>Editeur du site internet :<\/b><\/p><p><b>DBV TECHNOLOGIES<\/b><\/p><p><b>Si\u00e8ge social<\/b> :<br \/>B\u00e2timent IRO<br \/>107 Av. de la R\u00e9publique<br \/>92320 Ch\u00e2tillon (France)<\/p><p><b>Capital social<\/b>: 5.501.168,70 euros<\/p><p><b>R.C.S<\/b>: 441 772 522 R.C.S NANTERRE<\/p><p><b>N\u00b0TVA intracommunautaire<\/b>: FR79441772522<\/p><p><b>Email<\/b>: <a href=\"mailto:info@dbv-technologies.com\">info@dbv-technologies.com<\/a><\/p><p><b>Num\u00e9ro de t\u00e9l\u00e9phone<\/b>: +33 (0)1 55 42 78 78<\/p><p><b>Directeur de la publication<\/b>:<b> <\/b>Daniel TASSE<\/p><p><b>H\u00e9bergeur du site internet :<\/b><\/p><p><strong>WPMU Dev \/ Incsub, LLC<\/strong><\/p><p><strong>Si\u00e8ge social<\/strong> : PO Box 548 #88100, Birmingham, AL 35201, USA<\/p><p><strong>Data center location<\/strong>: Frankfurt, Germany<\/p><p><strong>Email<\/strong>: dpo@incsub.com<\/p><p><strong>Num\u00e9ro de t\u00e9l\u00e9phone<\/strong> : +1 (888) 963-9528<\/p>\t\t\t\t\t\t\t\t<\/div>\n\t\t\t\t<\/div>\n\t\t\t\t\t<\/div>\n\t\t\t\t<\/div>\n\t\t\t\t<\/div>\n\t\t","protected":false},"excerpt":{"rendered":"<p>Editeur du site internet : DBV TECHNOLOGIES Si\u00e8ge social :B\u00e2timent IRO107 Av. de la R\u00e9publique92320 Ch\u00e2tillon (France) Capital social: 5.501.168,70 euros R.C.S: 441 772 522 R.C.S NANTERRE N\u00b0TVA intracommunautaire: FR79441772522 Email: info@dbv-technologies.com Num\u00e9ro de t\u00e9l\u00e9phone: +33 (0)1 55 42 78 78 Directeur de la publication: Daniel TASSE H\u00e9bergeur du site internet : WPMU Dev \/ [&hellip;]<\/p>\n","protected":false},"author":1,"featured_media":0,"parent":0,"menu_order":0,"comment_status":"closed","ping_status":"closed","template":"","meta":{"_acf_changed":false,"site-sidebar-layout":"no-sidebar","site-content-layout":"page-builder","ast-site-content-layout":"default","site-content-style":"default","site-sidebar-style":"default","ast-global-header-display":"","ast-banner-title-visibility":"","ast-main-header-display":"","ast-hfb-above-header-display":"","ast-hfb-below-header-display":"","ast-hfb-mobile-header-display":"","site-post-title":"disabled","ast-breadcrumbs-content":"","ast-featured-img":"disabled","footer-sml-layout":"","ast-disable-related-posts":"","theme-transparent-header-meta":"","adv-header-id-meta":"","stick-header-meta":"","header-above-stick-meta":"","header-main-stick-meta":"","header-below-stick-meta":"","astra-migrate-meta-layouts":"default","ast-page-background-enabled":"default","ast-page-background-meta":{"desktop":{"background-color":"var(--ast-global-color-4)","background-image":"","background-repeat":"repeat","background-position":"center center","background-size":"auto","background-attachment":"scroll","background-type":"","background-media":"","overlay-type":"","overlay-color":"","overlay-opacity":"","overlay-gradient":""},"tablet":{"background-color":"","background-image":"","background-repeat":"repeat","background-position":"center center","background-size":"auto","background-attachment":"scroll","background-type":"","background-media":"","overlay-type":"","overlay-color":"","overlay-opacity":"","overlay-gradient":""},"mobile":{"background-color":"","background-image":"","background-repeat":"repeat","background-position":"center center","background-size":"auto","background-attachment":"scroll","background-type":"","background-media":"","overlay-type":"","overlay-color":"","overlay-opacity":"","overlay-gradient":""}},"ast-content-background-meta":{"desktop":{"background-color":"var(--ast-global-color-5)","background-image":"","background-repeat":"repeat","background-position":"center center","background-size":"auto","background-attachment":"scroll","background-type":"","background-media":"","overlay-type":"","overlay-color":"","overlay-opacity":"","overlay-gradient":""},"tablet":{"background-color":"var(--ast-global-color-5)","background-image":"","background-repeat":"repeat","background-position":"center center","background-size":"auto","background-attachment":"scroll","background-type":"","background-media":"","overlay-type":"","overlay-color":"","overlay-opacity":"","overlay-gradient":""},"mobile":{"background-color":"var(--ast-global-color-5)","background-image":"","background-repeat":"repeat","background-position":"center center","background-size":"auto","background-attachment":"scroll","background-type":"","background-media":"","overlay-type":"","overlay-color":"","overlay-opacity":"","overlay-gradient":""}},"footnotes":""},"class_list":["post-9366","page","type-page","status-publish","hentry"],"acf":[],"_links":{"self":[{"href":"https:\/\/dbv-technologies.com\/fr\/wp-json\/wp\/v2\/pages\/9366","targetHints":{"allow":["GET"]}}],"collection":[{"href":"https:\/\/dbv-technologies.com\/fr\/wp-json\/wp\/v2\/pages"}],"about":[{"href":"https:\/\/dbv-technologies.com\/fr\/wp-json\/wp\/v2\/types\/page"}],"author":[{"embeddable":true,"href":"https:\/\/dbv-technologies.com\/fr\/wp-json\/wp\/v2\/users\/1"}],"replies":[{"embeddable":true,"href":"https:\/\/dbv-technologies.com\/fr\/wp-json\/wp\/v2\/comments?post=9366"}],"version-history":[{"count":0,"href":"https:\/\/dbv-technologies.com\/fr\/wp-json\/wp\/v2\/pages\/9366\/revisions"}],"wp:attachment":[{"href":"https:\/\/dbv-technologies.com\/fr\/wp-json\/wp\/v2\/media?parent=9366"}],"curies":[{"name":"wp","href":"https:\/\/api.w.org\/{rel}","templated":true}]}}