{"id":9148,"date":"2023-03-16T02:43:37","date_gmt":"2023-03-16T06:43:37","guid":{"rendered":"https:\/\/dbv-technologies.com\/notre-science\/plateforme-viaskin\/"},"modified":"2024-10-18T13:01:24","modified_gmt":"2024-10-18T17:01:24","slug":"plateforme-viaskin","status":"publish","type":"page","link":"https:\/\/dbv-technologies.com\/fr\/notre-science\/plateforme-viaskin\/","title":{"rendered":"Technologie du patch VIASKIN\u00ae"},"content":{"rendered":"\t\t<div data-elementor-type=\"wp-page\" data-elementor-id=\"9148\" class=\"elementor elementor-9148 elementor-8276\" data-elementor-post-type=\"page\">\n\t\t\t\t<div class=\"elementor-element elementor-element-7607f94 page-hero e-flex e-con-boxed e-con e-parent\" data-id=\"7607f94\" data-element_type=\"container\" data-e-type=\"container\" data-settings=\"{&quot;background_background&quot;:&quot;classic&quot;}\">\n\t\t\t\t\t<div class=\"e-con-inner\">\n\t\t\t\t<div class=\"elementor-element elementor-element-dcc2d66 page-title elementor-widget elementor-widget-heading\" data-id=\"dcc2d66\" data-element_type=\"widget\" data-e-type=\"widget\" data-widget_type=\"heading.default\">\n\t\t\t\t<div class=\"elementor-widget-container\">\n\t\t\t\t\t<h1 class=\"elementor-heading-title elementor-size-default\">DBV a pour objectif d\u2019exploiter les propri\u00e9t\u00e9s immunitaires uniques de la peau<\/h1>\t\t\t\t<\/div>\n\t\t\t\t<\/div>\n\t\t\t\t\t<\/div>\n\t\t\t\t<\/div>\n\t\t<div class=\"elementor-element elementor-element-4a8bd0c e-flex e-con-boxed e-con e-parent\" data-id=\"4a8bd0c\" data-element_type=\"container\" data-e-type=\"container\">\n\t\t\t\t\t<div class=\"e-con-inner\">\n\t\t\t\t<div class=\"elementor-element elementor-element-8572c3e disclaimer elementor-widget elementor-widget-text-editor\" data-id=\"8572c3e\" data-element_type=\"widget\" data-e-type=\"widget\" data-widget_type=\"text-editor.default\">\n\t\t\t\t<div class=\"elementor-widget-container\">\n\t\t\t\t\t\t\t\t\t<p>Les informations contenues ici sont en cours d\u2019investigation clinique. Les produits utilisant la technologie du patch VIASKIN<sup>\u00ae<\/sup> sont destin\u00e9s uniquement \u00e0 une utilisation exp\u00e9rimentale et n\u2019ont pas encore \u00e9t\u00e9 approuv\u00e9s par la Food and Drug Administration ou par toute autre agence r\u00e9glementaire, quel qu\u2019en soit l\u2019usage.<\/p>\t\t\t\t\t\t\t\t<\/div>\n\t\t\t\t<\/div>\n\t\t\t\t<div class=\"elementor-element elementor-element-7ca99b1 elementor-widget elementor-widget-text-editor\" data-id=\"7ca99b1\" data-element_type=\"widget\" data-e-type=\"widget\" data-widget_type=\"text-editor.default\">\n\t\t\t\t<div class=\"elementor-widget-container\">\n\t\t\t\t\t\t\t\t\t<p>Notre traitement exp\u00e9rimental repose sur l\u2019immunoth\u00e9rapie \u00e9picutan\u00e9e, ou EPIT. Cette nouvelle option immunoth\u00e9rapeutique est con\u00e7ue pour pr\u00e9senter de mani\u00e8re r\u00e9guli\u00e8re, des quantit\u00e9s infimes d\u2019allerg\u00e8nes au syst\u00e8me immunitaire. Ces allerg\u00e8nes sont d\u00e9livr\u00e9s via une peau intacte gr\u00e2ce \u00e0 notre technologie brevet\u00e9e de patch \u00e9picutan\u00e9 (le patch VIASKIN<sup>\u00ae<\/sup>).<\/p><p>Au-del\u00e0 de l\u2019allergie alimentaire, la technologie du patch VIASKIN<sup>\u00ae<\/sup> pourrait \u00e9galement constituer une alternative th\u00e9rapeutique pour le traitement d\u2019autres troubles immunitaires. En outre, l\u2019extension de la technologie du patch VIASKIN<sup>\u00ae<\/sup> \u00e0 d\u2019autres applications, telles que l\u2019administration de vaccins ciblant certains pathog\u00e8nes, sont \u00e9galement \u00e0 l\u2019\u00e9tude.<\/p>\t\t\t\t\t\t\t\t<\/div>\n\t\t\t\t<\/div>\n\t\t\t\t<div class=\"elementor-element elementor-element-d35ec5c elementor-widget-divider--view-line elementor-widget elementor-widget-divider\" data-id=\"d35ec5c\" data-element_type=\"widget\" data-e-type=\"widget\" data-widget_type=\"divider.default\">\n\t\t\t\t<div class=\"elementor-widget-container\">\n\t\t\t\t\t\t\t<div class=\"elementor-divider\">\n\t\t\t<span class=\"elementor-divider-separator\">\n\t\t\t\t\t\t<\/span>\n\t\t<\/div>\n\t\t\t\t\t\t<\/div>\n\t\t\t\t<\/div>\n\t\t\t\t<div class=\"elementor-element elementor-element-2e96cf0 elementor-widget elementor-widget-heading\" data-id=\"2e96cf0\" data-element_type=\"widget\" data-e-type=\"widget\" data-widget_type=\"heading.default\">\n\t\t\t\t<div class=\"elementor-widget-container\">\n\t\t\t\t\t<h2 class=\"elementor-heading-title elementor-size-default\">Associer science et technologie<\/h2>\t\t\t\t<\/div>\n\t\t\t\t<\/div>\n\t\t\t\t<div class=\"elementor-element elementor-element-6c04b72 elementor-widget elementor-widget-text-editor\" data-id=\"6c04b72\" data-element_type=\"widget\" data-e-type=\"widget\" data-widget_type=\"text-editor.default\">\n\t\t\t\t<div class=\"elementor-widget-container\">\n\t\t\t\t\t\t\t\t\t<p>Les informations contenues dans cette vid\u00e9o font l\u2019objet d\u2019une investigation clinique. Les produits utilisant la technologie du patch VIASKIN<sup>\u00ae<\/sup> sont destin\u00e9s uniquement \u00e0 une utilisation exp\u00e9rimentale et n\u2019ont pas encore \u00e9t\u00e9 approuv\u00e9s par la Food and Drug Administration ou par toute autre agence r\u00e9glementaire, quel qu\u2019en soit l\u2019usage.<\/p>\t\t\t\t\t\t\t\t<\/div>\n\t\t\t\t<\/div>\n\t\t\t\t<div class=\"elementor-element elementor-element-364921a elementor-widget elementor-widget-video\" data-id=\"364921a\" data-element_type=\"widget\" data-e-type=\"widget\" data-settings=\"{&quot;video_type&quot;:&quot;vimeo&quot;}\" data-widget_type=\"video.default\">\n\t\t\t\t<div class=\"elementor-widget-container\">\n\t\t\t\t\t\t\t<div class=\"elementor-wrapper elementor-open-inline\">\n\t\t\t<iframe class=\"elementor-video-iframe lazyload\" allowfullscreen allow=\"clipboard-write\" title=\"Lecteur vid\u00e9o vimeo\" data-src=\"https:\/\/player.vimeo.com\/video\/625852883?color&amp;autopause=0&amp;loop=0&amp;muted=0&amp;title=0&amp;portrait=0&amp;byline=0#t=\" src=\"data:image\/svg+xml;base64,PHN2ZyB3aWR0aD0iMSIgaGVpZ2h0PSIxIiB4bWxucz0iaHR0cDovL3d3dy53My5vcmcvMjAwMC9zdmciPjwvc3ZnPg==\" data-load-mode=\"1\"><\/iframe>\t\t<\/div>\n\t\t\t\t\t\t<\/div>\n\t\t\t\t<\/div>\n\t\t\t\t<div class=\"elementor-element elementor-element-6e20d65 elementor-widget-divider--view-line elementor-widget elementor-widget-divider\" data-id=\"6e20d65\" data-element_type=\"widget\" data-e-type=\"widget\" data-widget_type=\"divider.default\">\n\t\t\t\t<div class=\"elementor-widget-container\">\n\t\t\t\t\t\t\t<div class=\"elementor-divider\">\n\t\t\t<span class=\"elementor-divider-separator\">\n\t\t\t\t\t\t<\/span>\n\t\t<\/div>\n\t\t\t\t\t\t<\/div>\n\t\t\t\t<\/div>\n\t\t\t\t<div class=\"elementor-element elementor-element-2195ea4 elementor-widget elementor-widget-heading\" data-id=\"2195ea4\" data-element_type=\"widget\" data-e-type=\"widget\" data-widget_type=\"heading.default\">\n\t\t\t\t<div class=\"elementor-widget-container\">\n\t\t\t\t\t<h2 class=\"elementor-heading-title elementor-size-default\">Le patch VIASKIN<sup>\u00ae<\/sup> pour le traitement de l\u2019allergie alimentaire \u2013 Proposition de M\u00e9canisme d\u2019Action<\/h2>\t\t\t\t<\/div>\n\t\t\t\t<\/div>\n\t\t\t\t<div class=\"elementor-element elementor-element-1f7c10a elementor-widget elementor-widget-text-editor\" data-id=\"1f7c10a\" data-element_type=\"widget\" data-e-type=\"widget\" data-widget_type=\"text-editor.default\">\n\t\t\t\t<div class=\"elementor-widget-container\">\n\t\t\t\t\t\t\t\t\t<p>La capacit\u00e9 de la peau \u00e0 promouvoir un profil immunitaire tol\u00e9rog\u00e8ne vis-\u00e0-vis des allerg\u00e8nes fait d\u2019elle une voie d\u2019administration parfaitement adapt\u00e9e \u00e0 l\u2019immunoth\u00e9rapie allerg\u00e9nique. Notre approche \u00e9picutan\u00e9e (EPIT) est con\u00e7ue pour cibler des cellules sp\u00e9cifiques de l\u2019\u00e9piderme, telles que les cellules de Langerhans, afin de moduler le syst\u00e8me immunitaire. Les recherches pr\u00e9cliniques ont montr\u00e9 que ces cellules sont capables de capturer des allerg\u00e8nes administr\u00e9s via une peau intacte, puis de migrer vers les ganglions lymphatiques drainants o\u00f9 elles activent des lymphocytes T r\u00e9gulateurs (Tregs) sp\u00e9cifiques. Les Tregs activ\u00e9s par l\u2019EPIT au travers de la technologie du patch VIASKIN<sup>\u00ae<\/sup> peuvent att\u00e9nuer la r\u00e9ponse immunitaire de type Th2 dirig\u00e9e contre l\u2019allerg\u00e8ne, entra\u00eenant ainsi une suppression de la r\u00e9ponse allergique.<\/p>\t\t\t\t\t\t\t\t<\/div>\n\t\t\t\t<\/div>\n\t\t\t\t<div class=\"elementor-element elementor-element-e92a83a elementor-widget-divider--view-line elementor-widget elementor-widget-divider\" data-id=\"e92a83a\" data-element_type=\"widget\" data-e-type=\"widget\" data-widget_type=\"divider.default\">\n\t\t\t\t<div class=\"elementor-widget-container\">\n\t\t\t\t\t\t\t<div class=\"elementor-divider\">\n\t\t\t<span class=\"elementor-divider-separator\">\n\t\t\t\t\t\t<\/span>\n\t\t<\/div>\n\t\t\t\t\t\t<\/div>\n\t\t\t\t<\/div>\n\t\t\t\t<div class=\"elementor-element elementor-element-8de652f elementor-widget elementor-widget-heading\" data-id=\"8de652f\" data-element_type=\"widget\" data-e-type=\"widget\" data-widget_type=\"heading.default\">\n\t\t\t\t<div class=\"elementor-widget-container\">\n\t\t\t\t\t<h2 class=\"elementor-heading-title elementor-size-default\">\u00c9l\u00e9ments cl\u00e9s du m\u00e9canisme d\u2019action du patch VIASKIN<sup>\u00ae<\/sup><\/h2>\t\t\t\t<\/div>\n\t\t\t\t<\/div>\n\t\t\t\t<div class=\"elementor-element elementor-element-11b1f2e elementor-widget elementor-widget-text-editor\" data-id=\"11b1f2e\" data-element_type=\"widget\" data-e-type=\"widget\" data-widget_type=\"text-editor.default\">\n\t\t\t\t<div class=\"elementor-widget-container\">\n\t\t\t\t\t\t\t\t\t<p>Le film de support du patch issu de la technologie du patch VIASKIN<sup>\u00ae<\/sup> contient un d\u00e9p\u00f4t sec d\u2019allerg\u00e8ne en son centre, et est con\u00e7u pour \u00eatre situ\u00e9 l\u00e9g\u00e8rement au-dessus de la peau. Ainsi, lorsque le patch est appliqu\u00e9 sur une peau intacte, un espace s\u00e9pare l\u2019allerg\u00e8ne et la couche sup\u00e9rieure de l\u2019\u00e9piderme, formant une chambre de condensation.<\/p>\t\t\t\t\t\t\t\t<\/div>\n\t\t\t\t<\/div>\n\t\t\t\t<div class=\"elementor-element elementor-element-10250c9 elementor-widget elementor-widget-image\" data-id=\"10250c9\" data-element_type=\"widget\" data-e-type=\"widget\" data-widget_type=\"image.default\">\n\t\t\t\t<div class=\"elementor-widget-container\">\n\t\t\t\t\t\t\t\t\t\t\t\t\t\t\t<img fetchpriority=\"high\" decoding=\"async\" width=\"1920\" height=\"1080\" src=\"https:\/\/dbv-technologies.com\/wp-content\/uploads\/2023\/03\/moa-image-1.jpg\" class=\"attachment-full size-full wp-image-8290\" alt=\"Viaskin Platform MOA 1\" srcset=\"https:\/\/dbv-technologies.com\/wp-content\/uploads\/2023\/03\/moa-image-1.jpg 1920w, https:\/\/dbv-technologies.com\/wp-content\/uploads\/2023\/03\/moa-image-1-768x432.jpg 768w, https:\/\/dbv-technologies.com\/wp-content\/uploads\/2023\/03\/moa-image-1-1536x864.jpg 1536w\" sizes=\"(max-width: 1920px) 100vw, 1920px\" \/>\t\t\t\t\t\t\t\t\t\t\t\t\t\t\t<\/div>\n\t\t\t\t<\/div>\n\t\t\t\t<div class=\"elementor-element elementor-element-75df33c elementor-widget elementor-widget-text-editor\" data-id=\"75df33c\" data-element_type=\"widget\" data-e-type=\"widget\" data-widget_type=\"text-editor.default\">\n\t\t\t\t<div class=\"elementor-widget-container\">\n\t\t\t\t\t\t\t\t\t<p>Dans l\u2019\u00e9piderme, l\u2019allerg\u00e8ne est captur\u00e9 par des cellules pr\u00e9sentatrices de l\u2019antig\u00e8ne, telles que les cellules de Langerhans (LC). Les \u00e9tudes pr\u00e9cliniques men\u00e9es sur animaux montrent que l\u2019allerg\u00e8ne administr\u00e9 dans le cadre de l\u2019EPIT \u00e0 l\u2019aide de la technologie du patch VIASKIN<sup>\u00ae<\/sup>, ne p\u00e9n\u00e8tre pas au-del\u00e0 de l\u2019\u00e9piderme, limitant sa capacit\u00e9 \u00e0 p\u00e9n\u00e9trer dans la circulation sanguine.<\/p>\t\t\t\t\t\t\t\t<\/div>\n\t\t\t\t<\/div>\n\t\t\t\t<div class=\"elementor-element elementor-element-70c7ea6 elementor-widget elementor-widget-image\" data-id=\"70c7ea6\" data-element_type=\"widget\" data-e-type=\"widget\" data-widget_type=\"image.default\">\n\t\t\t\t<div class=\"elementor-widget-container\">\n\t\t\t\t\t\t\t\t\t\t\t\t\t\t\t<img decoding=\"async\" width=\"1920\" height=\"1080\" data-src=\"https:\/\/dbv-technologies.com\/wp-content\/uploads\/2023\/03\/moa-image-3.jpg\" class=\"attachment-full size-full wp-image-8292 lazyload\" alt=\"Viaskin Platform MOA 3\" data-srcset=\"https:\/\/dbv-technologies.com\/wp-content\/uploads\/2023\/03\/moa-image-3.jpg 1920w, https:\/\/dbv-technologies.com\/wp-content\/uploads\/2023\/03\/moa-image-3-768x432.jpg 768w, https:\/\/dbv-technologies.com\/wp-content\/uploads\/2023\/03\/moa-image-3-1536x864.jpg 1536w\" data-sizes=\"auto\" src=\"data:image\/svg+xml;base64,PHN2ZyB3aWR0aD0iMSIgaGVpZ2h0PSIxIiB4bWxucz0iaHR0cDovL3d3dy53My5vcmcvMjAwMC9zdmciPjwvc3ZnPg==\" style=\"--smush-placeholder-width: 1920px; --smush-placeholder-aspect-ratio: 1920\/1080;\" data-original-sizes=\"(max-width: 1920px) 100vw, 1920px\" \/>\t\t\t\t\t\t\t\t\t\t\t\t\t\t\t<\/div>\n\t\t\t\t<\/div>\n\t\t\t\t<div class=\"elementor-element elementor-element-d92c052 elementor-widget elementor-widget-text-editor\" data-id=\"d92c052\" data-element_type=\"widget\" data-e-type=\"widget\" data-widget_type=\"text-editor.default\">\n\t\t\t\t<div class=\"elementor-widget-container\">\n\t\t\t\t\t\t\t\t\t<p>Les cellules de Langerhans ayant captur\u00e9 l\u2019allerg\u00e8ne migrent ensuite vers les ganglions lymphatiques drainants, o\u00f9 elles vont activer des lymphocytes T r\u00e9gulateurs sp\u00e9cifiques capables d\u2019att\u00e9nuer la r\u00e9ponse immunitaire allergique.<\/p>\n\t\t\t\t\t\t\t\t<\/div>\n\t\t\t\t<\/div>\n\t\t\t\t<div class=\"elementor-element elementor-element-ee581af elementor-widget elementor-widget-image\" data-id=\"ee581af\" data-element_type=\"widget\" data-e-type=\"widget\" data-widget_type=\"image.default\">\n\t\t\t\t<div class=\"elementor-widget-container\">\n\t\t\t\t\t\t\t\t\t\t\t\t\t\t\t<img decoding=\"async\" width=\"1920\" height=\"1080\" data-src=\"https:\/\/dbv-technologies.com\/wp-content\/uploads\/2023\/03\/moa-image-4.jpg\" class=\"attachment-full size-full wp-image-8294 lazyload\" alt=\"Viaskin Platform MOA 4\" data-srcset=\"https:\/\/dbv-technologies.com\/wp-content\/uploads\/2023\/03\/moa-image-4.jpg 1920w, https:\/\/dbv-technologies.com\/wp-content\/uploads\/2023\/03\/moa-image-4-768x432.jpg 768w, https:\/\/dbv-technologies.com\/wp-content\/uploads\/2023\/03\/moa-image-4-1536x864.jpg 1536w\" data-sizes=\"auto\" src=\"data:image\/svg+xml;base64,PHN2ZyB3aWR0aD0iMSIgaGVpZ2h0PSIxIiB4bWxucz0iaHR0cDovL3d3dy53My5vcmcvMjAwMC9zdmciPjwvc3ZnPg==\" style=\"--smush-placeholder-width: 1920px; --smush-placeholder-aspect-ratio: 1920\/1080;\" data-original-sizes=\"(max-width: 1920px) 100vw, 1920px\" \/>\t\t\t\t\t\t\t\t\t\t\t\t\t\t\t<\/div>\n\t\t\t\t<\/div>\n\t\t\t\t<div class=\"elementor-element elementor-element-3426c83 disclaimer elementor-widget elementor-widget-text-editor\" data-id=\"3426c83\" data-element_type=\"widget\" data-e-type=\"widget\" data-widget_type=\"text-editor.default\">\n\t\t\t\t<div class=\"elementor-widget-container\">\n\t\t\t\t\t\t\t\t\t<p>DBV poursuit ses recherches sur les m\u00e9canismes exact par lesquels intervient la d\u00e9sensibilisation.<\/p>\n\t\t\t\t\t\t\t\t<\/div>\n\t\t\t\t<\/div>\n\t\t\t\t\t<\/div>\n\t\t\t\t<\/div>\n\t\t\t\t<\/div>\n\t\t","protected":false},"excerpt":{"rendered":"<p>DBV a pour objectif d\u2019exploiter les propri\u00e9t\u00e9s immunitaires uniques de la peau Les informations contenues ici sont en cours d\u2019investigation clinique. Les produits utilisant la technologie du patch VIASKIN\u00ae sont destin\u00e9s uniquement \u00e0 une utilisation exp\u00e9rimentale et n\u2019ont pas encore \u00e9t\u00e9 approuv\u00e9s par la Food and Drug Administration ou par toute autre agence r\u00e9glementaire, quel [&hellip;]<\/p>\n","protected":false},"author":1,"featured_media":0,"parent":9146,"menu_order":0,"comment_status":"closed","ping_status":"closed","template":"","meta":{"_acf_changed":false,"site-sidebar-layout":"no-sidebar","site-content-layout":"page-builder","ast-site-content-layout":"default","site-content-style":"default","site-sidebar-style":"default","ast-global-header-display":"","ast-banner-title-visibility":"","ast-main-header-display":"","ast-hfb-above-header-display":"","ast-hfb-below-header-display":"","ast-hfb-mobile-header-display":"","site-post-title":"disabled","ast-breadcrumbs-content":"","ast-featured-img":"disabled","footer-sml-layout":"","ast-disable-related-posts":"","theme-transparent-header-meta":"","adv-header-id-meta":"","stick-header-meta":"","header-above-stick-meta":"","header-main-stick-meta":"","header-below-stick-meta":"","astra-migrate-meta-layouts":"default","ast-page-background-enabled":"default","ast-page-background-meta":{"desktop":{"background-color":"var(--ast-global-color-4)","background-image":"","background-repeat":"repeat","background-position":"center center","background-size":"auto","background-attachment":"scroll","background-type":"","background-media":"","overlay-type":"","overlay-color":"","overlay-opacity":"","overlay-gradient":""},"tablet":{"background-color":"","background-image":"","background-repeat":"repeat","background-position":"center center","background-size":"auto","background-attachment":"scroll","background-type":"","background-media":"","overlay-type":"","overlay-color":"","overlay-opacity":"","overlay-gradient":""},"mobile":{"background-color":"","background-image":"","background-repeat":"repeat","background-position":"center center","background-size":"auto","background-attachment":"scroll","background-type":"","background-media":"","overlay-type":"","overlay-color":"","overlay-opacity":"","overlay-gradient":""}},"ast-content-background-meta":{"desktop":{"background-color":"var(--ast-global-color-5)","background-image":"","background-repeat":"repeat","background-position":"center center","background-size":"auto","background-attachment":"scroll","background-type":"","background-media":"","overlay-type":"","overlay-color":"","overlay-opacity":"","overlay-gradient":""},"tablet":{"background-color":"var(--ast-global-color-5)","background-image":"","background-repeat":"repeat","background-position":"center center","background-size":"auto","background-attachment":"scroll","background-type":"","background-media":"","overlay-type":"","overlay-color":"","overlay-opacity":"","overlay-gradient":""},"mobile":{"background-color":"var(--ast-global-color-5)","background-image":"","background-repeat":"repeat","background-position":"center center","background-size":"auto","background-attachment":"scroll","background-type":"","background-media":"","overlay-type":"","overlay-color":"","overlay-opacity":"","overlay-gradient":""}},"footnotes":""},"class_list":["post-9148","page","type-page","status-publish","hentry"],"acf":[],"_links":{"self":[{"href":"https:\/\/dbv-technologies.com\/fr\/wp-json\/wp\/v2\/pages\/9148","targetHints":{"allow":["GET"]}}],"collection":[{"href":"https:\/\/dbv-technologies.com\/fr\/wp-json\/wp\/v2\/pages"}],"about":[{"href":"https:\/\/dbv-technologies.com\/fr\/wp-json\/wp\/v2\/types\/page"}],"author":[{"embeddable":true,"href":"https:\/\/dbv-technologies.com\/fr\/wp-json\/wp\/v2\/users\/1"}],"replies":[{"embeddable":true,"href":"https:\/\/dbv-technologies.com\/fr\/wp-json\/wp\/v2\/comments?post=9148"}],"version-history":[{"count":0,"href":"https:\/\/dbv-technologies.com\/fr\/wp-json\/wp\/v2\/pages\/9148\/revisions"}],"up":[{"embeddable":true,"href":"https:\/\/dbv-technologies.com\/fr\/wp-json\/wp\/v2\/pages\/9146"}],"wp:attachment":[{"href":"https:\/\/dbv-technologies.com\/fr\/wp-json\/wp\/v2\/media?parent=9148"}],"curies":[{"name":"wp","href":"https:\/\/api.w.org\/{rel}","templated":true}]}}