{"id":9146,"date":"2023-03-02T22:54:25","date_gmt":"2023-03-03T03:54:25","guid":{"rendered":"https:\/\/dbv-technologies.com\/notre-science\/"},"modified":"2024-09-26T10:19:18","modified_gmt":"2024-09-26T14:19:18","slug":"notre-science","status":"publish","type":"page","link":"https:\/\/dbv-technologies.com\/fr\/notre-science\/","title":{"rendered":"Notre science"},"content":{"rendered":"\t\t<div data-elementor-type=\"wp-page\" data-elementor-id=\"9146\" class=\"elementor elementor-9146 elementor-289\" data-elementor-post-type=\"page\">\n\t\t\t\t<div class=\"elementor-element elementor-element-1fb9dcef page-hero e-flex e-con-boxed e-con e-parent\" data-id=\"1fb9dcef\" data-element_type=\"container\" data-e-type=\"container\" data-settings=\"{&quot;background_background&quot;:&quot;classic&quot;}\">\n\t\t\t\t\t<div class=\"e-con-inner\">\n\t\t\t\t<div class=\"elementor-element elementor-element-4d52e294 page-title elementor-widget elementor-widget-heading\" data-id=\"4d52e294\" data-element_type=\"widget\" data-e-type=\"widget\" data-widget_type=\"heading.default\">\n\t\t\t\t<div class=\"elementor-widget-container\">\n\t\t\t\t\t<h1 class=\"elementor-heading-title elementor-size-default\">Notre science<\/h1>\t\t\t\t<\/div>\n\t\t\t\t<\/div>\n\t\t\t\t<div class=\"elementor-element elementor-element-438450d5 elementor-widget elementor-widget-text-editor\" data-id=\"438450d5\" data-element_type=\"widget\" data-e-type=\"widget\" data-widget_type=\"text-editor.default\">\n\t\t\t\t<div class=\"elementor-widget-container\">\n\t\t\t\t\t\t\t\t\t<p>L\u2019objectif de notre science est d\u2019am\u00e9liorer la vie des patients souffrant d\u2019allergies alimentaires et d\u2019autres dysfonctionnements du syst\u00e8me immunitaire<\/p>\n\t\t\t\t\t\t\t\t<\/div>\n\t\t\t\t<\/div>\n\t\t\t\t\t<\/div>\n\t\t\t\t<\/div>\n\t\t<div class=\"elementor-element elementor-element-27327c6 e-flex e-con-boxed e-con e-parent\" data-id=\"27327c6\" data-element_type=\"container\" data-e-type=\"container\">\n\t\t\t\t\t<div class=\"e-con-inner\">\n\t\t\t\t<div class=\"elementor-element elementor-element-12b7430 elementor-widget elementor-widget-heading\" data-id=\"12b7430\" data-element_type=\"widget\" data-e-type=\"widget\" data-widget_type=\"heading.default\">\n\t\t\t\t<div class=\"elementor-widget-container\">\n\t\t\t\t\t<h2 class=\"elementor-heading-title elementor-size-default\">Les patients sont au c\u0153ur de tout ce que nous entreprenons<\/h2>\t\t\t\t<\/div>\n\t\t\t\t<\/div>\n\t\t\t\t<div class=\"elementor-element elementor-element-ad64d34 elementor-widget elementor-widget-text-editor\" data-id=\"ad64d34\" data-element_type=\"widget\" data-e-type=\"widget\" data-widget_type=\"text-editor.default\">\n\t\t\t\t<div class=\"elementor-widget-container\">\n\t\t\t\t\t\t\t\t\tLes allergies alimentaires constituent un s\u00e9rieux probl\u00e8me de sant\u00e9 qui survient lorsque l\u2019organisme d\u00e9veloppe une r\u00e9ponse immunitaire d\u00e9l\u00e9t\u00e8re vis-\u00e0-vis de certains aliments. En effet, chez les personnes souffrant d\u2019allergies alimentaires, le syst\u00e8me immunitaire r\u00e9agit de mani\u00e8re forte et inappropri\u00e9e \u00e0 certains aliments, en les consid\u00e9rant \u00e0 tort comme un corps \u00e9tranger nuisible. Pour ces patients et leur famille, l\u2019allergie alimentaire est une source de pr\u00e9occupation permanente.\n\nHistoriquement, les patients souffrant d\u2019 allergies alimentaires ne disposaient d\u2019aucune solution th\u00e9rapeutique capable de r\u00e9\u00e9duquer leur syst\u00e8me immunitaire. La seule alternative consistait en l\u2019\u00e9viction des aliments responsables de la r\u00e9action allergique et \u00e0 l\u2019utilisation de m\u00e9dicaments d\u2019urgence en cas de r\u00e9action grave. Au sein de DBV, nous sommes engag\u00e9s dans la recherche et le d\u00e9veloppement de nouvelles options th\u00e9rapeutiques pour le traitement des allergies alimentaires. Nos \u00e9quipes de scientifiques et de cliniciens ont pour mission de d\u00e9velopper une technologie de patch \u00e9picutan\u00e9 appel\u00e9e Le patch VIASKIN<sup>\u00ae<\/sup>.\t\t\t\t\t\t\t\t<\/div>\n\t\t\t\t<\/div>\n\t\t\t\t<div class=\"elementor-element elementor-element-888fc1d elementor-widget elementor-widget-heading\" data-id=\"888fc1d\" data-element_type=\"widget\" data-e-type=\"widget\" data-widget_type=\"heading.default\">\n\t\t\t\t<div class=\"elementor-widget-container\">\n\t\t\t\t\t<h2 class=\"elementor-heading-title elementor-size-default\">La technologie du patch VIASKIN<sup>\u00ae<\/sup><\/h2>\t\t\t\t<\/div>\n\t\t\t\t<\/div>\n\t\t\t\t<div class=\"elementor-element elementor-element-20e3195 elementor-widget elementor-widget-image\" data-id=\"20e3195\" data-element_type=\"widget\" data-e-type=\"widget\" data-widget_type=\"image.default\">\n\t\t\t\t<div class=\"elementor-widget-container\">\n\t\t\t\t\t\t\t\t\t\t\t\t\t\t\t<img fetchpriority=\"high\" decoding=\"async\" width=\"1440\" height=\"390\" src=\"https:\/\/dbv-technologies.com\/wp-content\/uploads\/2023\/03\/viaskin-platform-moa-hero-resized.jpg\" class=\"attachment-full size-full wp-image-1616\" alt=\"\" srcset=\"https:\/\/dbv-technologies.com\/wp-content\/uploads\/2023\/03\/viaskin-platform-moa-hero-resized.jpg 1440w, https:\/\/dbv-technologies.com\/wp-content\/uploads\/2023\/03\/viaskin-platform-moa-hero-resized-768x208.jpg 768w\" sizes=\"(max-width: 1440px) 100vw, 1440px\" \/>\t\t\t\t\t\t\t\t\t\t\t\t\t\t\t<\/div>\n\t\t\t\t<\/div>\n\t\t\t\t<div class=\"elementor-element elementor-element-6833d9c no-bot-margin elementor-widget elementor-widget-text-editor\" data-id=\"6833d9c\" data-element_type=\"widget\" data-e-type=\"widget\" data-widget_type=\"text-editor.default\">\n\t\t\t\t<div class=\"elementor-widget-container\">\n\t\t\t\t\t\t\t\t\tEn tant que nouvelle cat\u00e9gorie th\u00e9rapeutique, la technologie du patch VIASKIN<sup>\u00ae<\/sup> est con\u00e7u pour r\u00e9\u00e9duquer le syst\u00e8me immunitaire par le biais de la peau. offrant ainsi aux patients une alternative de traitement non invasive.\t\t\t\t\t\t\t\t<\/div>\n\t\t\t\t<\/div>\n\t\t\t\t<div class=\"elementor-element elementor-element-189642a elementor-align-left elementor-widget elementor-widget-button\" data-id=\"189642a\" data-element_type=\"widget\" data-e-type=\"widget\" data-widget_type=\"button.default\">\n\t\t\t\t<div class=\"elementor-widget-container\">\n\t\t\t\t\t\t\t\t\t<div class=\"elementor-button-wrapper\">\n\t\t\t\t\t<a class=\"elementor-button elementor-button-link elementor-size-sm\" href=\"\/fr\/our-science\/viaskin-platform\/\">\n\t\t\t\t\t\t<span class=\"elementor-button-content-wrapper\">\n\t\t\t\t\t\t\t\t\t<span class=\"elementor-button-text\">En savoir plus <\/span>\n\t\t\t\t\t<\/span>\n\t\t\t\t\t<\/a>\n\t\t\t\t<\/div>\n\t\t\t\t\t\t\t\t<\/div>\n\t\t\t\t<\/div>\n\t\t\t\t<div class=\"elementor-element elementor-element-f841b42 elementor-widget elementor-widget-heading\" data-id=\"f841b42\" data-element_type=\"widget\" data-e-type=\"widget\" data-widget_type=\"heading.default\">\n\t\t\t\t<div class=\"elementor-widget-container\">\n\t\t\t\t\t<h2 class=\"elementor-heading-title elementor-size-default\">Publications scientifiques et pr\u00e9sentations\n<\/h2>\t\t\t\t<\/div>\n\t\t\t\t<\/div>\n\t\t\t\t<div class=\"elementor-element elementor-element-eaf46c8 elementor-widget elementor-widget-image\" data-id=\"eaf46c8\" data-element_type=\"widget\" data-e-type=\"widget\" data-widget_type=\"image.default\">\n\t\t\t\t<div class=\"elementor-widget-container\">\n\t\t\t\t\t\t\t\t\t\t\t\t\t\t\t<img decoding=\"async\" width=\"1024\" height=\"684\" data-src=\"https:\/\/dbv-technologies.com\/wp-content\/uploads\/2023\/03\/scientific-publications-1024x684-1.jpg\" class=\"attachment-full size-full wp-image-1624 lazyload\" alt=\"Three scientists talking while one is using a microscope\" data-srcset=\"https:\/\/dbv-technologies.com\/wp-content\/uploads\/2023\/03\/scientific-publications-1024x684-1.jpg 1024w, https:\/\/dbv-technologies.com\/wp-content\/uploads\/2023\/03\/scientific-publications-1024x684-1-768x513.jpg 768w\" data-sizes=\"auto\" src=\"data:image\/svg+xml;base64,PHN2ZyB3aWR0aD0iMSIgaGVpZ2h0PSIxIiB4bWxucz0iaHR0cDovL3d3dy53My5vcmcvMjAwMC9zdmciPjwvc3ZnPg==\" style=\"--smush-placeholder-width: 1024px; --smush-placeholder-aspect-ratio: 1024\/684;\" data-original-sizes=\"(max-width: 1024px) 100vw, 1024px\" \/>\t\t\t\t\t\t\t\t\t\t\t\t\t\t\t<\/div>\n\t\t\t\t<\/div>\n\t\t\t\t<div class=\"elementor-element elementor-element-4c2ccdb elementor-align-left elementor-widget elementor-widget-button\" data-id=\"4c2ccdb\" data-element_type=\"widget\" data-e-type=\"widget\" data-widget_type=\"button.default\">\n\t\t\t\t<div class=\"elementor-widget-container\">\n\t\t\t\t\t\t\t\t\t<div class=\"elementor-button-wrapper\">\n\t\t\t\t\t<a class=\"elementor-button elementor-button-link elementor-size-sm\" href=\"\/fr\/our-science\/scientific-publications-and-presentations\/\">\n\t\t\t\t\t\t<span class=\"elementor-button-content-wrapper\">\n\t\t\t\t\t\t\t\t\t<span class=\"elementor-button-text\">En savoir plus<\/span>\n\t\t\t\t\t<\/span>\n\t\t\t\t\t<\/a>\n\t\t\t\t<\/div>\n\t\t\t\t\t\t\t\t<\/div>\n\t\t\t\t<\/div>\n\t\t\t\t\t<\/div>\n\t\t\t\t<\/div>\n\t\t\t\t<\/div>\n\t\t","protected":false},"excerpt":{"rendered":"<p>L\u2019objectif de notre science est d\u2019am\u00e9liorer la vie des patients souffrant d\u2019allergies alimentaires et d\u2019autres dysfonctionnements du syst\u00e8me immunitaire Les patients sont au c\u0153ur de tout ce que nous entreprenons Les allergies alimentaires constituent un s\u00e9rieux probl\u00e8me de sant\u00e9 qui survient lorsque l\u2019organisme d\u00e9veloppe une r\u00e9ponse immunitaire d\u00e9l\u00e9t\u00e8re vis-\u00e0-vis de certains aliments. En effet, chez [&hellip;]<\/p>\n","protected":false},"author":1,"featured_media":0,"parent":0,"menu_order":0,"comment_status":"closed","ping_status":"closed","template":"","meta":{"_acf_changed":false,"site-sidebar-layout":"no-sidebar","site-content-layout":"page-builder","ast-site-content-layout":"default","site-content-style":"default","site-sidebar-style":"default","ast-global-header-display":"","ast-banner-title-visibility":"","ast-main-header-display":"","ast-hfb-above-header-display":"","ast-hfb-below-header-display":"","ast-hfb-mobile-header-display":"","site-post-title":"disabled","ast-breadcrumbs-content":"","ast-featured-img":"disabled","footer-sml-layout":"","ast-disable-related-posts":"","theme-transparent-header-meta":"","adv-header-id-meta":"","stick-header-meta":"","header-above-stick-meta":"","header-main-stick-meta":"","header-below-stick-meta":"","astra-migrate-meta-layouts":"default","ast-page-background-enabled":"default","ast-page-background-meta":{"desktop":{"background-color":"var(--ast-global-color-4)","background-image":"","background-repeat":"repeat","background-position":"center center","background-size":"auto","background-attachment":"scroll","background-type":"","background-media":"","overlay-type":"","overlay-color":"","overlay-opacity":"","overlay-gradient":""},"tablet":{"background-color":"","background-image":"","background-repeat":"repeat","background-position":"center center","background-size":"auto","background-attachment":"scroll","background-type":"","background-media":"","overlay-type":"","overlay-color":"","overlay-opacity":"","overlay-gradient":""},"mobile":{"background-color":"","background-image":"","background-repeat":"repeat","background-position":"center center","background-size":"auto","background-attachment":"scroll","background-type":"","background-media":"","overlay-type":"","overlay-color":"","overlay-opacity":"","overlay-gradient":""}},"ast-content-background-meta":{"desktop":{"background-color":"var(--ast-global-color-5)","background-image":"","background-repeat":"repeat","background-position":"center center","background-size":"auto","background-attachment":"scroll","background-type":"","background-media":"","overlay-type":"","overlay-color":"","overlay-opacity":"","overlay-gradient":""},"tablet":{"background-color":"var(--ast-global-color-5)","background-image":"","background-repeat":"repeat","background-position":"center center","background-size":"auto","background-attachment":"scroll","background-type":"","background-media":"","overlay-type":"","overlay-color":"","overlay-opacity":"","overlay-gradient":""},"mobile":{"background-color":"var(--ast-global-color-5)","background-image":"","background-repeat":"repeat","background-position":"center center","background-size":"auto","background-attachment":"scroll","background-type":"","background-media":"","overlay-type":"","overlay-color":"","overlay-opacity":"","overlay-gradient":""}},"footnotes":""},"class_list":["post-9146","page","type-page","status-publish","hentry"],"acf":[],"_links":{"self":[{"href":"https:\/\/dbv-technologies.com\/fr\/wp-json\/wp\/v2\/pages\/9146","targetHints":{"allow":["GET"]}}],"collection":[{"href":"https:\/\/dbv-technologies.com\/fr\/wp-json\/wp\/v2\/pages"}],"about":[{"href":"https:\/\/dbv-technologies.com\/fr\/wp-json\/wp\/v2\/types\/page"}],"author":[{"embeddable":true,"href":"https:\/\/dbv-technologies.com\/fr\/wp-json\/wp\/v2\/users\/1"}],"replies":[{"embeddable":true,"href":"https:\/\/dbv-technologies.com\/fr\/wp-json\/wp\/v2\/comments?post=9146"}],"version-history":[{"count":0,"href":"https:\/\/dbv-technologies.com\/fr\/wp-json\/wp\/v2\/pages\/9146\/revisions"}],"wp:attachment":[{"href":"https:\/\/dbv-technologies.com\/fr\/wp-json\/wp\/v2\/media?parent=9146"}],"curies":[{"name":"wp","href":"https:\/\/api.w.org\/{rel}","templated":true}]}}