{"id":9130,"date":"2023-03-02T22:52:38","date_gmt":"2023-03-03T03:52:38","guid":{"rendered":"https:\/\/dbv-technologies.com\/carrieres\/"},"modified":"2025-07-29T11:46:46","modified_gmt":"2025-07-29T15:46:46","slug":"carrieres","status":"publish","type":"page","link":"https:\/\/dbv-technologies.com\/fr\/carrieres\/","title":{"rendered":"Carri\u00e8res"},"content":{"rendered":"\t\t<div data-elementor-type=\"wp-page\" data-elementor-id=\"9130\" class=\"elementor elementor-9130 elementor-281\" data-elementor-post-type=\"page\">\n\t\t\t\t<div class=\"elementor-element elementor-element-689f06c page-hero e-flex e-con-boxed e-con e-parent\" data-id=\"689f06c\" data-element_type=\"container\" data-e-type=\"container\" data-settings=\"{&quot;background_background&quot;:&quot;classic&quot;}\">\n\t\t\t\t\t<div class=\"e-con-inner\">\n\t\t\t\t<div class=\"elementor-element elementor-element-edd99a8 page-title elementor-widget elementor-widget-heading\" data-id=\"edd99a8\" data-element_type=\"widget\" data-e-type=\"widget\" data-widget_type=\"heading.default\">\n\t\t\t\t<div class=\"elementor-widget-container\">\n\t\t\t\t\t<h1 class=\"elementor-heading-title elementor-size-default\">Carri\u00e8res<\/h1>\t\t\t\t<\/div>\n\t\t\t\t<\/div>\n\t\t\t\t\t<\/div>\n\t\t\t\t<\/div>\n\t\t<div class=\"elementor-element elementor-element-96d2a48 e-flex e-con-boxed e-con e-parent\" data-id=\"96d2a48\" data-element_type=\"container\" data-e-type=\"container\">\n\t\t\t\t\t<div class=\"e-con-inner\">\n\t\t\t\t<div class=\"elementor-element elementor-element-e9385bf elementor-widget elementor-widget-heading\" data-id=\"e9385bf\" data-element_type=\"widget\" data-e-type=\"widget\" data-widget_type=\"heading.default\">\n\t\t\t\t<div class=\"elementor-widget-container\">\n\t\t\t\t\t<h2 class=\"elementor-heading-title elementor-size-default\">De l\u2019innovation pour une vie pleine d\u2019audace.<\/h2>\t\t\t\t<\/div>\n\t\t\t\t<\/div>\n\t\t\t\t<div class=\"elementor-element elementor-element-1cfe8cc elementor-widget elementor-widget-text-editor\" data-id=\"1cfe8cc\" data-element_type=\"widget\" data-e-type=\"widget\" data-widget_type=\"text-editor.default\">\n\t\t\t\t<div class=\"elementor-widget-container\">\n\t\t\t\t\t\t\t\t\t<p>Chez DBV Technologies, nous c\u00e9l\u00e9brons la pleine expression de nos quatre valeurs fondamentales et des comportements professionnels qui leur sont associ\u00e9s. \u00c9galement connues sous le nom des \u00ab 4C\u2019s \u00bb, ces valeurs (curiosit\u00e9, courage, collaboration et cr\u00e9dibilit\u00e9) sont profond\u00e9ment ancr\u00e9es dans l\u2019ADN de notre entreprise.<\/p>\n\t\t\t\t\t\t\t\t<\/div>\n\t\t\t\t<\/div>\n\t\t\t\t<div class=\"elementor-element elementor-element-591d5c6 elementor-widget-divider--view-line elementor-widget elementor-widget-divider\" data-id=\"591d5c6\" data-element_type=\"widget\" data-e-type=\"widget\" data-widget_type=\"divider.default\">\n\t\t\t\t<div class=\"elementor-widget-container\">\n\t\t\t\t\t\t\t<div class=\"elementor-divider\">\n\t\t\t<span class=\"elementor-divider-separator\">\n\t\t\t\t\t\t<\/span>\n\t\t<\/div>\n\t\t\t\t\t\t<\/div>\n\t\t\t\t<\/div>\n\t\t\t\t<div class=\"elementor-element elementor-element-f9b1a61 elementor-widget elementor-widget-heading\" data-id=\"f9b1a61\" data-element_type=\"widget\" data-e-type=\"widget\" data-widget_type=\"heading.default\">\n\t\t\t\t<div class=\"elementor-widget-container\">\n\t\t\t\t\t<h2 class=\"elementor-heading-title elementor-size-default\">Nos valeurs fondamentales<\/h2>\t\t\t\t<\/div>\n\t\t\t\t<\/div>\n\t\t\t\t<div class=\"elementor-element elementor-element-0362870 no-bot-margin elementor-widget elementor-widget-heading\" data-id=\"0362870\" data-element_type=\"widget\" data-e-type=\"widget\" data-widget_type=\"heading.default\">\n\t\t\t\t<div class=\"elementor-widget-container\">\n\t\t\t\t\t<h3 class=\"elementor-heading-title elementor-size-default\">Courage<\/h3>\t\t\t\t<\/div>\n\t\t\t\t<\/div>\n\t\t\t\t<div class=\"elementor-element elementor-element-1b7c1f7 elementor-widget elementor-widget-text-editor\" data-id=\"1b7c1f7\" data-element_type=\"widget\" data-e-type=\"widget\" data-widget_type=\"text-editor.default\">\n\t\t\t\t<div class=\"elementor-widget-container\">\n\t\t\t\t\t\t\t\t\tPrendre des risques intelligents et s\u2019entraider pour s\u2019am\u00e9liorer sans cesse. Repousser les limites, transformer les challenges en opportunit\u00e9s. Se responsabiliser sur nos choix, nos avis, nos actes.\n\n\t\t\t\t\t\t\t\t<\/div>\n\t\t\t\t<\/div>\n\t\t\t\t<div class=\"elementor-element elementor-element-651674b no-bot-margin elementor-widget elementor-widget-heading\" data-id=\"651674b\" data-element_type=\"widget\" data-e-type=\"widget\" data-widget_type=\"heading.default\">\n\t\t\t\t<div class=\"elementor-widget-container\">\n\t\t\t\t\t<h3 class=\"elementor-heading-title elementor-size-default\">Curiosit\u00e9<\/h3>\t\t\t\t<\/div>\n\t\t\t\t<\/div>\n\t\t\t\t<div class=\"elementor-element elementor-element-a481cda elementor-widget elementor-widget-text-editor\" data-id=\"a481cda\" data-element_type=\"widget\" data-e-type=\"widget\" data-widget_type=\"text-editor.default\">\n\t\t\t\t<div class=\"elementor-widget-container\">\n\t\t\t\t\t\t\t\t\t<p>Continuer \u00e0 explorer de nouveaux horizons. Se demander \u00ab Pourquoi ? \u00bb et surtout \u00ab Pourquoi pas ?<\/p>\n\t\t\t\t\t\t\t\t<\/div>\n\t\t\t\t<\/div>\n\t\t\t\t<div class=\"elementor-element elementor-element-5d56186 no-bot-margin elementor-widget elementor-widget-heading\" data-id=\"5d56186\" data-element_type=\"widget\" data-e-type=\"widget\" data-widget_type=\"heading.default\">\n\t\t\t\t<div class=\"elementor-widget-container\">\n\t\t\t\t\t<h3 class=\"elementor-heading-title elementor-size-default\">Collaboration<\/h3>\t\t\t\t<\/div>\n\t\t\t\t<\/div>\n\t\t\t\t<div class=\"elementor-element elementor-element-b93152a elementor-widget elementor-widget-text-editor\" data-id=\"b93152a\" data-element_type=\"widget\" data-e-type=\"widget\" data-widget_type=\"text-editor.default\">\n\t\t\t\t<div class=\"elementor-widget-container\">\n\t\t\t\t\t\t\t\t\t<p>Apprendre les uns des autres. Grandir et se d\u00e9velopper en tant qu\u2019\u00e9quipe multiculturelle et internationale, au service de nos objectifs communs.<\/p>\n\t\t\t\t\t\t\t\t<\/div>\n\t\t\t\t<\/div>\n\t\t\t\t<div class=\"elementor-element elementor-element-a2c2506 no-bot-margin elementor-widget elementor-widget-heading\" data-id=\"a2c2506\" data-element_type=\"widget\" data-e-type=\"widget\" data-widget_type=\"heading.default\">\n\t\t\t\t<div class=\"elementor-widget-container\">\n\t\t\t\t\t<h3 class=\"elementor-heading-title elementor-size-default\">Cr\u00e9dibilit\u00e9<\/h3>\t\t\t\t<\/div>\n\t\t\t\t<\/div>\n\t\t\t\t<div class=\"elementor-element elementor-element-77e7767 elementor-widget elementor-widget-text-editor\" data-id=\"77e7767\" data-element_type=\"widget\" data-e-type=\"widget\" data-widget_type=\"text-editor.default\">\n\t\t\t\t<div class=\"elementor-widget-container\">\n\t\t\t\t\t\t\t\t\t<p>Donner le meilleur de nous-m\u00eame. Notre transparence et notre savoir-faire sont la base de notre relation avec nos patients, nos partenaires, nos actionnaires. Les donn\u00e9es et les r\u00e9sultats sont ce qui comptent le plus pour nous.<\/p>\n\t\t\t\t\t\t\t\t<\/div>\n\t\t\t\t<\/div>\n\t\t\t\t<div class=\"elementor-element elementor-element-6599baa elementor-widget elementor-widget-heading\" data-id=\"6599baa\" data-element_type=\"widget\" data-e-type=\"widget\" data-widget_type=\"heading.default\">\n\t\t\t\t<div class=\"elementor-widget-container\">\n\t\t\t\t\t<h2 class=\"elementor-heading-title elementor-size-default\">Travailler chez DBV Technologies<\/h2>\t\t\t\t<\/div>\n\t\t\t\t<\/div>\n\t\t\t\t<div class=\"elementor-element elementor-element-c810a28 elementor-widget elementor-widget-image\" data-id=\"c810a28\" data-element_type=\"widget\" data-e-type=\"widget\" data-widget_type=\"image.default\">\n\t\t\t\t<div class=\"elementor-widget-container\">\n\t\t\t\t\t\t\t\t\t\t\t\t\t\t\t<img fetchpriority=\"high\" decoding=\"async\" width=\"1872\" height=\"895\" src=\"https:\/\/dbv-technologies.com\/wp-content\/uploads\/2023\/03\/shutterstock_675406684-2-1.jpg\" class=\"attachment-full size-full wp-image-3423\" alt=\"Team having a meeting in a conference room\" srcset=\"https:\/\/dbv-technologies.com\/wp-content\/uploads\/2023\/03\/shutterstock_675406684-2-1.jpg 1872w, https:\/\/dbv-technologies.com\/wp-content\/uploads\/2023\/03\/shutterstock_675406684-2-1-768x367.jpg 768w, https:\/\/dbv-technologies.com\/wp-content\/uploads\/2023\/03\/shutterstock_675406684-2-1-1536x734.jpg 1536w\" sizes=\"(max-width: 1872px) 100vw, 1872px\" \/>\t\t\t\t\t\t\t\t\t\t\t\t\t\t\t<\/div>\n\t\t\t\t<\/div>\n\t\t\t\t<div class=\"elementor-element elementor-element-4390b1b elementor-widget elementor-widget-text-editor\" data-id=\"4390b1b\" data-element_type=\"widget\" data-e-type=\"widget\" data-widget_type=\"text-editor.default\">\n\t\t\t\t<div class=\"elementor-widget-container\">\n\t\t\t\t\t\t\t\t\t<p><strong>Avec des racines en France, et une forte pr\u00e9sence am\u00e9ricaine et australienne, notre ambition se veut mondiale.<\/strong><\/p>\n<p>Notre entreprise dispose d\u2019un large \u00e9ventail de comp\u00e9tences professionnelles et comprend des personnes multiculturelles ayant des parcours universitaires, des carri\u00e8res et des exp\u00e9riences diff\u00e9rentes. Chez DBV, chaque poste contribue \u00e0 l\u2019essor de notre entreprise.<\/p>\n\t\t\t\t\t\t\t\t<\/div>\n\t\t\t\t<\/div>\n\t\t\t\t<div class=\"elementor-element elementor-element-b2844f8 elementor-widget-divider--view-line elementor-widget elementor-widget-divider\" data-id=\"b2844f8\" data-element_type=\"widget\" data-e-type=\"widget\" data-widget_type=\"divider.default\">\n\t\t\t\t<div class=\"elementor-widget-container\">\n\t\t\t\t\t\t\t<div class=\"elementor-divider\">\n\t\t\t<span class=\"elementor-divider-separator\">\n\t\t\t\t\t\t<\/span>\n\t\t<\/div>\n\t\t\t\t\t\t<\/div>\n\t\t\t\t<\/div>\n\t\t\t\t<div class=\"elementor-element elementor-element-b01334c elementor-widget elementor-widget-heading\" data-id=\"b01334c\" data-element_type=\"widget\" data-e-type=\"widget\" data-widget_type=\"heading.default\">\n\t\t\t\t<div class=\"elementor-widget-container\">\n\t\t\t\t\t<h2 class=\"elementor-heading-title elementor-size-default\">Les avantages de travailler chez DBV<\/h2>\t\t\t\t<\/div>\n\t\t\t\t<\/div>\n\t\t\t\t<div class=\"elementor-element elementor-element-2f580f3 elementor-widget elementor-widget-image\" data-id=\"2f580f3\" data-element_type=\"widget\" data-e-type=\"widget\" data-widget_type=\"image.default\">\n\t\t\t\t<div class=\"elementor-widget-container\">\n\t\t\t\t\t\t\t\t\t\t\t\t\t\t\t<img decoding=\"async\" width=\"1872\" height=\"895\" data-src=\"https:\/\/dbv-technologies.com\/wp-content\/uploads\/2023\/03\/shutterstock_675406684-1-2.jpg\" class=\"attachment-full size-full wp-image-3428 lazyload\" alt=\"Scientists performing an experiment\" data-srcset=\"https:\/\/dbv-technologies.com\/wp-content\/uploads\/2023\/03\/shutterstock_675406684-1-2.jpg 1872w, https:\/\/dbv-technologies.com\/wp-content\/uploads\/2023\/03\/shutterstock_675406684-1-2-768x367.jpg 768w, https:\/\/dbv-technologies.com\/wp-content\/uploads\/2023\/03\/shutterstock_675406684-1-2-1536x734.jpg 1536w\" data-sizes=\"auto\" src=\"data:image\/svg+xml;base64,PHN2ZyB3aWR0aD0iMSIgaGVpZ2h0PSIxIiB4bWxucz0iaHR0cDovL3d3dy53My5vcmcvMjAwMC9zdmciPjwvc3ZnPg==\" style=\"--smush-placeholder-width: 1872px; --smush-placeholder-aspect-ratio: 1872\/895;\" data-original-sizes=\"(max-width: 1872px) 100vw, 1872px\" \/>\t\t\t\t\t\t\t\t\t\t\t\t\t\t\t<\/div>\n\t\t\t\t<\/div>\n\t\t\t\t<div class=\"elementor-element elementor-element-bd2e290 elementor-widget elementor-widget-text-editor\" data-id=\"bd2e290\" data-element_type=\"widget\" data-e-type=\"widget\" data-widget_type=\"text-editor.default\">\n\t\t\t\t<div class=\"elementor-widget-container\">\n\t\t\t\t\t\t\t\t\t<p><strong>Chez DBV, nous avons mis en place une approche comp\u00e9titive et innovante pour attirer et fid\u00e9liser nos collaborateurs.<\/strong><\/p>\n<p>Nous offrons un environnement souple et dynamique aux personnes passionn\u00e9es par les avanc\u00e9es th\u00e9rapeutiques et qui souhaitent s\u2019engager dans une exploration scientifique cr\u00e9ative, faire partie d\u2019une \u00e9quipe de petite taille mais d\u2019envergure internationale, et \u00eatre responsables de d\u00e9veloppements majeurs au service des patients. Nous encourageons nos collaborateurs \u00e0 cr\u00e9er de la valeur et nous alignons nos activit\u00e9s sur leurs int\u00e9r\u00eats ainsi que sur ceux de nos parties prenantes, patients, actionnaires et de la soci\u00e9t\u00e9 en g\u00e9n\u00e9ral.<\/p>\n<p>Notre philosophie en mati\u00e8re d\u2019avantages sociaux est fond\u00e9e sur notre culture d\u2019entreprise et refl\u00e8te nos valeurs fondamentales 4C\u2019s. Elle est con\u00e7ue pour fid\u00e9liser et motiver nos collaborateurs en reconnaissant leur performance, en renfor\u00e7ant l\u2019\u00e9quit\u00e9 interne et en favorisant leur d\u00e9veloppement.<\/p>\n<p>Vous souhaitez rejoindre une entreprise biotechnologique ambitieuse o\u00f9 les collaborateurs sont passionn\u00e9s par la science et l\u2019innovation? Rejoignez DBV Technologies!<\/p>\n\t\t\t\t\t\t\t\t<\/div>\n\t\t\t\t<\/div>\n\t\t\t\t<div class=\"elementor-element elementor-element-d138c54 elementor-widget-divider--view-line elementor-widget elementor-widget-divider\" data-id=\"d138c54\" data-element_type=\"widget\" data-e-type=\"widget\" id=\"positions\" data-widget_type=\"divider.default\">\n\t\t\t\t<div class=\"elementor-widget-container\">\n\t\t\t\t\t\t\t<div class=\"elementor-divider\">\n\t\t\t<span class=\"elementor-divider-separator\">\n\t\t\t\t\t\t<\/span>\n\t\t<\/div>\n\t\t\t\t\t\t<\/div>\n\t\t\t\t<\/div>\n\t\t\t\t<div class=\"elementor-element elementor-element-7fdd182 elementor-widget elementor-widget-heading\" data-id=\"7fdd182\" data-element_type=\"widget\" data-e-type=\"widget\" data-widget_type=\"heading.default\">\n\t\t\t\t<div class=\"elementor-widget-container\">\n\t\t\t\t\t<h2 class=\"elementor-heading-title elementor-size-default\">Rejoignez notre \u00e9quipe<\/h2>\t\t\t\t<\/div>\n\t\t\t\t<\/div>\n\t\t\t\t<div class=\"elementor-element elementor-element-fc9a316 elementor-widget elementor-widget-html\" data-id=\"fc9a316\" data-element_type=\"widget\" data-e-type=\"widget\" data-widget_type=\"html.default\">\n\t\t\t\t<div class=\"elementor-widget-container\">\n\t\t\t\t\t<script src=\"https:\/\/scripts.teamtailor-cdn.com\/widgets\/eu-pink\/jobs.js\" async charset=\"utf-8\"><\/script><div class=\"teamtailor-jobs-widget\" data-teamtailor-limit=\"20\" data-teamtailor-popup=\"true\" data-teamtailor-api-key=\"1PWq4J_DArEmRtGUcWThzB--qGmvckaTZwgHNfm0\"><\/div>      \t\t\t\t<\/div>\n\t\t\t\t<\/div>\n\t\t\t\t<div class=\"elementor-element elementor-element-9f55847 elementor-widget-divider--view-line elementor-widget elementor-widget-divider\" data-id=\"9f55847\" data-element_type=\"widget\" data-e-type=\"widget\" data-widget_type=\"divider.default\">\n\t\t\t\t<div class=\"elementor-widget-container\">\n\t\t\t\t\t\t\t<div class=\"elementor-divider\">\n\t\t\t<span class=\"elementor-divider-separator\">\n\t\t\t\t\t\t<\/span>\n\t\t<\/div>\n\t\t\t\t\t\t<\/div>\n\t\t\t\t<\/div>\n\t\t\t\t<div class=\"elementor-element elementor-element-d9101e5 elementor-widget elementor-widget-text-editor\" data-id=\"d9101e5\" data-element_type=\"widget\" data-e-type=\"widget\" data-widget_type=\"text-editor.default\">\n\t\t\t\t<div class=\"elementor-widget-container\">\n\t\t\t\t\t\t\t\t\t<p>DBV offre l\u2019\u00e9galit\u00e9 des chances en mati\u00e8re d\u2019emploi \u00e0 tous les employ\u00e9s et candidats et se mobilise contre toutes formes de discrimination, et met \u00e9galement en \u0153uvre dans sa politique de recrutement des actions concr\u00e8tes pour donner \u00e0 chacun, \u00e0 comp\u00e9tences et exp\u00e9riences professionnelles \u00e9gales, les m\u00eames possibilit\u00e9s d\u2019acc\u00e9der \u00e0 l\u2019emploi et de construire son parcours professionnel.<\/p>\n\t\t\t\t\t\t\t\t<\/div>\n\t\t\t\t<\/div>\n\t\t\t\t\t<\/div>\n\t\t\t\t<\/div>\n\t\t\t\t<\/div>\n\t\t","protected":false},"excerpt":{"rendered":"<p>De l\u2019innovation pour une vie pleine d\u2019audace. Chez DBV Technologies, nous c\u00e9l\u00e9brons la pleine expression de nos quatre valeurs fondamentales et des comportements professionnels qui leur sont associ\u00e9s. \u00c9galement connues sous le nom des \u00ab 4C\u2019s \u00bb, ces valeurs (curiosit\u00e9, courage, collaboration et cr\u00e9dibilit\u00e9) sont profond\u00e9ment ancr\u00e9es dans l\u2019ADN de notre entreprise. Nos valeurs fondamentales [&hellip;]<\/p>\n","protected":false},"author":1,"featured_media":0,"parent":0,"menu_order":0,"comment_status":"closed","ping_status":"closed","template":"","meta":{"_acf_changed":false,"site-sidebar-layout":"no-sidebar","site-content-layout":"page-builder","ast-site-content-layout":"default","site-content-style":"default","site-sidebar-style":"default","ast-global-header-display":"","ast-banner-title-visibility":"","ast-main-header-display":"","ast-hfb-above-header-display":"","ast-hfb-below-header-display":"","ast-hfb-mobile-header-display":"","site-post-title":"disabled","ast-breadcrumbs-content":"","ast-featured-img":"disabled","footer-sml-layout":"","ast-disable-related-posts":"","theme-transparent-header-meta":"","adv-header-id-meta":"","stick-header-meta":"","header-above-stick-meta":"","header-main-stick-meta":"","header-below-stick-meta":"","astra-migrate-meta-layouts":"default","ast-page-background-enabled":"default","ast-page-background-meta":{"desktop":{"background-color":"var(--ast-global-color-4)","background-image":"","background-repeat":"repeat","background-position":"center center","background-size":"auto","background-attachment":"scroll","background-type":"","background-media":"","overlay-type":"","overlay-color":"","overlay-opacity":"","overlay-gradient":""},"tablet":{"background-color":"","background-image":"","background-repeat":"repeat","background-position":"center center","background-size":"auto","background-attachment":"scroll","background-type":"","background-media":"","overlay-type":"","overlay-color":"","overlay-opacity":"","overlay-gradient":""},"mobile":{"background-color":"","background-image":"","background-repeat":"repeat","background-position":"center center","background-size":"auto","background-attachment":"scroll","background-type":"","background-media":"","overlay-type":"","overlay-color":"","overlay-opacity":"","overlay-gradient":""}},"ast-content-background-meta":{"desktop":{"background-color":"var(--ast-global-color-5)","background-image":"","background-repeat":"repeat","background-position":"center center","background-size":"auto","background-attachment":"scroll","background-type":"","background-media":"","overlay-type":"","overlay-color":"","overlay-opacity":"","overlay-gradient":""},"tablet":{"background-color":"var(--ast-global-color-5)","background-image":"","background-repeat":"repeat","background-position":"center center","background-size":"auto","background-attachment":"scroll","background-type":"","background-media":"","overlay-type":"","overlay-color":"","overlay-opacity":"","overlay-gradient":""},"mobile":{"background-color":"var(--ast-global-color-5)","background-image":"","background-repeat":"repeat","background-position":"center center","background-size":"auto","background-attachment":"scroll","background-type":"","background-media":"","overlay-type":"","overlay-color":"","overlay-opacity":"","overlay-gradient":""}},"footnotes":""},"class_list":["post-9130","page","type-page","status-publish","hentry"],"acf":[],"_links":{"self":[{"href":"https:\/\/dbv-technologies.com\/fr\/wp-json\/wp\/v2\/pages\/9130","targetHints":{"allow":["GET"]}}],"collection":[{"href":"https:\/\/dbv-technologies.com\/fr\/wp-json\/wp\/v2\/pages"}],"about":[{"href":"https:\/\/dbv-technologies.com\/fr\/wp-json\/wp\/v2\/types\/page"}],"author":[{"embeddable":true,"href":"https:\/\/dbv-technologies.com\/fr\/wp-json\/wp\/v2\/users\/1"}],"replies":[{"embeddable":true,"href":"https:\/\/dbv-technologies.com\/fr\/wp-json\/wp\/v2\/comments?post=9130"}],"version-history":[{"count":0,"href":"https:\/\/dbv-technologies.com\/fr\/wp-json\/wp\/v2\/pages\/9130\/revisions"}],"wp:attachment":[{"href":"https:\/\/dbv-technologies.com\/fr\/wp-json\/wp\/v2\/media?parent=9130"}],"curies":[{"name":"wp","href":"https:\/\/api.w.org\/{rel}","templated":true}]}}