{"id":9092,"date":"2023-03-02T22:53:15","date_gmt":"2023-03-03T03:53:15","guid":{"rendered":"https:\/\/dbv-technologies.com\/a-propos-de-dbv\/"},"modified":"2024-09-20T10:50:38","modified_gmt":"2024-09-20T14:50:38","slug":"a-propos-de-dbv","status":"publish","type":"page","link":"https:\/\/dbv-technologies.com\/fr\/a-propos-de-dbv\/","title":{"rendered":"\u00c0 propos de DBV"},"content":{"rendered":"\t\t<div data-elementor-type=\"wp-page\" data-elementor-id=\"9092\" class=\"elementor elementor-9092 elementor-285\" data-elementor-post-type=\"page\">\n\t\t\t\t<div class=\"elementor-element elementor-element-5dc3e76 page-hero e-flex e-con-boxed e-con e-parent\" data-id=\"5dc3e76\" data-element_type=\"container\" data-e-type=\"container\" data-settings=\"{&quot;background_background&quot;:&quot;classic&quot;}\">\n\t\t\t\t\t<div class=\"e-con-inner\">\n\t\t\t\t<div class=\"elementor-element elementor-element-35f2047 page-title elementor-widget elementor-widget-heading\" data-id=\"35f2047\" data-element_type=\"widget\" data-e-type=\"widget\" data-widget_type=\"heading.default\">\n\t\t\t\t<div class=\"elementor-widget-container\">\n\t\t\t\t\t<h1 class=\"elementor-heading-title elementor-size-default\">\u00c0 propos de DBV<\/h1>\t\t\t\t<\/div>\n\t\t\t\t<\/div>\n\t\t\t\t\t<\/div>\n\t\t\t\t<\/div>\n\t\t<div class=\"elementor-element elementor-element-cc52c6b e-flex e-con-boxed e-con e-parent\" data-id=\"cc52c6b\" data-element_type=\"container\" data-e-type=\"container\">\n\t\t\t\t\t<div class=\"e-con-inner\">\n\t\t\t\t<div class=\"elementor-element elementor-element-0a12a5d elementor-widget elementor-widget-text-editor\" data-id=\"0a12a5d\" data-element_type=\"widget\" data-e-type=\"widget\" data-widget_type=\"text-editor.default\">\n\t\t\t\t<div class=\"elementor-widget-container\">\n\t\t\t\t\t\t\t\t\tDBV Technologies est une entreprise biopharmaceutique internationale au stade clinique, fond\u00e9e par des p\u00e9diatres convaincus que les allergies alimentaires pourraient un jour \u00eatre trait\u00e9es efficacement.\n\nNous nous sommes donn\u00e9s pour mission de faire avancer l\u2019immunoth\u00e9rapie \u00e9picutan\u00e9e en utilisant notre technologie innovante, le patch VIASKIN<sup>\u00ae<\/sup> afin de d\u00e9velopper des alternatives th\u00e9rapeutiques pour les maladies immunologiques avec d\u2019importants besoins m\u00e9dicaux insatisfaits.\n\nCette mission constitue le moteur de notre engagement en faveur de l\u2019avanc\u00e9e des traitements pour les patients et leurs familles. C\u2019est pourquoi nous menons des recherches sur une nouvelle classe potentielle d\u2019immunoth\u00e9rapie, l\u2019immunoth\u00e9rapie \u00e9picutan\u00e9e (EPIT) dont l\u2019objectif est de r\u00e9\u00e9duquer le syst\u00e8me immunitaire des patients gr\u00e2ce \u00e0 la peau.\t\t\t\t\t\t\t\t<\/div>\n\t\t\t\t<\/div>\n\t\t\t\t<div class=\"elementor-element elementor-element-000f8ed elementor-widget-mobile__width-inherit elementor-widget elementor-widget-image\" data-id=\"000f8ed\" data-element_type=\"widget\" data-e-type=\"widget\" data-widget_type=\"image.default\">\n\t\t\t\t<div class=\"elementor-widget-container\">\n\t\t\t\t\t\t\t\t\t\t\t\t\t\t\t<img fetchpriority=\"high\" decoding=\"async\" width=\"1024\" height=\"681\" src=\"https:\/\/dbv-technologies.com\/wp-content\/uploads\/2023\/03\/about-dbv-2-1024x681-1.jpg\" class=\"attachment-full size-full wp-image-1538\" alt=\"Family lounging on hammock\" srcset=\"https:\/\/dbv-technologies.com\/wp-content\/uploads\/2023\/03\/about-dbv-2-1024x681-1.jpg 1024w, https:\/\/dbv-technologies.com\/wp-content\/uploads\/2023\/03\/about-dbv-2-1024x681-1-768x511.jpg 768w\" sizes=\"(max-width: 1024px) 100vw, 1024px\" \/>\t\t\t\t\t\t\t\t\t\t\t\t\t\t\t<\/div>\n\t\t\t\t<\/div>\n\t\t\t\t<div class=\"elementor-element elementor-element-b6b611e elementor-widget elementor-widget-text-editor\" data-id=\"b6b611e\" data-element_type=\"widget\" data-e-type=\"widget\" data-widget_type=\"text-editor.default\">\n\t\t\t\t<div class=\"elementor-widget-container\">\n\t\t\t\t\t\t\t\t\tAujourd\u2019hui, nous nous concentrons sur l\u2019utilisation du patch VIASKIN<sup>\u00ae<\/sup> pour prendre en charge les allergies alimentaires, une maladie d\u00e9vastatrice qui touche des millions de patients. Symbole d\u2019une \u00e9tape d\u00e9cisive dans notre parcours, nous esp\u00e9rons offrir le premier traitement d&rsquo;immunoth\u00e9rapie \u00e9picutan\u00e9e pour l&rsquo;allergie aux arachides.\n\nEt demain, en tant que pionniers, nous continuerons \u00e0 \u00e9tudier largement les applications de cette nouvelle classe potentielle d\u2019immunoth\u00e9rapie, notamment pour des traitements destin\u00e9s aux patients souffrant de maladies inflammatoires et auto-immunes.\t\t\t\t\t\t\t\t<\/div>\n\t\t\t\t<\/div>\n\t\t\t\t<div class=\"elementor-element elementor-element-1dc03c0 elementor-align-left elementor-widget elementor-widget-button\" data-id=\"1dc03c0\" data-element_type=\"widget\" data-e-type=\"widget\" data-widget_type=\"button.default\">\n\t\t\t\t<div class=\"elementor-widget-container\">\n\t\t\t\t\t\t\t\t\t<div class=\"elementor-button-wrapper\">\n\t\t\t\t\t<a class=\"elementor-button elementor-button-link elementor-size-sm\" href=\"https:\/\/dbv-technologies.com\/fr\/a-propos-de-dbv\/leadership\/\">\n\t\t\t\t\t\t<span class=\"elementor-button-content-wrapper\">\n\t\t\t\t\t\t\t\t\t<span class=\"elementor-button-text\">Rencontrez notre \u00e9quipe de direction<\/span>\n\t\t\t\t\t<\/span>\n\t\t\t\t\t<\/a>\n\t\t\t\t<\/div>\n\t\t\t\t\t\t\t\t<\/div>\n\t\t\t\t<\/div>\n\t\t\t\t\t<\/div>\n\t\t\t\t<\/div>\n\t\t\t\t<\/div>\n\t\t","protected":false},"excerpt":{"rendered":"<p>DBV Technologies est une entreprise biopharmaceutique internationale au stade clinique, fond\u00e9e par des p\u00e9diatres convaincus que les allergies alimentaires pourraient un jour \u00eatre trait\u00e9es efficacement. Nous nous sommes donn\u00e9s pour mission de faire avancer l\u2019immunoth\u00e9rapie \u00e9picutan\u00e9e en utilisant notre technologie innovante, le patch VIASKIN\u00ae afin de d\u00e9velopper des alternatives th\u00e9rapeutiques pour les maladies immunologiques avec [&hellip;]<\/p>\n","protected":false},"author":1,"featured_media":0,"parent":0,"menu_order":0,"comment_status":"closed","ping_status":"closed","template":"","meta":{"_acf_changed":false,"site-sidebar-layout":"no-sidebar","site-content-layout":"page-builder","ast-site-content-layout":"default","site-content-style":"default","site-sidebar-style":"default","ast-global-header-display":"","ast-banner-title-visibility":"","ast-main-header-display":"","ast-hfb-above-header-display":"","ast-hfb-below-header-display":"","ast-hfb-mobile-header-display":"","site-post-title":"disabled","ast-breadcrumbs-content":"","ast-featured-img":"disabled","footer-sml-layout":"","ast-disable-related-posts":"","theme-transparent-header-meta":"","adv-header-id-meta":"","stick-header-meta":"","header-above-stick-meta":"","header-main-stick-meta":"","header-below-stick-meta":"","astra-migrate-meta-layouts":"default","ast-page-background-enabled":"default","ast-page-background-meta":{"desktop":{"background-color":"var(--ast-global-color-4)","background-image":"","background-repeat":"repeat","background-position":"center center","background-size":"auto","background-attachment":"scroll","background-type":"","background-media":"","overlay-type":"","overlay-color":"","overlay-opacity":"","overlay-gradient":""},"tablet":{"background-color":"","background-image":"","background-repeat":"repeat","background-position":"center center","background-size":"auto","background-attachment":"scroll","background-type":"","background-media":"","overlay-type":"","overlay-color":"","overlay-opacity":"","overlay-gradient":""},"mobile":{"background-color":"","background-image":"","background-repeat":"repeat","background-position":"center center","background-size":"auto","background-attachment":"scroll","background-type":"","background-media":"","overlay-type":"","overlay-color":"","overlay-opacity":"","overlay-gradient":""}},"ast-content-background-meta":{"desktop":{"background-color":"var(--ast-global-color-5)","background-image":"","background-repeat":"repeat","background-position":"center center","background-size":"auto","background-attachment":"scroll","background-type":"","background-media":"","overlay-type":"","overlay-color":"","overlay-opacity":"","overlay-gradient":""},"tablet":{"background-color":"var(--ast-global-color-5)","background-image":"","background-repeat":"repeat","background-position":"center center","background-size":"auto","background-attachment":"scroll","background-type":"","background-media":"","overlay-type":"","overlay-color":"","overlay-opacity":"","overlay-gradient":""},"mobile":{"background-color":"var(--ast-global-color-5)","background-image":"","background-repeat":"repeat","background-position":"center center","background-size":"auto","background-attachment":"scroll","background-type":"","background-media":"","overlay-type":"","overlay-color":"","overlay-opacity":"","overlay-gradient":""}},"footnotes":""},"class_list":["post-9092","page","type-page","status-publish","hentry"],"acf":[],"_links":{"self":[{"href":"https:\/\/dbv-technologies.com\/fr\/wp-json\/wp\/v2\/pages\/9092","targetHints":{"allow":["GET"]}}],"collection":[{"href":"https:\/\/dbv-technologies.com\/fr\/wp-json\/wp\/v2\/pages"}],"about":[{"href":"https:\/\/dbv-technologies.com\/fr\/wp-json\/wp\/v2\/types\/page"}],"author":[{"embeddable":true,"href":"https:\/\/dbv-technologies.com\/fr\/wp-json\/wp\/v2\/users\/1"}],"replies":[{"embeddable":true,"href":"https:\/\/dbv-technologies.com\/fr\/wp-json\/wp\/v2\/comments?post=9092"}],"version-history":[{"count":0,"href":"https:\/\/dbv-technologies.com\/fr\/wp-json\/wp\/v2\/pages\/9092\/revisions"}],"wp:attachment":[{"href":"https:\/\/dbv-technologies.com\/fr\/wp-json\/wp\/v2\/media?parent=9092"}],"curies":[{"name":"wp","href":"https:\/\/api.w.org\/{rel}","templated":true}]}}