{"id":322,"date":"2023-02-28T09:17:55","date_gmt":"2023-02-28T14:17:55","guid":{"rendered":"https:\/\/dbv-technologies.com\/investor-overview\/gouvernance-dentreprise\/"},"modified":"2026-03-16T10:20:29","modified_gmt":"2026-03-16T14:20:29","slug":"gouvernance-dentreprise","status":"publish","type":"page","link":"https:\/\/dbv-technologies.com\/fr\/investor-overview\/gouvernance-dentreprise\/","title":{"rendered":"Gouvernance d\u2019entreprise"},"content":{"rendered":"\t\t<div data-elementor-type=\"wp-page\" data-elementor-id=\"322\" class=\"elementor elementor-322 elementor-35\" data-elementor-post-type=\"page\">\n\t\t\t\t<div class=\"elementor-element elementor-element-6e38788 page-hero e-flex e-con-boxed e-con e-parent\" data-id=\"6e38788\" data-element_type=\"container\" data-e-type=\"container\" data-settings=\"{&quot;background_background&quot;:&quot;classic&quot;}\">\n\t\t\t\t\t<div class=\"e-con-inner\">\n\t\t\t\t<div class=\"elementor-element elementor-element-cad6d4e page-title elementor-widget elementor-widget-heading\" data-id=\"cad6d4e\" data-element_type=\"widget\" data-e-type=\"widget\" data-widget_type=\"heading.default\">\n\t\t\t\t<div class=\"elementor-widget-container\">\n\t\t\t\t\t<h1 class=\"elementor-heading-title elementor-size-default\">Gouvernance d\u2019entreprise<\/h1>\t\t\t\t<\/div>\n\t\t\t\t<\/div>\n\t\t\t\t\t<\/div>\n\t\t\t\t<\/div>\n\t\t<div class=\"elementor-element elementor-element-d743601 big-orange-links e-flex e-con-boxed e-con e-parent\" data-id=\"d743601\" data-element_type=\"container\" data-e-type=\"container\">\n\t\t\t\t\t<div class=\"e-con-inner\">\n\t\t<div class=\"elementor-element elementor-element-6921b95 e-con-full e-flex e-con e-child\" data-id=\"6921b95\" data-element_type=\"container\" data-e-type=\"container\">\n\t\t\t\t<div class=\"elementor-element elementor-element-1359525 elementor-widget elementor-widget-heading\" data-id=\"1359525\" data-element_type=\"widget\" data-e-type=\"widget\" data-widget_type=\"heading.default\">\n\t\t\t\t<div class=\"elementor-widget-container\">\n\t\t\t\t\t<h2 class=\"elementor-heading-title elementor-size-default\">Documents &amp; Chartes\u200b<\/h2>\t\t\t\t<\/div>\n\t\t\t\t<\/div>\n\t\t\t\t<div class=\"elementor-element elementor-element-f80e734 elementor-widget elementor-widget-heading\" data-id=\"f80e734\" data-element_type=\"widget\" data-e-type=\"widget\" data-widget_type=\"heading.default\">\n\t\t\t\t<div class=\"elementor-widget-container\">\n\t\t\t\t\t<div class=\"elementor-heading-title elementor-size-default\"><a href=\"https:\/\/dbv-technologies.com\/wp-content\/uploads\/2026\/03\/DBV_SA-Statuts_Mars_12_2026.pdf\" target=\"_blank\">Statuts<\/a><\/div>\t\t\t\t<\/div>\n\t\t\t\t<\/div>\n\t\t\t\t<div class=\"elementor-element elementor-element-28954f8 elementor-widget elementor-widget-heading\" data-id=\"28954f8\" data-element_type=\"widget\" data-e-type=\"widget\" data-widget_type=\"heading.default\">\n\t\t\t\t<div class=\"elementor-widget-container\">\n\t\t\t\t\t<div class=\"elementor-heading-title elementor-size-default\"><a href=\"\/wp-content\/uploads\/2024\/01\/Reglement_Interieur_du_Conseil_12072023-VF.pdf\" target=\"_blank\">R\u00e8glement Int\u00e9rieur<\/a><\/div>\t\t\t\t<\/div>\n\t\t\t\t<\/div>\n\t\t\t\t<div class=\"elementor-element elementor-element-718bc5e elementor-widget elementor-widget-heading\" data-id=\"718bc5e\" data-element_type=\"widget\" data-e-type=\"widget\" data-widget_type=\"heading.default\">\n\t\t\t\t<div class=\"elementor-widget-container\">\n\t\t\t\t\t<div class=\"elementor-heading-title elementor-size-default\"><a href=\"\/wp-content\/uploads\/ir\/code-dethique_2021_vfinale.pdf\" target=\"_blank\">Code \u00e9thique<\/a><\/div>\t\t\t\t<\/div>\n\t\t\t\t<\/div>\n\t\t\t\t<\/div>\n\t\t<div class=\"elementor-element elementor-element-26ff493 e-con-full e-flex e-con e-child\" data-id=\"26ff493\" data-element_type=\"container\" data-e-type=\"container\">\n\t\t\t\t<div class=\"elementor-element elementor-element-f6bf08d elementor-widget elementor-widget-heading\" data-id=\"f6bf08d\" data-element_type=\"widget\" data-e-type=\"widget\" data-widget_type=\"heading.default\">\n\t\t\t\t<div class=\"elementor-widget-container\">\n\t\t\t\t\t<h2 class=\"elementor-heading-title elementor-size-default\">Autres liens<\/h2>\t\t\t\t<\/div>\n\t\t\t\t<\/div>\n\t\t\t\t<div class=\"elementor-element elementor-element-a284634 elementor-widget elementor-widget-heading\" data-id=\"a284634\" data-element_type=\"widget\" data-e-type=\"widget\" data-widget_type=\"heading.default\">\n\t\t\t\t<div class=\"elementor-widget-container\">\n\t\t\t\t\t<div class=\"elementor-heading-title elementor-size-default\"><a href=\"https:\/\/dbv-technologies.com\/fr\/a-propos-de-dbv\/leadership\/\">Direction<\/a><\/div>\t\t\t\t<\/div>\n\t\t\t\t<\/div>\n\t\t\t\t<div class=\"elementor-element elementor-element-ae70240 elementor-widget elementor-widget-heading\" data-id=\"ae70240\" data-element_type=\"widget\" data-e-type=\"widget\" data-widget_type=\"heading.default\">\n\t\t\t\t<div class=\"elementor-widget-container\">\n\t\t\t\t\t<div class=\"elementor-heading-title elementor-size-default\"><a href=\"\/fr\/a-propos-de-dbv\/leadership#board\">Conseil d\u2019administration<\/a><\/div>\t\t\t\t<\/div>\n\t\t\t\t<\/div>\n\t\t\t\t<\/div>\n\t\t\t\t\t<\/div>\n\t\t\t\t<\/div>\n\t\t<div class=\"elementor-element elementor-element-8e27379 irOverview e-flex e-con-boxed e-con e-parent\" data-id=\"8e27379\" data-element_type=\"container\" data-e-type=\"container\">\n\t\t\t\t\t<div class=\"e-con-inner\">\n\t\t\t\t<div class=\"elementor-element elementor-element-8ca4004 elementor-widget elementor-widget-heading\" data-id=\"8ca4004\" data-element_type=\"widget\" data-e-type=\"widget\" data-widget_type=\"heading.default\">\n\t\t\t\t<div class=\"elementor-widget-container\">\n\t\t\t\t\t<h2 class=\"elementor-heading-title elementor-size-default\">Membres du Conseil et Comit\u00e9s<\/h2>\t\t\t\t<\/div>\n\t\t\t\t<\/div>\n\t\t\t\t<div class=\"elementor-element elementor-element-76abaa0 elementor-widget elementor-widget-html\" data-id=\"76abaa0\" data-element_type=\"widget\" data-e-type=\"widget\" data-widget_type=\"html.default\">\n\t\t\t\t<div class=\"elementor-widget-container\">\n\t\t\t\t\t<div class=\"elementor-widget-container\">\n  <div class=\"flex committee-table\">\n    <div class=\"row titles\">\n      <div class=\"item\" data-label=\"\"><\/div>\n      <div class=\"item member\" data-label=\"Audit\">Audit<\/div>\n      <div class=\"item member\" data-label=\"R\u00e9mun\u00e9ration\">R\u00e9mun\u00e9ration<\/div>\n      <div class=\"item member\" data-label=\"Nominations et Gouvernance\">\n        Nominations et Gouvernance\n      <\/div>\n    <\/div>\n    <div class=\"row\">\n      <div class=\"item member\" data-label=\"Nom:\">\n        Michel de Rosen\n        <div class=\"director-label\">Pr\u00e9sident du Conseil d'Administration<\/div>\n      <\/div>\n      <div class=\"item member\" data-label=\"Audit\"><\/div>\n      <div class=\"item member\" data-label=\"R\u00e9mun\u00e9ration\">\n        <svg\n          class=\"circle-contain\"\n          xmlns=\"http:\/\/www.w3.org\/2000\/svg\"\n          viewBox=\"0 0 6 6\"\n          width=\"20\"\n          height=\"auto\"\n        >\n          <circle class=\"circle\" data-name=\"circle\" cx=\"3\" cy=\"3\" r=\"3\" \/>\n        <\/svg>\n        <span class=\"board-position\">Administrateur<\/span>\n      <\/div>\n      <div class=\"item member\" data-label=\"Nominations et Gouvernance\">\n        <svg\n          class=\"circle-contain\"\n          xmlns=\"http:\/\/www.w3.org\/2000\/svg\"\n          viewBox=\"0 0 6 6\"\n          width=\"20\"\n          height=\"auto\"\n        >\n          <circle class=\"circle\" data-name=\"circle\" cx=\"3\" cy=\"3\" r=\"3\" \/>\n        <\/svg>\n        <span class=\"board-position\">Administrateur<\/span>\n      <\/div>\n    <\/div>\n    <div class=\"row\">\n      <div class=\"item\" data-label=\"Nom:\">Adora Ndu<\/div>\n      <div class=\"item member\" data-label=\"Audit\">\n        <svg\n          class=\"circle-contain\"\n          xmlns=\"http:\/\/www.w3.org\/2000\/svg\"\n          viewBox=\"0 0 6 6\"\n          width=\"20\"\n          height=\"auto\"\n        >\n          <circle class=\"circle\" data-name=\"circle\" cx=\"3\" cy=\"3\" r=\"3\" \/>\n        <\/svg>\n        <span class=\"board-position\">Administrateur<\/span>\n      <\/div>\n      <div class=\"item\" data-label=\"R\u00e9mun\u00e9ration\"><\/div>\n      <div class=\"item\" data-label=\"Nominations et Gouvernance\"><\/div>\n    <\/div>\n    <div class=\"row\">\n      <div class=\"item\" data-label=\"Nom:\">Timothy E. Morris<\/div>\n      <div class=\"item chair\" data-label=\"Audit\">\n        <svg\n          class=\"circle-contain\"\n          xmlns=\"http:\/\/www.w3.org\/2000\/svg\"\n          viewBox=\"0 0 6 6\"\n          width=\"20\"\n          height=\"auto\"\n        >\n          <circle class=\"circle\" data-name=\"circle\" cx=\"3\" cy=\"3\" r=\"3\" \/><\/svg\n        ><span class=\"board-position\">Chair<\/span>\n      <\/div>\n      <div class=\"item\" data-label=\"R\u00e9mun\u00e9ration\"><\/div>\n      <div class=\"item\" data-label=\"Nominations et Gouvernance\"><\/div>\n    <\/div>\n    <div class=\"row\">\n      <div class=\"item\" data-label=\"Nom:\">Dani\u00e8le Guyot-Caparros<\/div>\n      <div class=\"item member\" data-label=\"Audit\">\n        <svg\n          class=\"circle-contain\"\n          xmlns=\"http:\/\/www.w3.org\/2000\/svg\"\n          viewBox=\"0 0 6 6\"\n          width=\"20\"\n          height=\"auto\"\n        >\n          <circle class=\"circle\" data-name=\"circle\" cx=\"3\" cy=\"3\" r=\"3\" \/>\n        <\/svg>\n        <span class=\"board-position\">Administrateur<\/span>\n      <\/div>\n      <div class=\"item member\" data-label=\"R\u00e9mun\u00e9ration\">\n        <svg\n          class=\"circle-contain\"\n          xmlns=\"http:\/\/www.w3.org\/2000\/svg\"\n          viewBox=\"0 0 6 6\"\n          width=\"20\"\n          height=\"auto\"\n        >\n          <circle class=\"circle\" data-name=\"circle\" cx=\"3\" cy=\"3\" r=\"3\" \/>\n        <\/svg>\n        <span class=\"board-position\">Administrateur<\/span>\n      <\/div>\n      <div class=\"item\" data-label=\"Nominations et Gouvernance\"><\/div>\n    <\/div>\n    <div class=\"row\">\n      <div class=\"item\" data-label=\"Nom:\">Julie O\u2019Neill<\/div>\n      <div class=\"item\" data-label=\"Audit\"><\/div>\n      <div class=\"item chair\" data-label=\"R\u00e9mun\u00e9ration\">\n        <svg\n          class=\"circle-contain\"\n          xmlns=\"http:\/\/www.w3.org\/2000\/svg\"\n          viewBox=\"0 0 6 6\"\n          width=\"20\"\n          height=\"auto\"\n        >\n          <circle class=\"circle\" data-name=\"circle\" cx=\"3\" cy=\"3\" r=\"3\" \/><\/svg\n        ><span class=\"board-position\">Chair<\/span>\n      <\/div>\n      <div class=\"item\" data-label=\"Nominations et Gouvernance\"><\/div>\n    <\/div>\n    <div class=\"row\">\n      <div class=\"item\" data-label=\"Nom:\">Philina Lee<\/div>\n      <div class=\"item\" data-label=\"Audit\"><\/div>\n      <div class=\"item member\" data-label=\"R\u00e9mun\u00e9ration\">\n        <svg\n          class=\"circle-contain\"\n          xmlns=\"http:\/\/www.w3.org\/2000\/svg\"\n          viewBox=\"0 0 6 6\"\n          width=\"20\"\n          height=\"auto\"\n        >\n          <circle class=\"circle\" data-name=\"circle\" cx=\"3\" cy=\"3\" r=\"3\" \/>\n        <\/svg>\n        <span class=\"board-position\">Administrateur<\/span>\n      <\/div>\n      <div class=\"item\" data-label=\"Nominations et Gouvernance\"><\/div>\n    <\/div>\n    <div class=\"row\">\n      <div class=\"item\" data-label=\"Nom:\">Michael Goller<\/div>\n      <div class=\"item\" data-label=\"Audit\"><\/div>\n      <div class=\"item\" data-label=\"R\u00e9mun\u00e9ration\"><\/div>\n      <div class=\"item chair\" data-label=\"Nominations et Gouvernance\">\n        <svg\n          class=\"circle-contain\"\n          xmlns=\"http:\/\/www.w3.org\/2000\/svg\"\n          viewBox=\"0 0 6 6\"\n          width=\"20\"\n          height=\"auto\"\n        >\n          <circle class=\"circle\" data-name=\"circle\" cx=\"3\" cy=\"3\" r=\"3\" \/><\/svg\n        ><span class=\"board-position\">Chair<\/span>\n      <\/div>\n    <\/div>\n    <div class=\"row\">\n      <div class=\"item\" data-label=\"Nom:\">Ravi Madduri Rao<\/div>\n      <div class=\"item\" data-label=\"Audit\"><\/div>\n      <div class=\"item\" data-label=\"R\u00e9mun\u00e9ration\"><\/div>\n      <div class=\"item member\" data-label=\"Nominations et Gouvernance\">\n        <svg\n          class=\"circle-contain\"\n          xmlns=\"http:\/\/www.w3.org\/2000\/svg\"\n          viewBox=\"0 0 6 6\"\n          width=\"20\"\n          height=\"auto\"\n        >\n          <circle class=\"circle\" data-name=\"circle\" cx=\"3\" cy=\"3\" r=\"3\" \/>\n        <\/svg>\n        <span class=\"board-position\">Administrateur<\/span>\n      <\/div>\n    <\/div>\n    <div class=\"row\">\n        <div class=\"item\" data-label=\"Nom:\">Ma\u00eflys Ferr\u00e8re<\/div>\n        <div class=\"item\" data-label=\"Audit\"><\/div>\n        <div class=\"item\" data-label=\"R\u00e9mun\u00e9ration\"><\/div>\n        <div class=\"item member\" data-label=\"Nominations et Gouvernance\">\n          <svg\n            class=\"circle-contain\"\n            xmlns=\"http:\/\/www.w3.org\/2000\/svg\"\n            viewBox=\"0 0 6 6\"\n            width=\"20\"\n            height=\"auto\"\n          >\n            <circle class=\"circle\" data-name=\"circle\" cx=\"3\" cy=\"3\" r=\"3\" \/>\n          <\/svg>\n          <span class=\"board-position\">Administrateur<\/span>\n        <\/div>\n      <\/div>\n  <\/div>\n  <div class=\"legend\">\n    <div class=\"chair\">\n      <svg\n        class=\"circle-contain\"\n        xmlns=\"http:\/\/www.w3.org\/2000\/svg\"\n        viewBox=\"0 0 6 6\"\n        width=\"20\"\n        height=\"auto\"\n      >\n        <circle\n          class=\"circle\"\n          data-name=\"circle\"\n          cx=\"3\"\n          cy=\"3\"\n          r=\"3\"\n        ><\/circle><\/svg\n      ><span class=\"board-position\"> Pr\u00e9sident<\/span>\n    <\/div>\n    <div class=\"member\">\n      <svg\n        class=\"circle-contain\"\n        xmlns=\"http:\/\/www.w3.org\/2000\/svg\"\n        viewBox=\"0 0 6 6\"\n        width=\"20\"\n        height=\"auto\"\n      >\n        <circle\n          class=\"circle\"\n          data-name=\"circle\"\n          cx=\"3\"\n          cy=\"3\"\n          r=\"3\"\n        ><\/circle><\/svg\n      ><span class=\"board-position\"> Administrateur<\/span>\n    <\/div>\n    \n  <\/div>\n  <style>\n    .legend {\n      display: flex;\n      align-items: center;\n    }\n    .legend div {\n      padding: 2rem 0.5rem;\n    }\n    .row.titles {\n      background-color: #ffffff4d;\n      font-weight: bold;\n    }\n    .committee-table {\n      display: flex;\n      flex-wrap: wrap;\n    }\n    .committee-table .row {\n      width: 100%;\n      display: flex;\n    }\n    .committee-table .item {\n      border-bottom: 0.5px solid var(--ast-global-color-2);\n      padding: 1rem 8px;\n      width: 25%;\n      text-align: center;\n    }\n    .committee-table div.item[data-label=\"Nom:\"] {\n      text-align: left;\n      font-weight: 600;\n    }\n    @media screen and (min-width: 768px) {\n      .item span.board-position {\n        display: none !important;\n      }\n    }\n    .circle-contain circle {\n      fill: #e5710b;\n    }\n    .chair .circle-contain circle {\n      fill: #152c4c;\n    }\n    @media screen and (max-width: 767px) {\n      .committee-table .committee-table {\n        border-bottom: 1px solid var(--ast-global-color-2);\n        margin-bottom: 10%;\n      }\n      .committee-table .row {\n        width: 100%;\n        display: block;\n        border-top: 1px solid var(--ast-global-color-2);\n        padding-top: 1rem;\n        padding-bottom: 1rem;\n      }\n      .committee-table .item {\n        border-bottom: none;\n        text-align: left;\n        padding: 0 8px 0.25rem !important;\n        width: 100%;\n      }\n      .committee-table .item[data-label*=\"Nom:\"] {\n        border-bottom: none;\n        text-align: left;\n        padding: 0 8px 1rem !important;\n        width: 100%;\n      }\n      .committee-table .item::before {\n        content: attr(data-label);\n        padding-right: 10px;\n        font-weight: bold;\n        text-transform: uppercase;\n      }\n      .committee-table td:last-child {\n        border-bottom: 0;\n      }\n      .committee-table .titles {\n        display: none;\n      }\n      .committee-table div:empty {\n        display: none;\n      }\n    }\n    .committee-table {\n      overflow-x: hidden;\n    }\n    .director-label {\n      display: block;\n      font-weight: normal;\n      line-height: 1.35rem;\n    }\n  <\/style>\n<\/div>\n\t\t\t\t<\/div>\n\t\t\t\t<\/div>\n\t\t\t\t<div class=\"elementor-element elementor-element-c461375 elementor-hidden-desktop elementor-hidden-tablet elementor-hidden-mobile elementor-widget elementor-widget-heading\" data-id=\"c461375\" data-element_type=\"widget\" data-e-type=\"widget\" data-widget_type=\"heading.default\">\n\t\t\t\t<div class=\"elementor-widget-container\">\n\t\t\t\t\t<h2 class=\"elementor-heading-title elementor-size-default\">Matrice de diversit\u00e9 du conseil<\/h2>\t\t\t\t<\/div>\n\t\t\t\t<\/div>\n\t\t\t\t\t<\/div>\n\t\t\t\t<\/div>\n\t\t<div class=\"elementor-element elementor-element-d42c631 e-con-full e-flex e-con e-parent\" data-id=\"d42c631\" data-element_type=\"container\" data-e-type=\"container\">\n\t\t\t\t<div class=\"elementor-element elementor-element-e810070 elementor-widget elementor-widget-shortcode\" data-id=\"e810070\" data-element_type=\"widget\" data-e-type=\"widget\" data-widget_type=\"shortcode.default\">\n\t\t\t\t<div class=\"elementor-widget-container\">\n\t\t\t\t\t\t\t<div class=\"elementor-shortcode\">\t\t\t\t\t<div class=\"astra-advanced-hook-8569 \">\n\t\t\t\t\t\t<div data-elementor-type=\"wp-post\" data-elementor-id=\"8569\" class=\"elementor elementor-8569 elementor-8506 elementor-8506\" data-elementor-post-type=\"astra-advanced-hook\">\n\t\t\t\t<div class=\"elementor-element elementor-element-ad84e2f lsc-ir-footer e-flex e-con-boxed e-con e-parent\" data-id=\"ad84e2f\" data-element_type=\"container\" data-e-type=\"container\">\n\t\t\t\t\t<div class=\"e-con-inner\">\n\t\t<div class=\"elementor-element elementor-element-40f79bf e-con-full e-flex e-con e-child\" data-id=\"40f79bf\" data-element_type=\"container\" data-e-type=\"container\">\n\t\t\t\t<div class=\"elementor-element elementor-element-7a29bd2 elementor-widget elementor-widget-heading\" data-id=\"7a29bd2\" data-element_type=\"widget\" data-e-type=\"widget\" data-widget_type=\"heading.default\">\n\t\t\t\t<div class=\"elementor-widget-container\">\n\t\t\t\t\t<div class=\"elementor-heading-title elementor-size-default\">Contact Relations Investisseurs<\/div>\t\t\t\t<\/div>\n\t\t\t\t<\/div>\n\t\t\t\t<div class=\"elementor-element elementor-element-1d06384 elementor-widget elementor-widget-text-editor\" data-id=\"1d06384\" data-element_type=\"widget\" data-e-type=\"widget\" data-widget_type=\"text-editor.default\">\n\t\t\t\t<div class=\"elementor-widget-container\">\n\t\t\t\t\t\t\t\t\t<div><span style=\"text-align: var(--text-align); background-color: var(--ast-global-color-7); color: var(--ast-global-color-1); font-size: 1rem; font-weight: inherit;\">Jonathan Neely<\/span><\/div><div><a style=\"text-align: var(--text-align); font-size: 1rem; font-weight: inherit;\" href=\"tel:+188483884584\">+1 848-388-4584<\/a><\/div><p><a class=\"ql-link\" href=\"mailto:jonathan.neely@dbv-technologies.com\" target=\"_blank\" rel=\"noopener noreferrer\">jonathan.neely@dbv-technologies.com<\/a><\/p>\t\t\t\t\t\t\t\t<\/div>\n\t\t\t\t<\/div>\n\t\t\t\t<\/div>\n\t\t<div class=\"elementor-element elementor-element-19b0bcf e-con-full e-flex e-con e-child\" data-id=\"19b0bcf\" data-element_type=\"container\" data-e-type=\"container\">\n\t\t\t\t<div class=\"elementor-element elementor-element-bdd3e37 elementor-widget elementor-widget-heading\" data-id=\"bdd3e37\" data-element_type=\"widget\" data-e-type=\"widget\" data-widget_type=\"heading.default\">\n\t\t\t\t<div class=\"elementor-widget-container\">\n\t\t\t\t\t<div class=\"elementor-heading-title elementor-size-default\">Contact M\u00e9dia<\/div>\t\t\t\t<\/div>\n\t\t\t\t<\/div>\n\t\t\t\t<div class=\"elementor-element elementor-element-b3f43a2 elementor-widget elementor-widget-text-editor\" data-id=\"b3f43a2\" data-element_type=\"widget\" data-e-type=\"widget\" data-widget_type=\"text-editor.default\">\n\t\t\t\t<div class=\"elementor-widget-container\">\n\t\t\t\t\t\t\t\t\t<div>Brett Whelan<\/div>\n<div><a href=\"tel:+18483507622\">+1 848-350-7622<\/a><\/div>\n<a href=\"mailto:brett.whelan@dbv-technologies.com\"> brett.whelan@dbv-technologies.com<\/a>\t\t\t\t\t\t\t\t<\/div>\n\t\t\t\t<\/div>\n\t\t\t\t<\/div>\n\t\t<div class=\"elementor-element elementor-element-375b7ca e-con-full e-flex e-con e-child\" data-id=\"375b7ca\" data-element_type=\"container\" data-e-type=\"container\">\n\t\t\t\t<div class=\"elementor-element elementor-element-83036cc elementor-widget elementor-widget-heading\" data-id=\"83036cc\" data-element_type=\"widget\" data-e-type=\"widget\" data-widget_type=\"heading.default\">\n\t\t\t\t<div class=\"elementor-widget-container\">\n\t\t\t\t\t<div class=\"elementor-heading-title elementor-size-default\">Abonnez-vous \u00e0 nos communiqu\u00e9s de presse<\/div>\t\t\t\t<\/div>\n\t\t\t\t<\/div>\n\t\t\t\t<div class=\"elementor-element elementor-element-a917a83 elementor-widget elementor-widget-button\" data-id=\"a917a83\" data-element_type=\"widget\" data-e-type=\"widget\" data-widget_type=\"button.default\">\n\t\t\t\t<div class=\"elementor-widget-container\">\n\t\t\t\t\t\t\t\t\t<div class=\"elementor-button-wrapper\">\n\t\t\t\t\t<a class=\"elementor-button elementor-button-link elementor-size-sm\" href=\"https:\/\/urldefense.proofpoint.com\/v2\/url?u=https-3A__cs.globenewswire.com_NewsArchive_View_xaxAuqIUMV8muu8Ty2HdrQ-3D-3D-3FiFrame-3Dtrue&#038;d=DwIGaQ&#038;c=Ftw_YSVcGmqQBvrGwAZugGylNRkk-uER0-5bY94tjsc&#038;r=_9cSzB2TBf9qt-S-8PrG-mgLrO6gVdpV0WpHoyyVp4U&#038;m=pjl8HpOvZ8cy4Zwgm6TEUlIflf0p7Mie5_ufyxQWWso&#038;s=98JUhMqAJpgaEh3l3-Hu-VGS01DmA43eFQQf5AaEHHo&#038;e=\">\n\t\t\t\t\t\t<span class=\"elementor-button-content-wrapper\">\n\t\t\t\t\t\t\t\t\t<span class=\"elementor-button-text\">S\u2019inscrire<\/span>\n\t\t\t\t\t<\/span>\n\t\t\t\t\t<\/a>\n\t\t\t\t<\/div>\n\t\t\t\t\t\t\t\t<\/div>\n\t\t\t\t<\/div>\n\t\t\t\t<\/div>\n\t\t\t\t\t<\/div>\n\t\t\t\t<\/div>\n\t\t\t\t<\/div>\n\t\t\t\t\t\t\t<\/div>\n\t\t\t\t<\/div>\n\t\t\t\t\t\t<\/div>\n\t\t\t\t<\/div>\n\t\t\t\t<\/div>\n\t\t\t\t<\/div>\n\t\t","protected":false},"excerpt":{"rendered":"<p>Documents &amp; Chartes\u200b Statuts R\u00e8glement Int\u00e9rieur Code \u00e9thique Autres liens Direction Conseil d\u2019administration Membres du Conseil et Comit\u00e9s Audit R\u00e9mun\u00e9ration Nominations et Gouvernance Michel de Rosen Pr\u00e9sident du Conseil d&rsquo;Administration Administrateur Administrateur Adora Ndu Administrateur Timothy E. Morris Chair Dani\u00e8le Guyot-Caparros Administrateur Administrateur Julie O\u2019Neill Chair Philina Lee Administrateur Michael Goller Chair Ravi Madduri Rao [&hellip;]<\/p>\n","protected":false},"author":2,"featured_media":0,"parent":93,"menu_order":0,"comment_status":"closed","ping_status":"closed","template":"","meta":{"_acf_changed":false,"site-sidebar-layout":"no-sidebar","site-content-layout":"page-builder","ast-site-content-layout":"default","site-content-style":"default","site-sidebar-style":"default","ast-global-header-display":"","ast-banner-title-visibility":"","ast-main-header-display":"","ast-hfb-above-header-display":"","ast-hfb-below-header-display":"","ast-hfb-mobile-header-display":"","site-post-title":"disabled","ast-breadcrumbs-content":"","ast-featured-img":"disabled","footer-sml-layout":"","ast-disable-related-posts":"","theme-transparent-header-meta":"","adv-header-id-meta":"","stick-header-meta":"","header-above-stick-meta":"","header-main-stick-meta":"","header-below-stick-meta":"","astra-migrate-meta-layouts":"set","ast-page-background-enabled":"default","ast-page-background-meta":{"desktop":{"background-color":"var(--ast-global-color-4)","background-image":"","background-repeat":"repeat","background-position":"center center","background-size":"auto","background-attachment":"scroll","background-type":"","background-media":"","overlay-type":"","overlay-color":"","overlay-opacity":"","overlay-gradient":""},"tablet":{"background-color":"","background-image":"","background-repeat":"repeat","background-position":"center center","background-size":"auto","background-attachment":"scroll","background-type":"","background-media":"","overlay-type":"","overlay-color":"","overlay-opacity":"","overlay-gradient":""},"mobile":{"background-color":"","background-image":"","background-repeat":"repeat","background-position":"center center","background-size":"auto","background-attachment":"scroll","background-type":"","background-media":"","overlay-type":"","overlay-color":"","overlay-opacity":"","overlay-gradient":""}},"ast-content-background-meta":{"desktop":{"background-color":"var(--ast-global-color-5)","background-image":"","background-repeat":"repeat","background-position":"center center","background-size":"auto","background-attachment":"scroll","background-type":"","background-media":"","overlay-type":"","overlay-color":"","overlay-opacity":"","overlay-gradient":""},"tablet":{"background-color":"var(--ast-global-color-5)","background-image":"","background-repeat":"repeat","background-position":"center center","background-size":"auto","background-attachment":"scroll","background-type":"","background-media":"","overlay-type":"","overlay-color":"","overlay-opacity":"","overlay-gradient":""},"mobile":{"background-color":"var(--ast-global-color-5)","background-image":"","background-repeat":"repeat","background-position":"center center","background-size":"auto","background-attachment":"scroll","background-type":"","background-media":"","overlay-type":"","overlay-color":"","overlay-opacity":"","overlay-gradient":""}},"footnotes":""},"class_list":["post-322","page","type-page","status-publish","hentry"],"acf":[],"_links":{"self":[{"href":"https:\/\/dbv-technologies.com\/fr\/wp-json\/wp\/v2\/pages\/322","targetHints":{"allow":["GET"]}}],"collection":[{"href":"https:\/\/dbv-technologies.com\/fr\/wp-json\/wp\/v2\/pages"}],"about":[{"href":"https:\/\/dbv-technologies.com\/fr\/wp-json\/wp\/v2\/types\/page"}],"author":[{"embeddable":true,"href":"https:\/\/dbv-technologies.com\/fr\/wp-json\/wp\/v2\/users\/2"}],"replies":[{"embeddable":true,"href":"https:\/\/dbv-technologies.com\/fr\/wp-json\/wp\/v2\/comments?post=322"}],"version-history":[{"count":0,"href":"https:\/\/dbv-technologies.com\/fr\/wp-json\/wp\/v2\/pages\/322\/revisions"}],"up":[{"embeddable":true,"href":"https:\/\/dbv-technologies.com\/fr\/wp-json\/wp\/v2\/pages\/93"}],"wp:attachment":[{"href":"https:\/\/dbv-technologies.com\/fr\/wp-json\/wp\/v2\/media?parent=322"}],"curies":[{"name":"wp","href":"https:\/\/api.w.org\/{rel}","templated":true}]}}