{"id":1411,"date":"2023-03-06T09:40:27","date_gmt":"2023-03-06T14:40:27","guid":{"rendered":"https:\/\/dbv-technologies.com\/investor-overview\/communique-de-presse\/"},"modified":"2023-08-17T11:39:28","modified_gmt":"2023-08-17T15:39:28","slug":"communiques-de-presse","status":"publish","type":"page","link":"https:\/\/dbv-technologies.com\/fr\/investor-overview\/communiques-de-presse\/","title":{"rendered":"Communiqu\u00e9s de presse"},"content":{"rendered":"\t\t<div data-elementor-type=\"wp-page\" data-elementor-id=\"1411\" class=\"elementor elementor-1411 elementor-1401\" data-elementor-post-type=\"page\">\n\t\t\t\t<div class=\"elementor-element elementor-element-bbe5435 page-hero e-flex e-con-boxed e-con e-parent\" data-id=\"bbe5435\" data-element_type=\"container\" data-e-type=\"container\" data-settings=\"{&quot;background_background&quot;:&quot;classic&quot;}\">\n\t\t\t\t\t<div class=\"e-con-inner\">\n\t\t\t\t<div class=\"elementor-element elementor-element-53475c2 page-title elementor-widget elementor-widget-heading\" data-id=\"53475c2\" data-element_type=\"widget\" data-e-type=\"widget\" data-widget_type=\"heading.default\">\n\t\t\t\t<div class=\"elementor-widget-container\">\n\t\t\t\t\t<h1 class=\"elementor-heading-title elementor-size-default\">Communiqu\u00e9s de presse<\/h1>\t\t\t\t<\/div>\n\t\t\t\t<\/div>\n\t\t\t\t\t<\/div>\n\t\t\t\t<\/div>\n\t\t<div class=\"elementor-element elementor-element-2eb8666 e-flex e-con-boxed e-con e-parent\" data-id=\"2eb8666\" data-element_type=\"container\" data-e-type=\"container\">\n\t\t\t\t\t<div class=\"e-con-inner\">\n\t\t<div class=\"elementor-element elementor-element-8731e3e irOverview e-flex e-con-boxed e-con e-child\" data-id=\"8731e3e\" data-element_type=\"container\" data-e-type=\"container\">\n\t\t\t\t\t<div class=\"e-con-inner\">\n\t\t\t\t<div class=\"elementor-element elementor-element-c56d083 elementor-widget elementor-widget-shortcode\" data-id=\"c56d083\" data-element_type=\"widget\" data-e-type=\"widget\" data-widget_type=\"shortcode.default\">\n\t\t\t\t<div class=\"elementor-widget-container\">\n\t\t\t\t\t\t\t<div class=\"elementor-shortcode\"><form data-sf-form-id='10049' data-is-rtl='0' data-maintain-state='' data-results-url='https:\/\/dbv-technologies.com\/fr\/investor-overview\/communiques-de-presse\/' data-ajax-url='https:\/\/dbv-technologies.com\/fr\/?sfid=10049&amp;sf_action=get_data&amp;sf_data=results' data-ajax-form-url='https:\/\/dbv-technologies.com\/fr\/?sfid=10049&amp;sf_action=get_data&amp;sf_data=form' data-display-result-method='shortcode' data-use-history-api='1' data-template-loaded='0' data-lang-code='fr' data-ajax='1' data-ajax-data-type='json' data-ajax-links-selector='.pagination a' data-ajax-target='#search-filter-results-10049' data-ajax-pagination-type='normal' data-update-ajax-url='1' data-only-results-ajax='1' data-scroll-to-pos='0' data-init-paged='1' data-auto-update='1' action='https:\/\/dbv-technologies.com\/fr\/investor-overview\/communiques-de-presse\/' method='post' class='searchandfilter' id='search-filter-form-10049' autocomplete='off' data-instance-count='1'><ul><li class=\"sf-field-search\" data-sf-field-name=\"search\" data-sf-field-type=\"search\" data-sf-field-input-type=\"\">\t\t<label>\n\t\t\t\t   \t\t\t<span class=\"screen-reader-text\">Rechercher ...<\/span><input placeholder=\"Rechercher ...\" name=\"_sf_search[]\" class=\"sf-input-text\" type=\"text\" value=\"\" title=\"Rechercher ...\"><\/label>\t\t<\/li><li class=\"sf-field-post-meta-year_posted\" data-sf-field-name=\"_sfm_year_posted\" data-sf-field-type=\"post_meta\" data-sf-field-input-type=\"select\" data-sf-meta-type=\"choice\">\t\t<label>\n\t\t\t\t   \t\t\t<span class=\"screen-reader-text\">S\u00e9lectionner l'ann\u00e9e<\/span>\n\t\t\t\t\t\t\t\t<select name=\"_sfm_year_posted[]\" class=\"sf-input-select\" title=\"S\u00e9lectionner l&#039;ann\u00e9e\">\n\t\t\t\t\t\t  \t\t\t<option class=\"sf-level-0 sf-item-0 sf-option-active\" selected=\"selected\" data-sf-depth=\"0\" value=\"\">S\u00e9lectionner l'ann\u00e9e<\/option>\n\t\t\t\t\t\t\t\t\t\t\t<option class=\"sf-level-0 \" data-sf-count=\"-1\" data-sf-depth=\"0\" value=\"2026\">2026<\/option>\n\t\t\t\t\t\t\t\t\t\t\t<option class=\"sf-level-0 \" data-sf-count=\"-1\" data-sf-depth=\"0\" value=\"2025\">2025<\/option>\n\t\t\t\t\t\t\t\t\t\t\t<option class=\"sf-level-0 \" data-sf-count=\"-1\" data-sf-depth=\"0\" value=\"2024\">2024<\/option>\n\t\t\t\t\t\t\t\t\t\t\t<option class=\"sf-level-0 \" data-sf-count=\"-1\" data-sf-depth=\"0\" value=\"2023\">2023<\/option>\n\t\t\t\t\t\t\t\t\t\t\t<option class=\"sf-level-0 \" data-sf-count=\"-1\" data-sf-depth=\"0\" value=\"2022\">2022<\/option>\n\t\t\t\t\t\t\t\t\t\t\t<option class=\"sf-level-0 \" data-sf-count=\"-1\" data-sf-depth=\"0\" value=\"2021\">2021<\/option>\n\t\t\t\t\t\t\t\t\t\t\t<option class=\"sf-level-0 \" data-sf-count=\"-1\" data-sf-depth=\"0\" value=\"2020\">2020<\/option>\n\t\t\t\t\t\t\t\t\t\t\t<option class=\"sf-level-0 \" data-sf-count=\"-1\" data-sf-depth=\"0\" value=\"2019\">2019<\/option>\n\t\t\t\t\t\t\t\t\t\t\t<option class=\"sf-level-0 \" data-sf-count=\"-1\" data-sf-depth=\"0\" value=\"2018\">2018<\/option>\n\t\t\t\t\t\t\t\t\t\t\t<option class=\"sf-level-0 \" data-sf-count=\"-1\" data-sf-depth=\"0\" value=\"2017\">2017<\/option>\n\t\t\t\t\t\t\t\t\t\t\t<option class=\"sf-level-0 \" data-sf-count=\"-1\" data-sf-depth=\"0\" value=\"2016\">2016<\/option>\n\t\t\t\t\t\t\t\t\t\t\t<option class=\"sf-level-0 \" data-sf-count=\"-1\" data-sf-depth=\"0\" value=\"2015\">2015<\/option>\n\t\t\t\t\t\t\t\t\t\t\t<option class=\"sf-level-0 \" data-sf-count=\"-1\" data-sf-depth=\"0\" value=\"2014\">2014<\/option>\n\t\t\t\t\t\t\t\t\t\t\t<option class=\"sf-level-0 \" data-sf-count=\"-1\" data-sf-depth=\"0\" value=\"2013\">2013<\/option>\n\t\t\t\t\t\t\t\t\t\t\t<option class=\"sf-level-0 \" data-sf-count=\"-1\" data-sf-depth=\"0\" value=\"2012\">2012<\/option>\n\t\t\t\t\t\t\t\t\t\t\t<option class=\"sf-level-0 \" data-sf-count=\"-1\" data-sf-depth=\"0\" value=\"2011\">2011<\/option>\n\t\t\t\t\t\t\t\t\t\t\t<option class=\"sf-level-0 \" data-sf-count=\"-1\" data-sf-depth=\"0\" value=\"2010\">2010<\/option>\n\t\t\t\t\t\t\t\t\t\t\t<option class=\"sf-level-0 \" data-sf-count=\"-1\" data-sf-depth=\"0\" value=\"2009\">2009<\/option>\n\t\t\t\t\t\t\t\t\t\t\t<option class=\"sf-level-0 \" data-sf-count=\"-1\" data-sf-depth=\"0\" value=\"2007\">2007<\/option>\n\t\t\t\t\t\t\t\t\t\t\t<option class=\"sf-level-0 \" data-sf-count=\"-1\" data-sf-depth=\"0\" value=\"2006\">2006<\/option>\n\t\t\t\t\t\t\t\t\t\t\t<\/select><\/label>\t\t\t\t\t\t\t\t\t\t<\/li><\/ul><\/form> <div class=\"search-filter-results\" id=\"search-filter-results-10049\">   <div class=\"pagination\">\n\t   \t   <div class=\"num-posts\">\n\t\t \tFound 579 Results<br \/>\n\t   <\/div> \n\t\t<!-- <div class=\"nav-previous\"><a href=\"https:\/\/dbv-technologies.com\/fr\/investor-overview\/communiques-de-presse\/?sf_paged=2\" >Older posts<\/a><\/div>\n\t\t<div class=\"nav-next\"><\/div> -->\n\t\t<br \/><div class='wp-pagenavi' role='navigation'>\n<span class='pages'>Page 1 sur 58<\/span><span aria-current='page' class='current'>1<\/span><a class=\"page larger\" title=\"Page 2\" href=\"https:\/\/dbv-technologies.com\/fr\/investor-overview\/communiques-de-presse\/?sf_paged=2\">2<\/a><a class=\"page larger\" title=\"Page 3\" href=\"https:\/\/dbv-technologies.com\/fr\/investor-overview\/communiques-de-presse\/?sf_paged=3\">3<\/a><a class=\"page larger\" title=\"Page 4\" href=\"https:\/\/dbv-technologies.com\/fr\/investor-overview\/communiques-de-presse\/?sf_paged=4\">4<\/a><a class=\"page larger\" title=\"Page 5\" href=\"https:\/\/dbv-technologies.com\/fr\/investor-overview\/communiques-de-presse\/?sf_paged=5\">5<\/a><span class='extend'>...<\/span><a class=\"larger page\" title=\"Page 10\" href=\"https:\/\/dbv-technologies.com\/fr\/investor-overview\/communiques-de-presse\/?sf_paged=10\">10<\/a><a class=\"larger page\" title=\"Page 20\" href=\"https:\/\/dbv-technologies.com\/fr\/investor-overview\/communiques-de-presse\/?sf_paged=20\">20<\/a><a class=\"larger page\" title=\"Page 30\" href=\"https:\/\/dbv-technologies.com\/fr\/investor-overview\/communiques-de-presse\/?sf_paged=30\">30<\/a><span class='extend'>...<\/span><a class=\"nextpostslink\" rel=\"next\" aria-label=\"Page suivante\" href=\"https:\/\/dbv-technologies.com\/fr\/investor-overview\/communiques-de-presse\/?sf_paged=2\">\u00bb<\/a><a class=\"last\" aria-label=\"Last Page\" href=\"https:\/\/dbv-technologies.com\/fr\/investor-overview\/communiques-de-presse\/?sf_paged=58\">Last \u00bb<\/a>\n<\/div>\t<\/div> <!-- pagination close -->\n\n\t<div class='lsc-sf-container'>\n\t\t\t\t<div class='lsc-sf-item'>\n\t\t\t\t<div class=\"lsc-sf-date\">2 avril, 2026<\/div>\n\t\t\t\t<div class=\"lsc-sf-title\"><a href=\"https:\/\/dbv-technologies.com\/fr\/press_releases\/information-relative-au-nombre-total-des-droits-de-vote-et-dactions-composant-le-capital-social-au-31-mars-2026\/\" target=\"_self\" class=\"lsc-sf-link\">Information relative au nombre total des droits de vote et d\u2019actions composant le capital social au 31 mars 2026<\/a><\/div>\n\t\t\t<\/div>\t\t\t\n\t\t\t\t\t<div class='lsc-sf-item'>\n\t\t\t\t<div class=\"lsc-sf-date\">26 mars, 2026<\/div>\n\t\t\t\t<div class=\"lsc-sf-title\"><a href=\"https:\/\/dbv-technologies.com\/fr\/press_releases\/dbv-technologies-publie-son-form-10-k-americain-et-son-document-denregistrement-universel-2025\/\" target=\"_self\" class=\"lsc-sf-link\">DBV Technologies publie son \u00ab\u00a0Form 10-K\u00a0\u00bb am\u00e9ricain et son Document d\u2019Enregistrement Universel 2025<\/a><\/div>\n\t\t\t<\/div>\t\t\t\n\t\t\t\t\t<div class='lsc-sf-item'>\n\t\t\t\t<div class=\"lsc-sf-date\">26 mars, 2026<\/div>\n\t\t\t\t<div class=\"lsc-sf-title\"><a href=\"https:\/\/dbv-technologies.com\/fr\/press_releases\/dbv-technologies-publie-ses-resultats-financiers-annuels-2025-et-fait-le-point-sur-ses-activites\/\" target=\"_self\" class=\"lsc-sf-link\">DBV Technologies publie ses r\u00e9sultats financiers annuels 2025 et fait le point sur ses activit\u00e9s<\/a><\/div>\n\t\t\t<\/div>\t\t\t\n\t\t\t\t\t<div class='lsc-sf-item'>\n\t\t\t\t<div class=\"lsc-sf-date\">24 mars, 2026<\/div>\n\t\t\t\t<div class=\"lsc-sf-title\"><a href=\"https:\/\/dbv-technologies.com\/fr\/press_releases\/dbv-technologies-integrera-les-indices-cac-mid-60-et-sbf-120-a-lissue-de-la-revision-annuelle-deuronext-paris\/\" target=\"_self\" class=\"lsc-sf-link\">DBV Technologies int\u00e9grera les indices CAC Mid 60 et SBF 120 \u00e0 l&rsquo;issue de la r\u00e9vision annuelle d&rsquo;Euronext Paris<\/a><\/div>\n\t\t\t<\/div>\t\t\t\n\t\t\t\t\t<div class='lsc-sf-item'>\n\t\t\t\t<div class=\"lsc-sf-date\">4 mars, 2026<\/div>\n\t\t\t\t<div class=\"lsc-sf-title\"><a href=\"https:\/\/dbv-technologies.com\/fr\/press_releases\/dbv-technologies-annonce-sa-participation-a-plusieurs-conferences-investisseurs-en-mars\/\" target=\"_self\" class=\"lsc-sf-link\">DBV Technologies annonce sa participation \u00e0 plusieurs conf\u00e9rences investisseurs en mars<\/a><\/div>\n\t\t\t<\/div>\t\t\t\n\t\t\t\t\t<div class='lsc-sf-item'>\n\t\t\t\t<div class=\"lsc-sf-date\">3 mars, 2026<\/div>\n\t\t\t\t<div class=\"lsc-sf-title\"><a href=\"https:\/\/dbv-technologies.com\/fr\/press_releases\/information-relative-au-nombre-total-des-droits-de-vote-et-dactions-composant-le-capital-social-au-28-fevrier-2026\/\" target=\"_self\" class=\"lsc-sf-link\">Information relative au nombre total des droits de vote et\u00a0d\u2019actions composant le capital social au 28 f\u00e9vrier 2026<\/a><\/div>\n\t\t\t<\/div>\t\t\t\n\t\t\t\t\t<div class='lsc-sf-item'>\n\t\t\t\t<div class=\"lsc-sf-date\">28 f\u00e9vrier, 2026<\/div>\n\t\t\t\t<div class=\"lsc-sf-title\"><a href=\"https:\/\/dbv-technologies.com\/fr\/press_releases\/dbv-technologies-presente-des-donnees-positives-supplementaires-de-letude-de-phase-3-vitesse-a-loccasion-du-congres-annuel-aaaai\/\" target=\"_self\" class=\"lsc-sf-link\">DBV Technologies pr\u00e9sente des donn\u00e9es positives suppl\u00e9mentaires de l\u2019\u00e9tude de phase 3 VITESSE \u00e0 l\u2019occasion du congres annuel AAAAI<\/a><\/div>\n\t\t\t<\/div>\t\t\t\n\t\t\t\t\t<div class='lsc-sf-item'>\n\t\t\t\t<div class=\"lsc-sf-date\">10 f\u00e9vrier, 2026<\/div>\n\t\t\t\t<div class=\"lsc-sf-title\"><a href=\"https:\/\/dbv-technologies.com\/fr\/press_releases\/dbv-technologies-presentera-des-donnees-complementaires-issues-de-letude-de-phase-3-vitesse-sur-le-patch-viaskin-peanut-chez-les-enfants-ages-de-4-a-7-ans-et-discutera-de-lavenir-de-lepit\/\" target=\"_self\" class=\"lsc-sf-link\">DBV Technologies pr\u00e9sentera des donn\u00e9es compl\u00e9mentaires issues de l&rsquo;\u00e9tude de phase 3 VITESSE sur le patch VIASKIN<sup>\u00ae<\/sup> Peanut chez les enfants \u00e2g\u00e9s de 4 \u00e0 7 ans et discutera de l&rsquo;avenir de l&rsquo;EPIT lors du congr\u00e8s annuel 2026 de l&rsquo;AAAAI<\/a><\/div>\n\t\t\t<\/div>\t\t\t\n\t\t\t\t\t<div class='lsc-sf-item'>\n\t\t\t\t<div class=\"lsc-sf-date\">9 f\u00e9vrier, 2026<\/div>\n\t\t\t\t<div class=\"lsc-sf-title\"><a href=\"https:\/\/dbv-technologies.com\/fr\/press_releases\/dbv-technologies-participea-la-conference-emerging-outlook-biotech-summit-organisee-par-guggenheim-securities\/\" target=\"_self\" class=\"lsc-sf-link\">DBV Technologies participe\u00e0 la conf\u00e9rence Emerging Outlook: Biotech Summit organis\u00e9e par Guggenheim Securities<\/a><\/div>\n\t\t\t<\/div>\t\t\t\n\t\t\t\t\t<div class='lsc-sf-item'>\n\t\t\t\t<div class=\"lsc-sf-date\">5 f\u00e9vrier, 2026<\/div>\n\t\t\t\t<div class=\"lsc-sf-title\"><a href=\"https:\/\/dbv-technologies.com\/fr\/press_releases\/information-relative-au-nombre-total-des-droits-de-vote-et-dactions-composant-le-capital-social-au-31-janvier-2026\/\" target=\"_self\" class=\"lsc-sf-link\">Information relative au nombre total des droits de vote et\u00a0d\u2019actions composant le capital social au 31 janvier 2026<\/a><\/div>\n\t\t\t<\/div>\t\t\t\n\t\t        <\/div><!-- lsc sf container close -->\n        <div class=\"pagination\">\n\t\t<!--<div class=\"nav-previous\"><a href=\"https:\/\/dbv-technologies.com\/fr\/investor-overview\/communiques-de-presse\/?sf_paged=2\" >Older posts<\/a><\/div>\n\t\t<div class=\"nav-next\"><\/div> -->\n\t\t<br \/><div class='wp-pagenavi' role='navigation'>\n<span class='pages'>Page 1 sur 58<\/span><span aria-current='page' class='current'>1<\/span><a class=\"page larger\" title=\"Page 2\" href=\"https:\/\/dbv-technologies.com\/fr\/investor-overview\/communiques-de-presse\/?sf_paged=2\">2<\/a><a class=\"page larger\" title=\"Page 3\" href=\"https:\/\/dbv-technologies.com\/fr\/investor-overview\/communiques-de-presse\/?sf_paged=3\">3<\/a><a class=\"page larger\" title=\"Page 4\" href=\"https:\/\/dbv-technologies.com\/fr\/investor-overview\/communiques-de-presse\/?sf_paged=4\">4<\/a><a class=\"page larger\" title=\"Page 5\" href=\"https:\/\/dbv-technologies.com\/fr\/investor-overview\/communiques-de-presse\/?sf_paged=5\">5<\/a><span class='extend'>...<\/span><a class=\"larger page\" title=\"Page 10\" href=\"https:\/\/dbv-technologies.com\/fr\/investor-overview\/communiques-de-presse\/?sf_paged=10\">10<\/a><a class=\"larger page\" title=\"Page 20\" href=\"https:\/\/dbv-technologies.com\/fr\/investor-overview\/communiques-de-presse\/?sf_paged=20\">20<\/a><a class=\"larger page\" title=\"Page 30\" href=\"https:\/\/dbv-technologies.com\/fr\/investor-overview\/communiques-de-presse\/?sf_paged=30\">30<\/a><span class='extend'>...<\/span><a class=\"nextpostslink\" rel=\"next\" aria-label=\"Page suivante\" href=\"https:\/\/dbv-technologies.com\/fr\/investor-overview\/communiques-de-presse\/?sf_paged=2\">\u00bb<\/a><a class=\"last\" aria-label=\"Last Page\" href=\"https:\/\/dbv-technologies.com\/fr\/investor-overview\/communiques-de-presse\/?sf_paged=58\">Last \u00bb<\/a>\n<\/div>\t    <\/div><!-- pagination close -->\n        <\/div><\/div>\n\t\t\t\t\t\t<\/div>\n\t\t\t\t<\/div>\n\t\t\t\t\t<\/div>\n\t\t\t\t<\/div>\n\t\t\t\t\t<\/div>\n\t\t\t\t<\/div>\n\t\t<div class=\"elementor-element elementor-element-62466f7 e-con-full e-flex e-con e-parent\" data-id=\"62466f7\" data-element_type=\"container\" data-e-type=\"container\">\n\t\t\t\t<div class=\"elementor-element elementor-element-669316e elementor-widget elementor-widget-shortcode\" data-id=\"669316e\" data-element_type=\"widget\" data-e-type=\"widget\" data-widget_type=\"shortcode.default\">\n\t\t\t\t<div class=\"elementor-widget-container\">\n\t\t\t\t\t\t\t<div class=\"elementor-shortcode\">\t\t\t\t\t<div class=\"astra-advanced-hook-8569 \">\n\t\t\t\t\t\t<div data-elementor-type=\"wp-post\" data-elementor-id=\"8569\" class=\"elementor elementor-8569 elementor-8506 elementor-8506\" data-elementor-post-type=\"astra-advanced-hook\">\n\t\t\t\t<div class=\"elementor-element elementor-element-ad84e2f lsc-ir-footer e-flex e-con-boxed e-con e-parent\" data-id=\"ad84e2f\" data-element_type=\"container\" data-e-type=\"container\">\n\t\t\t\t\t<div class=\"e-con-inner\">\n\t\t<div class=\"elementor-element elementor-element-40f79bf e-con-full e-flex e-con e-child\" data-id=\"40f79bf\" data-element_type=\"container\" data-e-type=\"container\">\n\t\t\t\t<div class=\"elementor-element elementor-element-7a29bd2 elementor-widget elementor-widget-heading\" data-id=\"7a29bd2\" data-element_type=\"widget\" data-e-type=\"widget\" data-widget_type=\"heading.default\">\n\t\t\t\t<div class=\"elementor-widget-container\">\n\t\t\t\t\t<div class=\"elementor-heading-title elementor-size-default\">Contact Relations Investisseurs<\/div>\t\t\t\t<\/div>\n\t\t\t\t<\/div>\n\t\t\t\t<div class=\"elementor-element elementor-element-1d06384 elementor-widget elementor-widget-text-editor\" data-id=\"1d06384\" data-element_type=\"widget\" data-e-type=\"widget\" data-widget_type=\"text-editor.default\">\n\t\t\t\t<div class=\"elementor-widget-container\">\n\t\t\t\t\t\t\t\t\t<div><span style=\"text-align: var(--text-align); background-color: var(--ast-global-color-7); color: var(--ast-global-color-1); font-size: 1rem; font-weight: inherit;\">Jonathan Neely<\/span><\/div><div><a style=\"text-align: var(--text-align); font-size: 1rem; font-weight: inherit;\" href=\"tel:+188483884584\">+1 848-388-4584<\/a><\/div><p><a class=\"ql-link\" href=\"mailto:jonathan.neely@dbv-technologies.com\" target=\"_blank\" rel=\"noopener noreferrer\">jonathan.neely@dbv-technologies.com<\/a><\/p>\t\t\t\t\t\t\t\t<\/div>\n\t\t\t\t<\/div>\n\t\t\t\t<\/div>\n\t\t<div class=\"elementor-element elementor-element-19b0bcf e-con-full e-flex e-con e-child\" data-id=\"19b0bcf\" data-element_type=\"container\" data-e-type=\"container\">\n\t\t\t\t<div class=\"elementor-element elementor-element-bdd3e37 elementor-widget elementor-widget-heading\" data-id=\"bdd3e37\" data-element_type=\"widget\" data-e-type=\"widget\" data-widget_type=\"heading.default\">\n\t\t\t\t<div class=\"elementor-widget-container\">\n\t\t\t\t\t<div class=\"elementor-heading-title elementor-size-default\">Contact M\u00e9dia<\/div>\t\t\t\t<\/div>\n\t\t\t\t<\/div>\n\t\t\t\t<div class=\"elementor-element elementor-element-b3f43a2 elementor-widget elementor-widget-text-editor\" data-id=\"b3f43a2\" data-element_type=\"widget\" data-e-type=\"widget\" data-widget_type=\"text-editor.default\">\n\t\t\t\t<div class=\"elementor-widget-container\">\n\t\t\t\t\t\t\t\t\t<div>Brett Whelan<\/div>\n<div><a href=\"tel:+18483507622\">+1 848-350-7622<\/a><\/div>\n<a href=\"mailto:brett.whelan@dbv-technologies.com\"> brett.whelan@dbv-technologies.com<\/a>\t\t\t\t\t\t\t\t<\/div>\n\t\t\t\t<\/div>\n\t\t\t\t<\/div>\n\t\t<div class=\"elementor-element elementor-element-375b7ca e-con-full e-flex e-con e-child\" data-id=\"375b7ca\" data-element_type=\"container\" data-e-type=\"container\">\n\t\t\t\t<div class=\"elementor-element elementor-element-83036cc elementor-widget elementor-widget-heading\" data-id=\"83036cc\" data-element_type=\"widget\" data-e-type=\"widget\" data-widget_type=\"heading.default\">\n\t\t\t\t<div class=\"elementor-widget-container\">\n\t\t\t\t\t<div class=\"elementor-heading-title elementor-size-default\">Abonnez-vous \u00e0 nos communiqu\u00e9s de presse<\/div>\t\t\t\t<\/div>\n\t\t\t\t<\/div>\n\t\t\t\t<div class=\"elementor-element elementor-element-a917a83 elementor-widget elementor-widget-button\" data-id=\"a917a83\" data-element_type=\"widget\" data-e-type=\"widget\" data-widget_type=\"button.default\">\n\t\t\t\t<div class=\"elementor-widget-container\">\n\t\t\t\t\t\t\t\t\t<div class=\"elementor-button-wrapper\">\n\t\t\t\t\t<a class=\"elementor-button elementor-button-link elementor-size-sm\" href=\"https:\/\/urldefense.proofpoint.com\/v2\/url?u=https-3A__cs.globenewswire.com_NewsArchive_View_xaxAuqIUMV8muu8Ty2HdrQ-3D-3D-3FiFrame-3Dtrue&#038;d=DwIGaQ&#038;c=Ftw_YSVcGmqQBvrGwAZugGylNRkk-uER0-5bY94tjsc&#038;r=_9cSzB2TBf9qt-S-8PrG-mgLrO6gVdpV0WpHoyyVp4U&#038;m=pjl8HpOvZ8cy4Zwgm6TEUlIflf0p7Mie5_ufyxQWWso&#038;s=98JUhMqAJpgaEh3l3-Hu-VGS01DmA43eFQQf5AaEHHo&#038;e=\">\n\t\t\t\t\t\t<span class=\"elementor-button-content-wrapper\">\n\t\t\t\t\t\t\t\t\t<span class=\"elementor-button-text\">S\u2019inscrire<\/span>\n\t\t\t\t\t<\/span>\n\t\t\t\t\t<\/a>\n\t\t\t\t<\/div>\n\t\t\t\t\t\t\t\t<\/div>\n\t\t\t\t<\/div>\n\t\t\t\t<\/div>\n\t\t\t\t\t<\/div>\n\t\t\t\t<\/div>\n\t\t\t\t<\/div>\n\t\t\t\t\t\t\t<\/div>\n\t\t\t\t<\/div>\n\t\t\t\t\t\t<\/div>\n\t\t\t\t<\/div>\n\t\t\t\t<\/div>\n\t\t\t\t<\/div>\n\t\t","protected":false},"excerpt":{"rendered":"","protected":false},"author":2,"featured_media":0,"parent":93,"menu_order":0,"comment_status":"closed","ping_status":"closed","template":"","meta":{"_acf_changed":false,"site-sidebar-layout":"no-sidebar","site-content-layout":"page-builder","ast-site-content-layout":"default","site-content-style":"default","site-sidebar-style":"default","ast-global-header-display":"","ast-banner-title-visibility":"","ast-main-header-display":"","ast-hfb-above-header-display":"","ast-hfb-below-header-display":"","ast-hfb-mobile-header-display":"","site-post-title":"","ast-breadcrumbs-content":"","ast-featured-img":"","footer-sml-layout":"","ast-disable-related-posts":"","theme-transparent-header-meta":"","adv-header-id-meta":"","stick-header-meta":"","header-above-stick-meta":"","header-main-stick-meta":"","header-below-stick-meta":"","astra-migrate-meta-layouts":"default","ast-page-background-enabled":"default","ast-page-background-meta":{"desktop":{"background-color":"var(--ast-global-color-4)","background-image":"","background-repeat":"repeat","background-position":"center center","background-size":"auto","background-attachment":"scroll","background-type":"","background-media":"","overlay-type":"","overlay-color":"","overlay-opacity":"","overlay-gradient":""},"tablet":{"background-color":"","background-image":"","background-repeat":"repeat","background-position":"center center","background-size":"auto","background-attachment":"scroll","background-type":"","background-media":"","overlay-type":"","overlay-color":"","overlay-opacity":"","overlay-gradient":""},"mobile":{"background-color":"","background-image":"","background-repeat":"repeat","background-position":"center center","background-size":"auto","background-attachment":"scroll","background-type":"","background-media":"","overlay-type":"","overlay-color":"","overlay-opacity":"","overlay-gradient":""}},"ast-content-background-meta":{"desktop":{"background-color":"var(--ast-global-color-5)","background-image":"","background-repeat":"repeat","background-position":"center center","background-size":"auto","background-attachment":"scroll","background-type":"","background-media":"","overlay-type":"","overlay-color":"","overlay-opacity":"","overlay-gradient":""},"tablet":{"background-color":"var(--ast-global-color-5)","background-image":"","background-repeat":"repeat","background-position":"center center","background-size":"auto","background-attachment":"scroll","background-type":"","background-media":"","overlay-type":"","overlay-color":"","overlay-opacity":"","overlay-gradient":""},"mobile":{"background-color":"var(--ast-global-color-5)","background-image":"","background-repeat":"repeat","background-position":"center center","background-size":"auto","background-attachment":"scroll","background-type":"","background-media":"","overlay-type":"","overlay-color":"","overlay-opacity":"","overlay-gradient":""}},"footnotes":""},"class_list":["post-1411","page","type-page","status-publish","hentry"],"acf":[],"_links":{"self":[{"href":"https:\/\/dbv-technologies.com\/fr\/wp-json\/wp\/v2\/pages\/1411","targetHints":{"allow":["GET"]}}],"collection":[{"href":"https:\/\/dbv-technologies.com\/fr\/wp-json\/wp\/v2\/pages"}],"about":[{"href":"https:\/\/dbv-technologies.com\/fr\/wp-json\/wp\/v2\/types\/page"}],"author":[{"embeddable":true,"href":"https:\/\/dbv-technologies.com\/fr\/wp-json\/wp\/v2\/users\/2"}],"replies":[{"embeddable":true,"href":"https:\/\/dbv-technologies.com\/fr\/wp-json\/wp\/v2\/comments?post=1411"}],"version-history":[{"count":0,"href":"https:\/\/dbv-technologies.com\/fr\/wp-json\/wp\/v2\/pages\/1411\/revisions"}],"up":[{"embeddable":true,"href":"https:\/\/dbv-technologies.com\/fr\/wp-json\/wp\/v2\/pages\/93"}],"wp:attachment":[{"href":"https:\/\/dbv-technologies.com\/fr\/wp-json\/wp\/v2\/media?parent=1411"}],"curies":[{"name":"wp","href":"https:\/\/api.w.org\/{rel}","templated":true}]}}