{"id":10044,"date":"2023-03-22T10:50:48","date_gmt":"2023-03-22T14:50:48","guid":{"rendered":"https:\/\/dbv-technologies.com\/politique-de-gestion-des-cookies\/"},"modified":"2023-03-22T10:59:58","modified_gmt":"2023-03-22T14:59:58","slug":"politique-de-gestion-des-cookies","status":"publish","type":"page","link":"https:\/\/dbv-technologies.com\/fr\/politique-de-gestion-des-cookies\/","title":{"rendered":"Politique de Gestion des Cookies"},"content":{"rendered":"\t\t<div data-elementor-type=\"wp-page\" data-elementor-id=\"10044\" class=\"elementor elementor-10044 elementor-10039\" data-elementor-post-type=\"page\">\n\t\t\t\t<div class=\"elementor-element elementor-element-3c36395 page-hero e-flex e-con-boxed e-con e-parent\" data-id=\"3c36395\" data-element_type=\"container\" data-e-type=\"container\" data-settings=\"{&quot;background_background&quot;:&quot;classic&quot;}\">\n\t\t\t\t\t<div class=\"e-con-inner\">\n\t\t\t\t<div class=\"elementor-element elementor-element-7842c2e page-title elementor-widget elementor-widget-heading\" data-id=\"7842c2e\" data-element_type=\"widget\" data-e-type=\"widget\" data-widget_type=\"heading.default\">\n\t\t\t\t<div class=\"elementor-widget-container\">\n\t\t\t\t\t<h1 class=\"elementor-heading-title elementor-size-default\">Politique de Gestion des Cookies<\/h1>\t\t\t\t<\/div>\n\t\t\t\t<\/div>\n\t\t\t\t<div class=\"elementor-element elementor-element-1aae40b elementor-widget elementor-widget-heading\" data-id=\"1aae40b\" data-element_type=\"widget\" data-e-type=\"widget\" data-widget_type=\"heading.default\">\n\t\t\t\t<div class=\"elementor-widget-container\">\n\t\t\t\t\t<h2 class=\"elementor-heading-title elementor-size-default\">Derni\u00e8re mise \u00e0 jour : novembre 2021<\/h2>\t\t\t\t<\/div>\n\t\t\t\t<\/div>\n\t\t\t\t\t<\/div>\n\t\t\t\t<\/div>\n\t\t<div class=\"elementor-element elementor-element-27ba311 e-flex e-con-boxed e-con e-parent\" data-id=\"27ba311\" data-element_type=\"container\" data-e-type=\"container\">\n\t\t\t\t\t<div class=\"e-con-inner\">\n\t\t\t\t<div class=\"elementor-element elementor-element-b957368 elementor-widget elementor-widget-text-editor\" data-id=\"b957368\" data-element_type=\"widget\" data-e-type=\"widget\" data-widget_type=\"text-editor.default\">\n\t\t\t\t<div class=\"elementor-widget-container\">\n\t\t\t\t\t\t\t\t\t<p>La soci\u00e9t\u00e9 DBV Technologies (ci-apr\u00e8s \u00ab <b>DBV Technologies<\/b> \u00bb) estime qu\u2019il est important de vous informer de mani\u00e8re claire et transparente sur l\u2019utilisation des cookies et autres traceurs pr\u00e9sents sur son site internet <a href=\"https:\/\/www.dbv-technologies.com\/\">www.dbv-technologies.com<\/a> (ci-apr\u00e8s le \u00ab <b>Site<\/b> \u00bb) pr\u00e9alablement \u00e0 votre navigation sur celui-ci. <\/p>\n<h3><b>1. QU\u2019EST-CE QU\u2019UN COOKIE ?<\/b><\/h3>\n<p>Les cookies et autres traceurs (ci-apr\u00e8s \u00ab <b>Cookies<\/b> \u00bb) sont des technologies qui stockent ou r\u00e9cup\u00e8rent des informations relatives \u00e0 votre navigateur ou votre terminal (ordinateur, t\u00e9l\u00e9phone mobile, tablette, etc.). Les Cookies sont g\u00e9n\u00e9ralement utilis\u00e9s par les sites internet, applications mobiles, logiciels ou emails.  <\/p>\n<p>Les Cookies ne permettent pas de vous identifier nominativement, mais seulement d\u2019identifier le terminal utilis\u00e9. Ainsi, les Cookies collectent uniquement des informations li\u00e9es \u00e0 votre navigation afin de reconna\u00eetre votre terminal lors d\u2019une navigation ult\u00e9rieure, sauvegarder vos pr\u00e9f\u00e9rences ou encore adapter les services propos\u00e9s sur le Site. <\/p>\n<p>Vous pouvez, \u00e0 tout moment, refuser l\u2019utilisation des Cookies pr\u00e9sents sur le Site : <\/p>\n<ul>\n<li aria-level=\"1\">soit via le bandeau cookies apparaissant lors de votre premi\u00e8re visite sur le Site ;<\/li>\n<li aria-level=\"1\">soit via l\u2019outil mis \u00e0 votre disposition ci-dessous (<i>voir<\/i> article 2) ; <\/li>\n<li aria-level=\"1\">soit en param\u00e9trant votre navigateur en suivant les instructions indiqu\u00e9es ci-dessous (<i>voir<\/i> article 4). <\/li>\n<\/ul>\n<p>Au besoin, <b>vous pouvez poser toutes<\/b> <b>vos questions directement \u00e0 DBV Technologies<\/b> en envoyant un email \u00e0 l\u2019adresse suivante : <a href=\"mailto:dataprivacy@dbv-technologies.com\">dataprivacy@dbv-technologies.com<\/a>.<\/p>\n<h3><b>2. QUELS SONT LES COOKIES UTILIS\u00c9S SUR LE SITE ET COMMENT LES PARAM\u00c9TRER ? <\/b><\/h3>\n<p>En utilisant l\u2019outil ci-dessous, vous pouvez acc\u00e9der \u00e0 la liste de tous les Cookies pr\u00e9sents sur le Site et accepter ou refuser leur utilisation par cat\u00e9gorie ou individuellement, sauf pour les Cookies techniques qui ne n\u00e9cessitent pas votre consentement. Cette liste est r\u00e9guli\u00e8rement mise \u00e0 jour. <\/p>\n<h3><b>3. QUELLES SONT LES SOCI\u00c9T\u00c9S TIERCES QUI D\u00c9POSENT DES COOKIES SUR LE SITE ? <\/b><\/h3>\n<p>Comme indiqu\u00e9 ci-dessus, le Site utilise les Cookies de soci\u00e9t\u00e9s tierces.<\/p>\n<p>Dans ce cadre, DBV Technologies agit en qualit\u00e9 de coresponsable de traitement pour la collecte et la transmission des donn\u00e9es \u00e0 ces soci\u00e9t\u00e9s tierces, mais uniquement dans la mesure o\u00f9 cela est techniquement n\u00e9cessaire. Au-del\u00e0 de la collecte et de la transmission technique, DBV Technologies n\u2019a aucun contr\u00f4le sur les Cookies tiers de ces soci\u00e9t\u00e9s. En particulier, DBV Technologies n\u2019est en aucun cas responsable du partage, des publications, des commentaires ou de toute autre activit\u00e9 de traitement effectu\u00e9e par ces soci\u00e9t\u00e9s tierces.   <\/p>\n<p>Par cons\u00e9quent, avant d\u2019accepter le d\u00e9p\u00f4t de ces Cookies, DBV Technologies vous recommande de consulter les politiques de protection des donn\u00e9es personnelles et les conditions g\u00e9n\u00e9rales de ces soci\u00e9t\u00e9s tierces accessibles sur leurs sites internet respectifs. <\/p>\n<h3><b>4. COMMENT CONFIGURER VOTRE NAVIGATEUR POUR REFUSER LE D\u00c9P\u00d4T DES COOKIES?<\/b><\/h3>\n<p>La plupart des navigateurs acceptent le d\u00e9p\u00f4t des Cookies par d\u00e9faut. Toutefois, vous pouvez configurer votre navigateur de mani\u00e8re \u00e0 ce que les Cookies ne puissent pas \u00eatre d\u00e9pos\u00e9s sur votre terminal.  <\/p>\n<p>Vous pouvez \u00e9galement configurer votre navigateur pour \u00eatre notifi\u00e9 \u00e0 chaque demande de placement de Cookies, refuser tous les Cookies ou n\u2019autoriser le placement que de certaines cat\u00e9gories de Cookies. Si vous refusez les Cookies, vous pouvez toujours utiliser le Site, au risque cependant de ne plus \u00eatre en mesure de b\u00e9n\u00e9ficier de toutes les fonctionnalit\u00e9s du Site. <\/p>\n<p>Selon le navigateur que vous utilisez, vous devez suivre les instructions disponibles sur les sites list\u00e9s ci-dessous :<\/p>\n<ul>\n<li aria-level=\"1\"><a href=\"https:\/\/support.apple.com\/en-gb\/guide\/safari\/sfri11471\/mac\" target=\"_blank\" rel=\"noopener\">Navigateur Safari<\/a><\/li>\n<li aria-level=\"1\"><a href=\"https:\/\/support.google.com\/accounts\/answer\/61416?co=GENIE.Platform%3DDesktop&amp;hl=en\" target=\"_blank\" rel=\"noopener\">Navigateur Google Chrome<\/a><\/li>\n<li aria-level=\"1\"><a href=\"https:\/\/support.microsoft.com\/en-us\/help\/4027947\/microsoft-edge-delete-cookies\" target=\"_blank\" rel=\"noopener\">Navigateur Microsoft Edge<\/a><\/li>\n<li aria-level=\"1\"><a href=\"https:\/\/support.microsoft.com\/en-us\/help\/17442\/windows-internet-explorer-delete-manage-cookies\" target=\"_blank\" rel=\"noopener\">Navigateur Internet Explorer<\/a><\/li>\n<li aria-level=\"1\"><a href=\"https:\/\/support.mozilla.org\/kb\/enable-and-disable-cookies-website-preferences\" target=\"_blank\" rel=\"noopener\">Navigateur Firefox<\/a><\/li>\n<\/ul>\n\t\t\t\t\t\t\t\t<\/div>\n\t\t\t\t<\/div>\n\t\t\t\t\t<\/div>\n\t\t\t\t<\/div>\n\t\t\t\t<\/div>\n\t\t","protected":false},"excerpt":{"rendered":"<p>Derni\u00e8re mise \u00e0 jour : novembre 2021 La soci\u00e9t\u00e9 DBV Technologies (ci-apr\u00e8s \u00ab DBV Technologies \u00bb) estime qu\u2019il est important de vous informer de mani\u00e8re claire et transparente sur l\u2019utilisation des cookies et autres traceurs pr\u00e9sents sur son site internet www.dbv-technologies.com (ci-apr\u00e8s le \u00ab Site \u00bb) pr\u00e9alablement \u00e0 votre navigation sur celui-ci. 1. QU\u2019EST-CE QU\u2019UN [&hellip;]<\/p>\n","protected":false},"author":1,"featured_media":0,"parent":0,"menu_order":0,"comment_status":"closed","ping_status":"closed","template":"","meta":{"_acf_changed":false,"site-sidebar-layout":"no-sidebar","site-content-layout":"page-builder","ast-site-content-layout":"default","site-content-style":"default","site-sidebar-style":"default","ast-global-header-display":"","ast-banner-title-visibility":"","ast-main-header-display":"","ast-hfb-above-header-display":"","ast-hfb-below-header-display":"","ast-hfb-mobile-header-display":"","site-post-title":"disabled","ast-breadcrumbs-content":"","ast-featured-img":"disabled","footer-sml-layout":"","ast-disable-related-posts":"","theme-transparent-header-meta":"","adv-header-id-meta":"","stick-header-meta":"","header-above-stick-meta":"","header-main-stick-meta":"","header-below-stick-meta":"","astra-migrate-meta-layouts":"default","ast-page-background-enabled":"default","ast-page-background-meta":{"desktop":{"background-color":"var(--ast-global-color-4)","background-image":"","background-repeat":"repeat","background-position":"center center","background-size":"auto","background-attachment":"scroll","background-type":"","background-media":"","overlay-type":"","overlay-color":"","overlay-opacity":"","overlay-gradient":""},"tablet":{"background-color":"","background-image":"","background-repeat":"repeat","background-position":"center center","background-size":"auto","background-attachment":"scroll","background-type":"","background-media":"","overlay-type":"","overlay-color":"","overlay-opacity":"","overlay-gradient":""},"mobile":{"background-color":"","background-image":"","background-repeat":"repeat","background-position":"center center","background-size":"auto","background-attachment":"scroll","background-type":"","background-media":"","overlay-type":"","overlay-color":"","overlay-opacity":"","overlay-gradient":""}},"ast-content-background-meta":{"desktop":{"background-color":"var(--ast-global-color-5)","background-image":"","background-repeat":"repeat","background-position":"center center","background-size":"auto","background-attachment":"scroll","background-type":"","background-media":"","overlay-type":"","overlay-color":"","overlay-opacity":"","overlay-gradient":""},"tablet":{"background-color":"var(--ast-global-color-5)","background-image":"","background-repeat":"repeat","background-position":"center center","background-size":"auto","background-attachment":"scroll","background-type":"","background-media":"","overlay-type":"","overlay-color":"","overlay-opacity":"","overlay-gradient":""},"mobile":{"background-color":"var(--ast-global-color-5)","background-image":"","background-repeat":"repeat","background-position":"center center","background-size":"auto","background-attachment":"scroll","background-type":"","background-media":"","overlay-type":"","overlay-color":"","overlay-opacity":"","overlay-gradient":""}},"footnotes":""},"class_list":["post-10044","page","type-page","status-publish","hentry"],"acf":[],"_links":{"self":[{"href":"https:\/\/dbv-technologies.com\/fr\/wp-json\/wp\/v2\/pages\/10044","targetHints":{"allow":["GET"]}}],"collection":[{"href":"https:\/\/dbv-technologies.com\/fr\/wp-json\/wp\/v2\/pages"}],"about":[{"href":"https:\/\/dbv-technologies.com\/fr\/wp-json\/wp\/v2\/types\/page"}],"author":[{"embeddable":true,"href":"https:\/\/dbv-technologies.com\/fr\/wp-json\/wp\/v2\/users\/1"}],"replies":[{"embeddable":true,"href":"https:\/\/dbv-technologies.com\/fr\/wp-json\/wp\/v2\/comments?post=10044"}],"version-history":[{"count":0,"href":"https:\/\/dbv-technologies.com\/fr\/wp-json\/wp\/v2\/pages\/10044\/revisions"}],"wp:attachment":[{"href":"https:\/\/dbv-technologies.com\/fr\/wp-json\/wp\/v2\/media?parent=10044"}],"curies":[{"name":"wp","href":"https:\/\/api.w.org\/{rel}","templated":true}]}}